{"id":1378,"date":"2022-10-04T15:42:24","date_gmt":"2022-10-04T13:42:24","guid":{"rendered":"https:\/\/iberfence.com\/?post_type=product&#038;p=1378"},"modified":"2023-04-19T08:47:52","modified_gmt":"2023-04-19T06:47:52","slug":"tapa-comp-balancines","status":"publish","type":"product","link":"https:\/\/iberfence.com\/es\/producto\/tapa-comp-balancines\/","title":{"rendered":"TAPA COMP., BALANCINES"},"content":{"rendered":"<p>Logra la diferencia utilizando piezas de recambio ORIGINALES.<\/p>\n","protected":false},"excerpt":{"rendered":"<p>S\u00f3lo el recambio original cumple con los requisitos de calidad m\u00e1s estrictos que garantizan el m\u00e1ximo confort, seguridad y garant\u00eda para los usuarios de nuestros productos.<\/p>\n","protected":false},"featured_media":1269,"template":"","meta":{"_joinchat":[]},"product_brand":[],"product_cat":[54,32],"product_tag":[255,254,253],"class_list":{"0":"post-1378","1":"product","2":"type-product","3":"status-publish","4":"has-post-thumbnail","6":"product_cat-honda-gx-35","7":"product_cat-categoria-recambios","8":"product_tag-12310z0z010","9":"product_tag-balancines","10":"product_tag-tapa-comp","12":"first","13":"instock","14":"taxable","15":"shipping-taxable","16":"purchasable","17":"product-type-simple"},"_links":{"self":[{"href":"https:\/\/iberfence.com\/es\/wp-json\/wp\/v2\/product\/1378","targetHints":{"allow":["GET"]}}],"collection":[{"href":"https:\/\/iberfence.com\/es\/wp-json\/wp\/v2\/product"}],"about":[{"href":"https:\/\/iberfence.com\/es\/wp-json\/wp\/v2\/types\/product"}],"version-history":[{"count":0,"href":"https:\/\/iberfence.com\/es\/wp-json\/wp\/v2\/product\/1378\/revisions"}],"wp:featuredmedia":[{"embeddable":true,"href":"https:\/\/iberfence.com\/es\/wp-json\/wp\/v2\/media\/1269"}],"wp:attachment":[{"href":"https:\/\/iberfence.com\/es\/wp-json\/wp\/v2\/media?parent=1378"}],"wp:term":[{"taxonomy":"product_brand","embeddable":true,"href":"https:\/\/iberfence.com\/es\/wp-json\/wp\/v2\/product_brand?post=1378"},{"taxonomy":"product_cat","embeddable":true,"href":"https:\/\/iberfence.com\/es\/wp-json\/wp\/v2\/product_cat?post=1378"},{"taxonomy":"product_tag","embeddable":true,"href":"https:\/\/iberfence.com\/es\/wp-json\/wp\/v2\/product_tag?post=1378"}],"curies":[{"name":"wp","href":"https:\/\/api.w.org\/{rel}","templated":true}]}}