{"id":1374,"date":"2022-10-04T15:42:23","date_gmt":"2022-10-04T13:42:23","guid":{"rendered":"https:\/\/iberfence.com\/?post_type=product&#038;p=1374"},"modified":"2023-04-28T13:48:01","modified_gmt":"2023-04-28T11:48:01","slug":"etiqueta-advertencia-not-certified-for","status":"publish","type":"product","link":"https:\/\/iberfence.com\/es\/producto\/etiqueta-advertencia-not-certified-for\/","title":{"rendered":"ETIQUETA, ADVERTENCIA (NOT CERTIFIED FOR"},"content":{"rendered":"<p>Solo el recambio ORIGINAL marca la diferencia.<\/p>\n","protected":false},"excerpt":{"rendered":"<p>Solo utilizando repuestos aut\u00e9nticos que cumplan con los est\u00e1ndares de calidad m\u00e1s rigurosos podemos asegurarnos de que nuestros productos cumplan con los m\u00e1s altos niveles de calidad, seguridad y garant\u00eda.<\/p>\n","protected":false},"featured_media":1269,"template":"","meta":{"_joinchat":[]},"product_brand":[],"product_cat":[54,32],"product_tag":[245,244,243],"class_list":{"0":"post-1374","1":"product","2":"type-product","3":"status-publish","4":"has-post-thumbnail","6":"product_cat-honda-gx-35","7":"product_cat-categoria-recambios","8":"product_tag-87114zh7840","9":"product_tag-advertencia-not-certified-for","10":"product_tag-etiqueta","12":"first","13":"instock","14":"taxable","15":"shipping-taxable","16":"purchasable","17":"product-type-simple"},"_links":{"self":[{"href":"https:\/\/iberfence.com\/es\/wp-json\/wp\/v2\/product\/1374","targetHints":{"allow":["GET"]}}],"collection":[{"href":"https:\/\/iberfence.com\/es\/wp-json\/wp\/v2\/product"}],"about":[{"href":"https:\/\/iberfence.com\/es\/wp-json\/wp\/v2\/types\/product"}],"version-history":[{"count":0,"href":"https:\/\/iberfence.com\/es\/wp-json\/wp\/v2\/product\/1374\/revisions"}],"wp:featuredmedia":[{"embeddable":true,"href":"https:\/\/iberfence.com\/es\/wp-json\/wp\/v2\/media\/1269"}],"wp:attachment":[{"href":"https:\/\/iberfence.com\/es\/wp-json\/wp\/v2\/media?parent=1374"}],"wp:term":[{"taxonomy":"product_brand","embeddable":true,"href":"https:\/\/iberfence.com\/es\/wp-json\/wp\/v2\/product_brand?post=1374"},{"taxonomy":"product_cat","embeddable":true,"href":"https:\/\/iberfence.com\/es\/wp-json\/wp\/v2\/product_cat?post=1374"},{"taxonomy":"product_tag","embeddable":true,"href":"https:\/\/iberfence.com\/es\/wp-json\/wp\/v2\/product_tag?post=1374"}],"curies":[{"name":"wp","href":"https:\/\/api.w.org\/{rel}","templated":true}]}}