{"id":1362,"date":"2022-10-04T15:42:15","date_gmt":"2022-10-04T13:42:15","guid":{"rendered":"https:\/\/iberfence.com\/?post_type=product&#038;p=1362"},"modified":"2023-05-17T10:00:42","modified_gmt":"2023-05-17T08:00:42","slug":"tubo-aceite","status":"publish","type":"product","link":"https:\/\/iberfence.com\/es\/producto\/tubo-aceite\/","title":{"rendered":"TUBO ACEITE"},"content":{"rendered":"<p>Las piezas de recambio AUT\u00c9NTICAS te har\u00e1n distinguirte.<\/p>\n","protected":false},"excerpt":{"rendered":"<p>Solamente la pieza de repuesto aut\u00e9ntica cumple con los m\u00e1s altos est\u00e1ndares de calidad, brindando el m\u00e1ximo confort, seguridad y garant\u00eda a nuestros clientes.<\/p>\n","protected":false},"featured_media":1269,"template":"","meta":{"_joinchat":[]},"product_brand":[],"product_cat":[54,32],"product_tag":[222,221],"class_list":{"0":"post-1362","1":"product","2":"type-product","3":"status-publish","4":"has-post-thumbnail","6":"product_cat-honda-gx-35","7":"product_cat-categoria-recambios","8":"product_tag-15422z0z000","9":"product_tag-tubo-aceite","11":"first","12":"instock","13":"taxable","14":"shipping-taxable","15":"purchasable","16":"product-type-simple"},"_links":{"self":[{"href":"https:\/\/iberfence.com\/es\/wp-json\/wp\/v2\/product\/1362","targetHints":{"allow":["GET"]}}],"collection":[{"href":"https:\/\/iberfence.com\/es\/wp-json\/wp\/v2\/product"}],"about":[{"href":"https:\/\/iberfence.com\/es\/wp-json\/wp\/v2\/types\/product"}],"version-history":[{"count":0,"href":"https:\/\/iberfence.com\/es\/wp-json\/wp\/v2\/product\/1362\/revisions"}],"wp:featuredmedia":[{"embeddable":true,"href":"https:\/\/iberfence.com\/es\/wp-json\/wp\/v2\/media\/1269"}],"wp:attachment":[{"href":"https:\/\/iberfence.com\/es\/wp-json\/wp\/v2\/media?parent=1362"}],"wp:term":[{"taxonomy":"product_brand","embeddable":true,"href":"https:\/\/iberfence.com\/es\/wp-json\/wp\/v2\/product_brand?post=1362"},{"taxonomy":"product_cat","embeddable":true,"href":"https:\/\/iberfence.com\/es\/wp-json\/wp\/v2\/product_cat?post=1362"},{"taxonomy":"product_tag","embeddable":true,"href":"https:\/\/iberfence.com\/es\/wp-json\/wp\/v2\/product_tag?post=1362"}],"curies":[{"name":"wp","href":"https:\/\/api.w.org\/{rel}","templated":true}]}}