{"id":1335,"date":"2022-10-04T15:42:12","date_gmt":"2022-10-04T13:42:12","guid":{"rendered":"https:\/\/iberfence.com\/?post_type=product&#038;p=1335"},"modified":"2023-05-17T09:34:06","modified_gmt":"2023-05-17T07:34:06","slug":"reten","status":"publish","type":"product","link":"https:\/\/iberfence.com\/es\/producto\/reten\/","title":{"rendered":"RETEN 12209Z3E003"},"content":{"rendered":"<p>Si est\u00e1s buscando la diferenciaci\u00f3n, comienza a usar las piezas de recambio ORIGINALES.<\/p>\n","protected":false},"excerpt":{"rendered":"<p>Exclusivamente el repuesto original cumple con los m\u00e1s altos est\u00e1ndares de calidad, garantizando el m\u00e1ximo confort y seguridad.<\/p>\n","protected":false},"featured_media":1269,"template":"","meta":{"_joinchat":[]},"product_brand":[],"product_cat":[54,32],"product_tag":[173,172],"class_list":{"0":"post-1335","1":"product","2":"type-product","3":"status-publish","4":"has-post-thumbnail","6":"product_cat-honda-gx-35","7":"product_cat-categoria-recambios","8":"product_tag-12209z3e003","9":"product_tag-reten","11":"first","12":"instock","13":"taxable","14":"shipping-taxable","15":"purchasable","16":"product-type-simple"},"_links":{"self":[{"href":"https:\/\/iberfence.com\/es\/wp-json\/wp\/v2\/product\/1335","targetHints":{"allow":["GET"]}}],"collection":[{"href":"https:\/\/iberfence.com\/es\/wp-json\/wp\/v2\/product"}],"about":[{"href":"https:\/\/iberfence.com\/es\/wp-json\/wp\/v2\/types\/product"}],"version-history":[{"count":0,"href":"https:\/\/iberfence.com\/es\/wp-json\/wp\/v2\/product\/1335\/revisions"}],"wp:featuredmedia":[{"embeddable":true,"href":"https:\/\/iberfence.com\/es\/wp-json\/wp\/v2\/media\/1269"}],"wp:attachment":[{"href":"https:\/\/iberfence.com\/es\/wp-json\/wp\/v2\/media?parent=1335"}],"wp:term":[{"taxonomy":"product_brand","embeddable":true,"href":"https:\/\/iberfence.com\/es\/wp-json\/wp\/v2\/product_brand?post=1335"},{"taxonomy":"product_cat","embeddable":true,"href":"https:\/\/iberfence.com\/es\/wp-json\/wp\/v2\/product_cat?post=1335"},{"taxonomy":"product_tag","embeddable":true,"href":"https:\/\/iberfence.com\/es\/wp-json\/wp\/v2\/product_tag?post=1335"}],"curies":[{"name":"wp","href":"https:\/\/api.w.org\/{rel}","templated":true}]}}