{"id":1320,"date":"2022-10-04T15:42:04","date_gmt":"2022-10-04T13:42:04","guid":{"rendered":"https:\/\/iberfence.com\/?post_type=product&#038;p=1320"},"modified":"2023-05-17T10:18:21","modified_gmt":"2023-05-17T08:18:21","slug":"junta-tapon-aceite","status":"publish","type":"product","link":"https:\/\/iberfence.com\/es\/producto\/junta-tapon-aceite\/","title":{"rendered":"JUNTA TAPON ACEITE"},"content":{"rendered":"<p>La soluci\u00f3n para marcar la diferencia: el recambio AUT\u00c9NTICO.<\/p>\n","protected":false},"excerpt":{"rendered":"<p>Con nuestros repuestos originales, te brindamos el m\u00e1ximo confort, seguridad y garant\u00eda, ya que todos cumplen con los requisitos de calidad m\u00e1s estrictos.<\/p>\n","protected":false},"featured_media":1269,"template":"","meta":{"_joinchat":[]},"product_brand":[],"product_cat":[54,32],"product_tag":[143,142],"class_list":{"0":"post-1320","1":"product","2":"type-product","3":"status-publish","4":"has-post-thumbnail","6":"product_cat-honda-gx-35","7":"product_cat-categoria-recambios","8":"product_tag-15625z0t800","9":"product_tag-junta-tapon-aceite","11":"first","12":"instock","13":"taxable","14":"shipping-taxable","15":"purchasable","16":"product-type-simple"},"_links":{"self":[{"href":"https:\/\/iberfence.com\/es\/wp-json\/wp\/v2\/product\/1320","targetHints":{"allow":["GET"]}}],"collection":[{"href":"https:\/\/iberfence.com\/es\/wp-json\/wp\/v2\/product"}],"about":[{"href":"https:\/\/iberfence.com\/es\/wp-json\/wp\/v2\/types\/product"}],"version-history":[{"count":0,"href":"https:\/\/iberfence.com\/es\/wp-json\/wp\/v2\/product\/1320\/revisions"}],"wp:featuredmedia":[{"embeddable":true,"href":"https:\/\/iberfence.com\/es\/wp-json\/wp\/v2\/media\/1269"}],"wp:attachment":[{"href":"https:\/\/iberfence.com\/es\/wp-json\/wp\/v2\/media?parent=1320"}],"wp:term":[{"taxonomy":"product_brand","embeddable":true,"href":"https:\/\/iberfence.com\/es\/wp-json\/wp\/v2\/product_brand?post=1320"},{"taxonomy":"product_cat","embeddable":true,"href":"https:\/\/iberfence.com\/es\/wp-json\/wp\/v2\/product_cat?post=1320"},{"taxonomy":"product_tag","embeddable":true,"href":"https:\/\/iberfence.com\/es\/wp-json\/wp\/v2\/product_tag?post=1320"}],"curies":[{"name":"wp","href":"https:\/\/api.w.org\/{rel}","templated":true}]}}