{"id":1305,"date":"2022-10-04T15:42:02","date_gmt":"2022-10-04T13:42:02","guid":{"rendered":"https:\/\/iberfence.com\/?post_type=product&#038;p=1305"},"modified":"2023-04-28T13:47:31","modified_gmt":"2023-04-28T11:47:31","slug":"emblema","status":"publish","type":"product","link":"https:\/\/iberfence.com\/es\/producto\/emblema\/","title":{"rendered":"EMBLEMA"},"content":{"rendered":"<p>Notar\u00e1s la diferencia con el recambio ORIGINAL.<\/p>\n","protected":false},"excerpt":{"rendered":"<p>Garantizar que nuestros productos cumplan con los m\u00e1s altos niveles de calidad, seguridad y garant\u00eda solo es posible a trav\u00e9s del uso de repuestos aut\u00e9nticos que cumplan con los est\u00e1ndares de calidad m\u00e1s rigurosos.<\/p>\n","protected":false},"featured_media":1269,"template":"","meta":{"_joinchat":[]},"product_brand":[],"product_cat":[54,32],"product_tag":[114,113],"class_list":{"0":"post-1305","1":"product","2":"type-product","3":"status-publish","4":"has-post-thumbnail","6":"product_cat-honda-gx-35","7":"product_cat-categoria-recambios","8":"product_tag-87521z3f900","9":"product_tag-emblema","11":"first","12":"instock","13":"taxable","14":"shipping-taxable","15":"purchasable","16":"product-type-simple"},"_links":{"self":[{"href":"https:\/\/iberfence.com\/es\/wp-json\/wp\/v2\/product\/1305","targetHints":{"allow":["GET"]}}],"collection":[{"href":"https:\/\/iberfence.com\/es\/wp-json\/wp\/v2\/product"}],"about":[{"href":"https:\/\/iberfence.com\/es\/wp-json\/wp\/v2\/types\/product"}],"version-history":[{"count":0,"href":"https:\/\/iberfence.com\/es\/wp-json\/wp\/v2\/product\/1305\/revisions"}],"wp:featuredmedia":[{"embeddable":true,"href":"https:\/\/iberfence.com\/es\/wp-json\/wp\/v2\/media\/1269"}],"wp:attachment":[{"href":"https:\/\/iberfence.com\/es\/wp-json\/wp\/v2\/media?parent=1305"}],"wp:term":[{"taxonomy":"product_brand","embeddable":true,"href":"https:\/\/iberfence.com\/es\/wp-json\/wp\/v2\/product_brand?post=1305"},{"taxonomy":"product_cat","embeddable":true,"href":"https:\/\/iberfence.com\/es\/wp-json\/wp\/v2\/product_cat?post=1305"},{"taxonomy":"product_tag","embeddable":true,"href":"https:\/\/iberfence.com\/es\/wp-json\/wp\/v2\/product_tag?post=1305"}],"curies":[{"name":"wp","href":"https:\/\/api.w.org\/{rel}","templated":true}]}}