{"id":1304,"date":"2022-10-04T15:41:55","date_gmt":"2022-10-04T13:41:55","guid":{"rendered":"https:\/\/iberfence.com\/?post_type=product&#038;p=1304"},"modified":"2023-04-28T13:46:48","modified_gmt":"2023-04-28T11:46:48","slug":"deposito-combustible","status":"publish","type":"product","link":"https:\/\/iberfence.com\/es\/producto\/deposito-combustible\/","title":{"rendered":"DEPOSITO COMBUSTIBLE"},"content":{"rendered":"<p>Marca la diferencia gracias al recambio ORIGINAL.<\/p>\n","protected":false},"excerpt":{"rendered":"<p>La utilizaci\u00f3n exclusiva de repuestos aut\u00e9nticos que cumplan con los est\u00e1ndares de calidad m\u00e1s rigurosos es la \u00fanica forma de garantizar que nuestros productos cumplan con los m\u00e1s altos niveles de calidad, seguridad y garant\u00eda.<\/p>\n","protected":false},"featured_media":1269,"template":"","meta":{"_joinchat":[]},"product_brand":[],"product_cat":[54,32],"product_tag":[112,111],"class_list":{"0":"post-1304","1":"product","2":"type-product","3":"status-publish","4":"has-post-thumbnail","6":"product_cat-honda-gx-35","7":"product_cat-categoria-recambios","8":"product_tag-17511z0z013","9":"product_tag-deposito-combustible","11":"first","12":"instock","13":"taxable","14":"shipping-taxable","15":"purchasable","16":"product-type-simple"},"_links":{"self":[{"href":"https:\/\/iberfence.com\/es\/wp-json\/wp\/v2\/product\/1304","targetHints":{"allow":["GET"]}}],"collection":[{"href":"https:\/\/iberfence.com\/es\/wp-json\/wp\/v2\/product"}],"about":[{"href":"https:\/\/iberfence.com\/es\/wp-json\/wp\/v2\/types\/product"}],"version-history":[{"count":0,"href":"https:\/\/iberfence.com\/es\/wp-json\/wp\/v2\/product\/1304\/revisions"}],"wp:featuredmedia":[{"embeddable":true,"href":"https:\/\/iberfence.com\/es\/wp-json\/wp\/v2\/media\/1269"}],"wp:attachment":[{"href":"https:\/\/iberfence.com\/es\/wp-json\/wp\/v2\/media?parent=1304"}],"wp:term":[{"taxonomy":"product_brand","embeddable":true,"href":"https:\/\/iberfence.com\/es\/wp-json\/wp\/v2\/product_brand?post=1304"},{"taxonomy":"product_cat","embeddable":true,"href":"https:\/\/iberfence.com\/es\/wp-json\/wp\/v2\/product_cat?post=1304"},{"taxonomy":"product_tag","embeddable":true,"href":"https:\/\/iberfence.com\/es\/wp-json\/wp\/v2\/product_tag?post=1304"}],"curies":[{"name":"wp","href":"https:\/\/api.w.org\/{rel}","templated":true}]}}