{"id":1297,"date":"2022-10-04T15:41:54","date_gmt":"2022-10-04T13:41:54","guid":{"rendered":"https:\/\/iberfence.com\/?post_type=product&#038;p=1297"},"modified":"2023-04-28T13:34:18","modified_gmt":"2023-04-28T11:34:18","slug":"collar-2","status":"publish","type":"product","link":"https:\/\/iberfence.com\/es\/producto\/collar-2\/","title":{"rendered":"COLLAR 91501Z0Z000"},"content":{"rendered":"<p>Utilizar recambios ORIGINALES marca la diferencia.<\/p>\n","protected":false},"excerpt":{"rendered":"<p>Asegurar los m\u00e1s altos niveles de calidad, seguridad y garant\u00eda en nuestros productos solo es posible a trav\u00e9s del uso de repuestos aut\u00e9nticos que cumplen con los est\u00e1ndares de calidad m\u00e1s rigurosos.<\/p>\n","protected":false},"featured_media":1269,"template":"","meta":{"_joinchat":[]},"product_brand":[],"product_cat":[54,32],"product_tag":[101,99],"class_list":{"0":"post-1297","1":"product","2":"type-product","3":"status-publish","4":"has-post-thumbnail","6":"product_cat-honda-gx-35","7":"product_cat-categoria-recambios","8":"product_tag-91501z0z000","9":"product_tag-collar","11":"first","12":"instock","13":"taxable","14":"shipping-taxable","15":"purchasable","16":"product-type-simple"},"_links":{"self":[{"href":"https:\/\/iberfence.com\/es\/wp-json\/wp\/v2\/product\/1297","targetHints":{"allow":["GET"]}}],"collection":[{"href":"https:\/\/iberfence.com\/es\/wp-json\/wp\/v2\/product"}],"about":[{"href":"https:\/\/iberfence.com\/es\/wp-json\/wp\/v2\/types\/product"}],"version-history":[{"count":0,"href":"https:\/\/iberfence.com\/es\/wp-json\/wp\/v2\/product\/1297\/revisions"}],"wp:featuredmedia":[{"embeddable":true,"href":"https:\/\/iberfence.com\/es\/wp-json\/wp\/v2\/media\/1269"}],"wp:attachment":[{"href":"https:\/\/iberfence.com\/es\/wp-json\/wp\/v2\/media?parent=1297"}],"wp:term":[{"taxonomy":"product_brand","embeddable":true,"href":"https:\/\/iberfence.com\/es\/wp-json\/wp\/v2\/product_brand?post=1297"},{"taxonomy":"product_cat","embeddable":true,"href":"https:\/\/iberfence.com\/es\/wp-json\/wp\/v2\/product_cat?post=1297"},{"taxonomy":"product_tag","embeddable":true,"href":"https:\/\/iberfence.com\/es\/wp-json\/wp\/v2\/product_tag?post=1297"}],"curies":[{"name":"wp","href":"https:\/\/api.w.org\/{rel}","templated":true}]}}