{"id":1294,"date":"2022-10-04T15:41:54","date_gmt":"2022-10-04T13:41:54","guid":{"rendered":"https:\/\/iberfence.com\/?post_type=product&#038;p=1294"},"modified":"2023-04-28T13:32:04","modified_gmt":"2023-04-28T11:32:04","slug":"cjto-cilindro-carter","status":"publish","type":"product","link":"https:\/\/iberfence.com\/es\/producto\/cjto-cilindro-carter\/","title":{"rendered":"CJTO.CILINDRO CARTER"},"content":{"rendered":"<p>El recambio ORIGINAL marca la diferencia.<\/p>\n","protected":false},"excerpt":{"rendered":"<p>El uso exclusivo de repuestos aut\u00e9nticos que cumplen con los est\u00e1ndares de calidad m\u00e1s rigurosos es la \u00fanica forma de asegurar los m\u00e1s altos niveles de calidad, seguridad y garant\u00eda en nuestros productos.<\/p>\n","protected":false},"featured_media":1269,"template":"","meta":{"_joinchat":[]},"product_brand":[],"product_cat":[54,32],"product_tag":[96,95],"class_list":{"0":"post-1294","1":"product","2":"type-product","3":"status-publish","4":"has-post-thumbnail","6":"product_cat-honda-gx-35","7":"product_cat-categoria-recambios","8":"product_tag-10100z3f405","9":"product_tag-cjto-cilindro-carter","11":"first","12":"instock","13":"taxable","14":"shipping-taxable","15":"purchasable","16":"product-type-simple"},"_links":{"self":[{"href":"https:\/\/iberfence.com\/es\/wp-json\/wp\/v2\/product\/1294","targetHints":{"allow":["GET"]}}],"collection":[{"href":"https:\/\/iberfence.com\/es\/wp-json\/wp\/v2\/product"}],"about":[{"href":"https:\/\/iberfence.com\/es\/wp-json\/wp\/v2\/types\/product"}],"version-history":[{"count":0,"href":"https:\/\/iberfence.com\/es\/wp-json\/wp\/v2\/product\/1294\/revisions"}],"wp:featuredmedia":[{"embeddable":true,"href":"https:\/\/iberfence.com\/es\/wp-json\/wp\/v2\/media\/1269"}],"wp:attachment":[{"href":"https:\/\/iberfence.com\/es\/wp-json\/wp\/v2\/media?parent=1294"}],"wp:term":[{"taxonomy":"product_brand","embeddable":true,"href":"https:\/\/iberfence.com\/es\/wp-json\/wp\/v2\/product_brand?post=1294"},{"taxonomy":"product_cat","embeddable":true,"href":"https:\/\/iberfence.com\/es\/wp-json\/wp\/v2\/product_cat?post=1294"},{"taxonomy":"product_tag","embeddable":true,"href":"https:\/\/iberfence.com\/es\/wp-json\/wp\/v2\/product_tag?post=1294"}],"curies":[{"name":"wp","href":"https:\/\/api.w.org\/{rel}","templated":true}]}}