{"id":1289,"date":"2022-10-04T15:41:54","date_gmt":"2022-10-04T13:41:54","guid":{"rendered":"https:\/\/iberfence.com\/?post_type=product&#038;p=1289"},"modified":"2023-04-28T13:09:47","modified_gmt":"2023-04-28T11:09:47","slug":"bulon","status":"publish","type":"product","link":"https:\/\/iberfence.com\/es\/producto\/bulon\/","title":{"rendered":"BULON"},"content":{"rendered":"<p>Para diferenciarse, es esencial que la pieza de recambio sea GENUINA.<\/p>\n","protected":false},"excerpt":{"rendered":"<p>Utilizar solo repuestos originales es la \u00fanica forma de cumplir con los est\u00e1ndares de calidad m\u00e1s altos y garantizar el m\u00e1ximo confort, seguridad y garant\u00eda para los usuarios de nuestros productos.<\/p>\n","protected":false},"featured_media":1269,"template":"","meta":{"_joinchat":[]},"product_brand":[],"product_cat":[54,32],"product_tag":[86,85],"class_list":{"0":"post-1289","1":"product","2":"type-product","3":"status-publish","4":"has-post-thumbnail","6":"product_cat-honda-gx-35","7":"product_cat-categoria-recambios","8":"product_tag-13111zm5000","9":"product_tag-bulon","11":"first","12":"instock","13":"taxable","14":"shipping-taxable","15":"purchasable","16":"product-type-simple"},"_links":{"self":[{"href":"https:\/\/iberfence.com\/es\/wp-json\/wp\/v2\/product\/1289","targetHints":{"allow":["GET"]}}],"collection":[{"href":"https:\/\/iberfence.com\/es\/wp-json\/wp\/v2\/product"}],"about":[{"href":"https:\/\/iberfence.com\/es\/wp-json\/wp\/v2\/types\/product"}],"version-history":[{"count":0,"href":"https:\/\/iberfence.com\/es\/wp-json\/wp\/v2\/product\/1289\/revisions"}],"wp:featuredmedia":[{"embeddable":true,"href":"https:\/\/iberfence.com\/es\/wp-json\/wp\/v2\/media\/1269"}],"wp:attachment":[{"href":"https:\/\/iberfence.com\/es\/wp-json\/wp\/v2\/media?parent=1289"}],"wp:term":[{"taxonomy":"product_brand","embeddable":true,"href":"https:\/\/iberfence.com\/es\/wp-json\/wp\/v2\/product_brand?post=1289"},{"taxonomy":"product_cat","embeddable":true,"href":"https:\/\/iberfence.com\/es\/wp-json\/wp\/v2\/product_cat?post=1289"},{"taxonomy":"product_tag","embeddable":true,"href":"https:\/\/iberfence.com\/es\/wp-json\/wp\/v2\/product_tag?post=1289"}],"curies":[{"name":"wp","href":"https:\/\/api.w.org\/{rel}","templated":true}]}}