{"id":1285,"date":"2022-10-04T15:41:53","date_gmt":"2022-10-04T13:41:53","guid":{"rendered":"https:\/\/iberfence.com\/?post_type=product&#038;p=1285"},"modified":"2023-04-28T13:06:50","modified_gmt":"2023-04-28T11:06:50","slug":"brazo-fijador","status":"publish","type":"product","link":"https:\/\/iberfence.com\/es\/producto\/brazo-fijador\/","title":{"rendered":"BRAZO FIJADOR"},"content":{"rendered":"<p>La pieza de repuesto AUT\u00c9NTICA hace la diferencia.<\/p>\n","protected":false},"excerpt":{"rendered":"<p>La \u00fanica forma de garantizar la m\u00e1xima calidad, seguridad y garant\u00eda en nuestros productos es utilizando \u00fanicamente repuestos originales que cumplen con los est\u00e1ndares m\u00e1s estrictos.<\/p>\n","protected":false},"featured_media":1269,"template":"","meta":{"_joinchat":[]},"product_brand":[],"product_cat":[54,32],"product_tag":[78,77],"class_list":{"0":"post-1285","1":"product","2":"type-product","3":"status-publish","4":"has-post-thumbnail","6":"product_cat-honda-gx-35","7":"product_cat-categoria-recambios","8":"product_tag-28459z0h003","9":"product_tag-brazo-fijador","11":"first","12":"instock","13":"taxable","14":"shipping-taxable","15":"purchasable","16":"product-type-simple"},"_links":{"self":[{"href":"https:\/\/iberfence.com\/es\/wp-json\/wp\/v2\/product\/1285","targetHints":{"allow":["GET"]}}],"collection":[{"href":"https:\/\/iberfence.com\/es\/wp-json\/wp\/v2\/product"}],"about":[{"href":"https:\/\/iberfence.com\/es\/wp-json\/wp\/v2\/types\/product"}],"version-history":[{"count":0,"href":"https:\/\/iberfence.com\/es\/wp-json\/wp\/v2\/product\/1285\/revisions"}],"wp:featuredmedia":[{"embeddable":true,"href":"https:\/\/iberfence.com\/es\/wp-json\/wp\/v2\/media\/1269"}],"wp:attachment":[{"href":"https:\/\/iberfence.com\/es\/wp-json\/wp\/v2\/media?parent=1285"}],"wp:term":[{"taxonomy":"product_brand","embeddable":true,"href":"https:\/\/iberfence.com\/es\/wp-json\/wp\/v2\/product_brand?post=1285"},{"taxonomy":"product_cat","embeddable":true,"href":"https:\/\/iberfence.com\/es\/wp-json\/wp\/v2\/product_cat?post=1285"},{"taxonomy":"product_tag","embeddable":true,"href":"https:\/\/iberfence.com\/es\/wp-json\/wp\/v2\/product_tag?post=1285"}],"curies":[{"name":"wp","href":"https:\/\/api.w.org\/{rel}","templated":true}]}}