{"id":1284,"date":"2022-10-04T15:41:53","date_gmt":"2022-10-04T13:41:53","guid":{"rendered":"https:\/\/iberfence.com\/?post_type=product&#038;p=1284"},"modified":"2023-04-28T13:00:43","modified_gmt":"2023-04-28T11:00:43","slug":"boton-lanzador","status":"publish","type":"product","link":"https:\/\/iberfence.com\/es\/producto\/boton-lanzador\/","title":{"rendered":"BOTON LANZADOR"},"content":{"rendered":"<p>La pieza de repuesto GENUINA hace la diferencia.<\/p>\n","protected":false},"excerpt":{"rendered":"<p>Nuestros productos solo pueden ofrecer el m\u00e1ximo confort, seguridad y garant\u00eda a los usuarios si se utilizan recambios originales que cumplen con los m\u00e1s altos est\u00e1ndares de calidad.<\/p>\n","protected":false},"featured_media":1269,"template":"","meta":{"_joinchat":[]},"product_brand":[],"product_cat":[54,32],"product_tag":[76,75],"class_list":{"0":"post-1284","1":"product","2":"type-product","3":"status-publish","4":"has-post-thumbnail","6":"product_cat-honda-gx-35","7":"product_cat-categoria-recambios","8":"product_tag-28461z3fm01","9":"product_tag-boton-lanzador","11":"first","12":"instock","13":"taxable","14":"shipping-taxable","15":"purchasable","16":"product-type-simple"},"_links":{"self":[{"href":"https:\/\/iberfence.com\/es\/wp-json\/wp\/v2\/product\/1284","targetHints":{"allow":["GET"]}}],"collection":[{"href":"https:\/\/iberfence.com\/es\/wp-json\/wp\/v2\/product"}],"about":[{"href":"https:\/\/iberfence.com\/es\/wp-json\/wp\/v2\/types\/product"}],"version-history":[{"count":0,"href":"https:\/\/iberfence.com\/es\/wp-json\/wp\/v2\/product\/1284\/revisions"}],"wp:featuredmedia":[{"embeddable":true,"href":"https:\/\/iberfence.com\/es\/wp-json\/wp\/v2\/media\/1269"}],"wp:attachment":[{"href":"https:\/\/iberfence.com\/es\/wp-json\/wp\/v2\/media?parent=1284"}],"wp:term":[{"taxonomy":"product_brand","embeddable":true,"href":"https:\/\/iberfence.com\/es\/wp-json\/wp\/v2\/product_brand?post=1284"},{"taxonomy":"product_cat","embeddable":true,"href":"https:\/\/iberfence.com\/es\/wp-json\/wp\/v2\/product_cat?post=1284"},{"taxonomy":"product_tag","embeddable":true,"href":"https:\/\/iberfence.com\/es\/wp-json\/wp\/v2\/product_tag?post=1284"}],"curies":[{"name":"wp","href":"https:\/\/api.w.org\/{rel}","templated":true}]}}