{"id":1283,"date":"2022-10-04T15:41:53","date_gmt":"2022-10-04T13:41:53","guid":{"rendered":"https:\/\/iberfence.com\/?post_type=product&#038;p=1283"},"modified":"2023-04-28T13:00:11","modified_gmt":"2023-04-28T11:00:11","slug":"bobina-encendido","status":"publish","type":"product","link":"https:\/\/iberfence.com\/es\/producto\/bobina-encendido\/","title":{"rendered":"BOBINA ENCENDIDO"},"content":{"rendered":"<p>La pieza de repuesto ORIGINAL marca la diferencia.<\/p>\n","protected":false},"excerpt":{"rendered":"<p>La sustituci\u00f3n de piezas de repuesto con componentes originales es la \u00fanica manera de asegurar los m\u00e1s altos niveles de calidad, seguridad y garant\u00eda para los clientes de nuestros productos.<\/p>\n","protected":false},"featured_media":1269,"template":"","meta":{"_joinchat":[]},"product_brand":[],"product_cat":[54,32],"product_tag":[74,73],"class_list":{"0":"post-1283","1":"product","2":"type-product","3":"status-publish","4":"has-post-thumbnail","6":"product_cat-honda-gx-35","7":"product_cat-categoria-recambios","8":"product_tag-30500z3f013","9":"product_tag-bobina-encendido","11":"first","12":"instock","13":"taxable","14":"shipping-taxable","15":"purchasable","16":"product-type-simple"},"_links":{"self":[{"href":"https:\/\/iberfence.com\/es\/wp-json\/wp\/v2\/product\/1283","targetHints":{"allow":["GET"]}}],"collection":[{"href":"https:\/\/iberfence.com\/es\/wp-json\/wp\/v2\/product"}],"about":[{"href":"https:\/\/iberfence.com\/es\/wp-json\/wp\/v2\/types\/product"}],"version-history":[{"count":0,"href":"https:\/\/iberfence.com\/es\/wp-json\/wp\/v2\/product\/1283\/revisions"}],"wp:featuredmedia":[{"embeddable":true,"href":"https:\/\/iberfence.com\/es\/wp-json\/wp\/v2\/media\/1269"}],"wp:attachment":[{"href":"https:\/\/iberfence.com\/es\/wp-json\/wp\/v2\/media?parent=1283"}],"wp:term":[{"taxonomy":"product_brand","embeddable":true,"href":"https:\/\/iberfence.com\/es\/wp-json\/wp\/v2\/product_brand?post=1283"},{"taxonomy":"product_cat","embeddable":true,"href":"https:\/\/iberfence.com\/es\/wp-json\/wp\/v2\/product_cat?post=1283"},{"taxonomy":"product_tag","embeddable":true,"href":"https:\/\/iberfence.com\/es\/wp-json\/wp\/v2\/product_tag?post=1283"}],"curies":[{"name":"wp","href":"https:\/\/api.w.org\/{rel}","templated":true}]}}