{"id":1280,"date":"2022-10-04T15:41:53","date_gmt":"2022-10-04T13:41:53","guid":{"rendered":"https:\/\/iberfence.com\/?post_type=product&#038;p=1280"},"modified":"2023-04-28T12:50:34","modified_gmt":"2023-04-28T10:50:34","slug":"arandela-2","status":"publish","type":"product","link":"https:\/\/iberfence.com\/es\/producto\/arandela-2\/","title":{"rendered":"ARANDELA 22255Z3F000"},"content":{"rendered":"<p>Solo los recambios aut\u00e9nticos se adhieren a los requisitos de calidad m\u00e1s altos para proporcionar a los usuarios de nuestros productos una experiencia segura y c\u00f3moda, as\u00ed como garant\u00edas de calidad.<\/p>\n","protected":false},"excerpt":{"rendered":"<p>Solo los recambios aut\u00e9nticos se adhieren a los requisitos de calidad m\u00e1s altos para proporcionar a los usuarios de nuestros productos una experiencia segura y c\u00f3moda, as\u00ed como garant\u00edas de calidad.<\/p>\n","protected":false},"featured_media":1269,"template":"","meta":{"_joinchat":[]},"product_brand":[],"product_cat":[54,32],"product_tag":[69,67],"class_list":{"0":"post-1280","1":"product","2":"type-product","3":"status-publish","4":"has-post-thumbnail","6":"product_cat-honda-gx-35","7":"product_cat-categoria-recambios","8":"product_tag-22255z3f000","9":"product_tag-arandela","11":"first","12":"instock","13":"taxable","14":"shipping-taxable","15":"purchasable","16":"product-type-simple"},"_links":{"self":[{"href":"https:\/\/iberfence.com\/es\/wp-json\/wp\/v2\/product\/1280","targetHints":{"allow":["GET"]}}],"collection":[{"href":"https:\/\/iberfence.com\/es\/wp-json\/wp\/v2\/product"}],"about":[{"href":"https:\/\/iberfence.com\/es\/wp-json\/wp\/v2\/types\/product"}],"version-history":[{"count":0,"href":"https:\/\/iberfence.com\/es\/wp-json\/wp\/v2\/product\/1280\/revisions"}],"wp:featuredmedia":[{"embeddable":true,"href":"https:\/\/iberfence.com\/es\/wp-json\/wp\/v2\/media\/1269"}],"wp:attachment":[{"href":"https:\/\/iberfence.com\/es\/wp-json\/wp\/v2\/media?parent=1280"}],"wp:term":[{"taxonomy":"product_brand","embeddable":true,"href":"https:\/\/iberfence.com\/es\/wp-json\/wp\/v2\/product_brand?post=1280"},{"taxonomy":"product_cat","embeddable":true,"href":"https:\/\/iberfence.com\/es\/wp-json\/wp\/v2\/product_cat?post=1280"},{"taxonomy":"product_tag","embeddable":true,"href":"https:\/\/iberfence.com\/es\/wp-json\/wp\/v2\/product_tag?post=1280"}],"curies":[{"name":"wp","href":"https:\/\/api.w.org\/{rel}","templated":true}]}}