{"id":1279,"date":"2022-10-04T15:41:53","date_gmt":"2022-10-04T13:41:53","guid":{"rendered":"https:\/\/iberfence.com\/?post_type=product&#038;p=1279"},"modified":"2023-04-17T14:43:26","modified_gmt":"2023-04-17T12:43:26","slug":"arandela","status":"publish","type":"product","link":"https:\/\/iberfence.com\/es\/producto\/arandela\/","title":{"rendered":"ARANDELA 22254Z3F000"},"content":{"rendered":"<p>El recambio ORIGINAL marca la diferencia.<\/p>\n","protected":false},"excerpt":{"rendered":"<p>\u00danicamente las piezas de repuesto originales satisfacen los requisitos de calidad m\u00e1s exigentes, lo que garantiza la m\u00e1xima comodidad, seguridad y garant\u00eda para los usuarios de nuestros productos.<\/p>\n","protected":false},"featured_media":1269,"template":"","meta":{"_joinchat":[]},"product_brand":[],"product_cat":[54,32],"product_tag":[68,67],"class_list":{"0":"post-1279","1":"product","2":"type-product","3":"status-publish","4":"has-post-thumbnail","6":"product_cat-honda-gx-35","7":"product_cat-categoria-recambios","8":"product_tag-22254z3f000","9":"product_tag-arandela","11":"first","12":"instock","13":"taxable","14":"shipping-taxable","15":"purchasable","16":"product-type-simple"},"_links":{"self":[{"href":"https:\/\/iberfence.com\/es\/wp-json\/wp\/v2\/product\/1279","targetHints":{"allow":["GET"]}}],"collection":[{"href":"https:\/\/iberfence.com\/es\/wp-json\/wp\/v2\/product"}],"about":[{"href":"https:\/\/iberfence.com\/es\/wp-json\/wp\/v2\/types\/product"}],"version-history":[{"count":0,"href":"https:\/\/iberfence.com\/es\/wp-json\/wp\/v2\/product\/1279\/revisions"}],"wp:featuredmedia":[{"embeddable":true,"href":"https:\/\/iberfence.com\/es\/wp-json\/wp\/v2\/media\/1269"}],"wp:attachment":[{"href":"https:\/\/iberfence.com\/es\/wp-json\/wp\/v2\/media?parent=1279"}],"wp:term":[{"taxonomy":"product_brand","embeddable":true,"href":"https:\/\/iberfence.com\/es\/wp-json\/wp\/v2\/product_brand?post=1279"},{"taxonomy":"product_cat","embeddable":true,"href":"https:\/\/iberfence.com\/es\/wp-json\/wp\/v2\/product_cat?post=1279"},{"taxonomy":"product_tag","embeddable":true,"href":"https:\/\/iberfence.com\/es\/wp-json\/wp\/v2\/product_tag?post=1279"}],"curies":[{"name":"wp","href":"https:\/\/api.w.org\/{rel}","templated":true}]}}