{"id":6774,"date":"2024-09-06T13:29:32","date_gmt":"2024-09-06T11:29:32","guid":{"rendered":"https:\/\/iberfence.com\/?page_id=6774"},"modified":"2024-11-25T14:08:36","modified_gmt":"2024-11-25T12:08:36","slug":"extractores-de-postes-y-estacas","status":"publish","type":"page","link":"https:\/\/iberfence.com\/es\/extractores-de-postes-y-estacas\/","title":{"rendered":"Extractores de postes y estacas"},"content":{"rendered":"\t\t<div data-elementor-type=\"wp-page\" data-elementor-id=\"6774\" class=\"elementor elementor-6774\" data-elementor-post-type=\"page\">\n\t\t\t\t\t\t<section class=\"elementor-section elementor-top-section elementor-element elementor-element-3d111f3 elementor-section-boxed elementor-section-height-default elementor-section-height-default\" data-id=\"3d111f3\" data-element_type=\"section\">\n\t\t\t\t\t\t<div class=\"elementor-container elementor-column-gap-default\">\n\t\t\t\t\t<div class=\"elementor-column elementor-col-100 elementor-top-column elementor-element elementor-element-baaff77\" data-id=\"baaff77\" data-element_type=\"column\">\n\t\t\t<div class=\"elementor-widget-wrap elementor-element-populated\">\n\t\t\t\t\t\t<div class=\"elementor-element elementor-element-5a50344 elementor-widget elementor-widget-spacer\" data-id=\"5a50344\" data-element_type=\"widget\" data-widget_type=\"spacer.default\">\n\t\t\t\t<div class=\"elementor-widget-container\">\n\t\t\t\t\t\t\t<div class=\"elementor-spacer\">\n\t\t\t<div class=\"elementor-spacer-inner\"><\/div>\n\t\t<\/div>\n\t\t\t\t\t\t<\/div>\n\t\t\t\t<\/div>\n\t\t\t\t<div class=\"elementor-element elementor-element-10e170c elementor-widget elementor-widget-heading\" data-id=\"10e170c\" data-element_type=\"widget\" data-widget_type=\"heading.default\">\n\t\t\t\t<div class=\"elementor-widget-container\">\n\t\t\t\t\t<h1 class=\"elementor-heading-title elementor-size-default\">EXTRACTORES DE POSTES Y ESTACAS<\/h1>\t\t\t\t<\/div>\n\t\t\t\t<\/div>\n\t\t\t\t<div class=\"elementor-element elementor-element-2432da7 elementor-widget elementor-widget-text-editor\" data-id=\"2432da7\" data-element_type=\"widget\" data-widget_type=\"text-editor.default\">\n\t\t\t\t<div class=\"elementor-widget-container\">\n\t\t\t\t\t\t\t\t\t<h5 style=\"text-align: center;\">En esta secci\u00f3n encontrar\u00e1 nuestros exclusivos extractores de postes y estacas que le ayudar\u00e1n a extraer todo tipo de postes y estacas de forma r\u00e1pida y eficiente.<\/h5>\t\t\t\t\t\t\t\t<\/div>\n\t\t\t\t<\/div>\n\t\t\t\t<div class=\"elementor-element elementor-element-da88b2d elementor-widget elementor-widget-spacer\" data-id=\"da88b2d\" data-element_type=\"widget\" data-widget_type=\"spacer.default\">\n\t\t\t\t<div class=\"elementor-widget-container\">\n\t\t\t\t\t\t\t<div class=\"elementor-spacer\">\n\t\t\t<div class=\"elementor-spacer-inner\"><\/div>\n\t\t<\/div>\n\t\t\t\t\t\t<\/div>\n\t\t\t\t<\/div>\n\t\t\t\t<div class=\"elementor-element elementor-element-5a783b4 elementor-widget elementor-widget-heading\" data-id=\"5a783b4\" data-element_type=\"widget\" data-widget_type=\"heading.default\">\n\t\t\t\t<div class=\"elementor-widget-container\">\n\t\t\t\t\t<h3 class=\"elementor-heading-title elementor-size-default\">EXTRACTOR AUTOM\u00c1TICO<\/h3>\t\t\t\t<\/div>\n\t\t\t\t<\/div>\n\t\t\t\t<div class=\"elementor-element elementor-element-aeea8d1 elementor-grid-4 elementor-grid-tablet-3 elementor-grid-mobile-2 elementor-products-grid elementor-wc-products elementor-widget elementor-widget-woocommerce-products\" data-id=\"aeea8d1\" data-element_type=\"widget\" data-widget_type=\"woocommerce-products.default\">\n\t\t\t\t<div class=\"elementor-widget-container\">\n\t\t\t\t\t<div class=\"woocommerce columns-4 \"><ul class=\"products elementor-grid columns-4\">\n<li class=\"product type-product post-921 status-publish first instock product_cat-extractores product_tag-estrattore-di-pali product_tag-extract-stakes product_tag-extracteur-de-piquets product_tag-extracteur-de-poteaux product_tag-extractor-de-estacas product_tag-extractor-de-postes product_tag-extraer-estacas product_tag-extraer-poste product_tag-extrator-de-estacas product_tag-extrator-de-postes product_tag-ibf-power-lift product_tag-lifter product_tag-paaltrekker product_tag-pfahlzieher product_tag-pfostenzieher product_tag-post-extractor product_tag-post-lifter product_tag-pull-out-post product_tag-stake-extractor has-post-thumbnail taxable shipping-taxable purchasable product-type-simple\">\n\t<a href=\"https:\/\/iberfence.com\/es\/producto\/ibf-power-lift\/\" class=\"woocommerce-LoopProduct-link woocommerce-loop-product__link\"><img fetchpriority=\"high\" decoding=\"async\" width=\"250\" height=\"250\" src=\"https:\/\/iberfence.com\/wp-content\/uploads\/2021\/10\/IBFPL1-250x250.png\" class=\"attachment-woocommerce_thumbnail size-woocommerce_thumbnail\" alt=\"IBFPL1\" srcset=\"https:\/\/iberfence.com\/wp-content\/uploads\/2021\/10\/IBFPL1-250x250.png 250w, https:\/\/iberfence.com\/wp-content\/uploads\/2021\/10\/IBFPL1-100x100.png 100w, https:\/\/iberfence.com\/wp-content\/uploads\/2021\/10\/IBFPL1-500x500.png 500w, https:\/\/iberfence.com\/wp-content\/uploads\/2021\/10\/IBFPL1-300x300.png 300w, https:\/\/iberfence.com\/wp-content\/uploads\/2021\/10\/IBFPL1-150x150.png 150w, https:\/\/iberfence.com\/wp-content\/uploads\/2021\/10\/IBFPL1-768x768.png 768w, https:\/\/iberfence.com\/wp-content\/uploads\/2021\/10\/IBFPL1-12x12.png 12w, https:\/\/iberfence.com\/wp-content\/uploads\/2021\/10\/IBFPL1-980x980.png 980w, https:\/\/iberfence.com\/wp-content\/uploads\/2021\/10\/IBFPL1-480x480.png 480w, https:\/\/iberfence.com\/wp-content\/uploads\/2021\/10\/IBFPL1-200x200.png 200w, https:\/\/iberfence.com\/wp-content\/uploads\/2021\/10\/IBFPL1.png 1000w\" sizes=\"(max-width: 250px) 100vw, 250px\" \/><h2 class=\"woocommerce-loop-product__title\">Iberfence IBF Power Lift &#8211; Extractor de postes a motor<\/h2>\n\t<span class=\"price\"><span class=\"woocommerce-Price-amount amount\"><bdi><span class=\"woocommerce-Price-currencySymbol\">&euro;<\/span>&nbsp;2.407,90<\/bdi><\/span><\/span>\n<\/a><a href=\"\/es\/wp-json\/wp\/v2\/pages\/6774?add-to-cart=921\" aria-describedby=\"woocommerce_loop_add_to_cart_link_describedby_921\" data-quantity=\"1\" class=\"button product_type_simple add_to_cart_button ajax_add_to_cart\" data-product_id=\"921\" data-product_sku=\"IBF-PL\" aria-label=\"A\u00f1adir al carrito: &ldquo;Iberfence IBF Power Lift - Extractor de postes a motor&rdquo;\" rel=\"nofollow\" data-success_message=\"\u00abIberfence IBF Power Lift - Extractor de postes a motor\u00bb se ha a\u00f1adido a tu carrito\">A\u00f1adir al carrito<\/a>\t<span id=\"woocommerce_loop_add_to_cart_link_describedby_921\" class=\"screen-reader-text\">\n\t\t\t<\/span>\n<\/li>\n<\/ul>\n<\/div>\t\t\t\t<\/div>\n\t\t\t\t<\/div>\n\t\t\t\t<div class=\"elementor-element elementor-element-1867e5f elementor-widget elementor-widget-spacer\" data-id=\"1867e5f\" data-element_type=\"widget\" data-widget_type=\"spacer.default\">\n\t\t\t\t<div class=\"elementor-widget-container\">\n\t\t\t\t\t\t\t<div class=\"elementor-spacer\">\n\t\t\t<div class=\"elementor-spacer-inner\"><\/div>\n\t\t<\/div>\n\t\t\t\t\t\t<\/div>\n\t\t\t\t<\/div>\n\t\t\t\t<div class=\"elementor-element elementor-element-9f2bb25 elementor-widget elementor-widget-heading\" data-id=\"9f2bb25\" data-element_type=\"widget\" data-widget_type=\"heading.default\">\n\t\t\t\t<div class=\"elementor-widget-container\">\n\t\t\t\t\t<h3 class=\"elementor-heading-title elementor-size-default\">EXTRACTORES MANUALES<\/h3>\t\t\t\t<\/div>\n\t\t\t\t<\/div>\n\t\t\t\t<div class=\"elementor-element elementor-element-84de634 elementor-grid-4 elementor-grid-tablet-3 elementor-grid-mobile-2 elementor-products-grid elementor-wc-products elementor-widget elementor-widget-woocommerce-products\" data-id=\"84de634\" data-element_type=\"widget\" data-widget_type=\"woocommerce-products.default\">\n\t\t\t\t<div class=\"elementor-widget-container\">\n\t\t\t\t\t<div class=\"woocommerce columns-4 \"><ul class=\"products elementor-grid columns-4\">\n<li class=\"product type-product post-2633 status-publish first instock product_cat-extractores product_cat-gripple product_tag-alambre product_tag-ancla product_tag-anclaje product_tag-anclas product_tag-arriostramiento product_tag-arriostramiento-para-palmeras product_tag-bulon product_tag-cepellones product_tag-control-de-la-erosion product_tag-control-de-roedores product_tag-control-hierbas-invasivas product_tag-ctn product_tag-estabilizacion-de-taludes product_tag-estrattore-di-pali product_tag-extract-stakes product_tag-extracteur-de-piquets product_tag-extracteur-de-poteaux product_tag-extractor-de-estacas product_tag-extractor-de-postes product_tag-extraer-estacas product_tag-extraer-poste product_tag-extrator-de-estacas product_tag-extrator-de-postes product_tag-garrota product_tag-gavion product_tag-gcp product_tag-geocelda product_tag-geomalla product_tag-geomembrana product_tag-geotextil product_tag-gp1 product_tag-gp2 product_tag-gpcl product_tag-gpcm product_tag-gripple product_tag-gripple-jackjaw product_tag-gripple-plus product_tag-gunitado product_tag-ibf-power-lift product_tag-jackjaw product_tag-kit-ctn product_tag-kit-de-enderezado product_tag-liner-lock product_tag-manta product_tag-micro-pilote product_tag-muro-krainer product_tag-paaltrekker product_tag-pfahlzieher product_tag-pfostenzieher product_tag-pinza-tensora product_tag-piquetas product_tag-post-extractor product_tag-pull-out-post product_tag-stake-extractor product_tag-taludes product_tag-tensor product_tag-tla product_tag-tractel product_tag-vara-de-clavado product_tag-vara-de-clavado-para-gripple product_tag-vara-de-clavado-para-tla product_tag-varilla-de-clavado-gripple product_tag-varilla-de-instalacion-gripple has-post-thumbnail sale taxable shipping-taxable purchasable product-type-simple\">\n\t<a href=\"https:\/\/iberfence.com\/es\/producto\/gripple-jackjaw-extractor\/\" class=\"woocommerce-LoopProduct-link woocommerce-loop-product__link\">\n\t<span class=\"onsale\">\u00a1Oferta!<\/span>\n\t<img decoding=\"async\" width=\"250\" height=\"251\" src=\"https:\/\/iberfence.com\/wp-content\/uploads\/2023\/02\/gripple-jack-jaw-250x251.webp\" class=\"attachment-woocommerce_thumbnail size-woocommerce_thumbnail\" alt=\"Gripple Jack Jaw\" srcset=\"https:\/\/iberfence.com\/wp-content\/uploads\/2023\/02\/gripple-jack-jaw-250x251.webp 250w, https:\/\/iberfence.com\/wp-content\/uploads\/2023\/02\/gripple-jack-jaw-300x300.webp 300w, https:\/\/iberfence.com\/wp-content\/uploads\/2023\/02\/gripple-jack-jaw-150x150.webp 150w, https:\/\/iberfence.com\/wp-content\/uploads\/2023\/02\/gripple-jack-jaw-12x12.webp 12w, https:\/\/iberfence.com\/wp-content\/uploads\/2023\/02\/gripple-jack-jaw-500x501.webp 500w, https:\/\/iberfence.com\/wp-content\/uploads\/2023\/02\/gripple-jack-jaw-100x100.webp 100w, https:\/\/iberfence.com\/wp-content\/uploads\/2023\/02\/gripple-jack-jaw.webp 704w\" sizes=\"(max-width: 250px) 100vw, 250px\" \/><h2 class=\"woocommerce-loop-product__title\">Gripple JackJaw\u00ae extractor<\/h2>\n\t<span class=\"price\"><del aria-hidden=\"true\"><span class=\"woocommerce-Price-amount amount\"><bdi><span class=\"woocommerce-Price-currencySymbol\">&euro;<\/span>&nbsp;1.277,76<\/bdi><\/span><\/del> <span class=\"screen-reader-text\">El precio original era: &euro;&nbsp;1.277,76.<\/span><ins aria-hidden=\"true\"><span class=\"woocommerce-Price-amount amount\"><bdi><span class=\"woocommerce-Price-currencySymbol\">&euro;<\/span>&nbsp;1.087,79<\/bdi><\/span><\/ins><span class=\"screen-reader-text\">El precio actual es: &euro;&nbsp;1.087,79.<\/span><\/span>\n<\/a><a href=\"\/es\/wp-json\/wp\/v2\/pages\/6774?add-to-cart=2633\" aria-describedby=\"woocommerce_loop_add_to_cart_link_describedby_2633\" data-quantity=\"1\" class=\"button product_type_simple add_to_cart_button ajax_add_to_cart\" data-product_id=\"2633\" data-product_sku=\"JACKJAW\" aria-label=\"A\u00f1adir al carrito: &ldquo;Gripple JackJaw\u00ae extractor&rdquo;\" rel=\"nofollow\" data-success_message=\"\u00abGripple JackJaw\u00ae extractor\u00bb se ha a\u00f1adido a tu carrito\">A\u00f1adir al carrito<\/a>\t<span id=\"woocommerce_loop_add_to_cart_link_describedby_2633\" class=\"screen-reader-text\">\n\t\t\t<\/span>\n<\/li>\n<li class=\"product type-product post-731 status-publish outofstock product_cat-extractores product_tag-estrattore-di-pali product_tag-extract-stakes product_tag-extracteur-de-piquets product_tag-extracteur-de-poteaux product_tag-extractor-de-estacas product_tag-extractor-de-postes product_tag-extraer-estacas product_tag-extraer-poste product_tag-extrator-de-estacas product_tag-extrator-de-postes product_tag-ibf-power-lift product_tag-paaltrekker product_tag-pfahlzieher product_tag-pfostenzieher product_tag-post-extractor product_tag-pull-out-post product_tag-stake-extractor has-post-thumbnail sale taxable shipping-taxable purchasable product-type-simple\">\n\t<a href=\"https:\/\/iberfence.com\/es\/producto\/extractor-de-postes-manual\/\" class=\"woocommerce-LoopProduct-link woocommerce-loop-product__link\">\n\t<span class=\"onsale\">\u00a1Oferta!<\/span>\n\t<img decoding=\"async\" width=\"250\" height=\"250\" src=\"https:\/\/iberfence.com\/wp-content\/uploads\/2022\/05\/extractor-de-postes-y-perfiles-manual-250x250.jpg\" class=\"attachment-woocommerce_thumbnail size-woocommerce_thumbnail\" alt=\"extractor de postes y perfiles manual\" srcset=\"https:\/\/iberfence.com\/wp-content\/uploads\/2022\/05\/extractor-de-postes-y-perfiles-manual-250x250.jpg 250w, https:\/\/iberfence.com\/wp-content\/uploads\/2022\/05\/extractor-de-postes-y-perfiles-manual-300x300.jpg 300w, https:\/\/iberfence.com\/wp-content\/uploads\/2022\/05\/extractor-de-postes-y-perfiles-manual-150x150.jpg 150w, https:\/\/iberfence.com\/wp-content\/uploads\/2022\/05\/extractor-de-postes-y-perfiles-manual-768x768.jpg 768w, https:\/\/iberfence.com\/wp-content\/uploads\/2022\/05\/extractor-de-postes-y-perfiles-manual-12x12.jpg 12w, https:\/\/iberfence.com\/wp-content\/uploads\/2022\/05\/extractor-de-postes-y-perfiles-manual-500x500.jpg 500w, https:\/\/iberfence.com\/wp-content\/uploads\/2022\/05\/extractor-de-postes-y-perfiles-manual-100x100.jpg 100w, https:\/\/iberfence.com\/wp-content\/uploads\/2022\/05\/extractor-de-postes-y-perfiles-manual.jpg 1000w\" sizes=\"(max-width: 250px) 100vw, 250px\" \/><h2 class=\"woocommerce-loop-product__title\">Extractor de postes manual<\/h2>\n\t<span class=\"price\"><del aria-hidden=\"true\"><span class=\"woocommerce-Price-amount amount\"><bdi><span class=\"woocommerce-Price-currencySymbol\">&euro;<\/span>&nbsp;116,01<\/bdi><\/span><\/del> <span class=\"screen-reader-text\">El precio original era: &euro;&nbsp;116,01.<\/span><ins aria-hidden=\"true\"><span class=\"woocommerce-Price-amount amount\"><bdi><span class=\"woocommerce-Price-currencySymbol\">&euro;<\/span>&nbsp;79,85<\/bdi><\/span><\/ins><span class=\"screen-reader-text\">El precio actual es: &euro;&nbsp;79,85.<\/span><\/span>\n<\/a><a href=\"https:\/\/iberfence.com\/es\/producto\/extractor-de-postes-manual\/\" aria-describedby=\"woocommerce_loop_add_to_cart_link_describedby_731\" data-quantity=\"1\" class=\"button product_type_simple\" data-product_id=\"731\" data-product_sku=\"Extractor de postes T\" aria-label=\"Lee m\u00e1s sobre &ldquo;Extractor de postes manual&rdquo;\" rel=\"nofollow\" data-success_message=\"\">Leer m\u00e1s<\/a>\t<span id=\"woocommerce_loop_add_to_cart_link_describedby_731\" class=\"screen-reader-text\">\n\t\t\t<\/span>\n<\/li>\n<\/ul>\n<\/div>\t\t\t\t<\/div>\n\t\t\t\t<\/div>\n\t\t\t\t\t<\/div>\n\t\t<\/div>\n\t\t\t\t\t<\/div>\n\t\t<\/section>\n\t\t\t\t<\/div>\n\t\t","protected":false},"excerpt":{"rendered":"<p>EXTRACTORES DE POSTES Y ESTACAS En esta secci\u00f3n encontrar\u00e1 nuestros exclusivos extractores de postes y estacas que le ayudar\u00e1n a extraer todo tipo de postes y estacas de forma r\u00e1pida y eficiente. EXTRACTOR AUTOM\u00c1TICO EXTRACTORES MANUALES<\/p>\n","protected":false},"author":3,"featured_media":739,"parent":0,"menu_order":0,"comment_status":"closed","ping_status":"closed","template":"","meta":{"_joinchat":[],"footnotes":""},"class_list":["post-6774","page","type-page","status-publish","has-post-thumbnail","hentry"],"_links":{"self":[{"href":"https:\/\/iberfence.com\/es\/wp-json\/wp\/v2\/pages\/6774","targetHints":{"allow":["GET"]}}],"collection":[{"href":"https:\/\/iberfence.com\/es\/wp-json\/wp\/v2\/pages"}],"about":[{"href":"https:\/\/iberfence.com\/es\/wp-json\/wp\/v2\/types\/page"}],"author":[{"embeddable":true,"href":"https:\/\/iberfence.com\/es\/wp-json\/wp\/v2\/users\/3"}],"replies":[{"embeddable":true,"href":"https:\/\/iberfence.com\/es\/wp-json\/wp\/v2\/comments?post=6774"}],"version-history":[{"count":3,"href":"https:\/\/iberfence.com\/es\/wp-json\/wp\/v2\/pages\/6774\/revisions"}],"predecessor-version":[{"id":7380,"href":"https:\/\/iberfence.com\/es\/wp-json\/wp\/v2\/pages\/6774\/revisions\/7380"}],"wp:featuredmedia":[{"embeddable":true,"href":"https:\/\/iberfence.com\/es\/wp-json\/wp\/v2\/media\/739"}],"wp:attachment":[{"href":"https:\/\/iberfence.com\/es\/wp-json\/wp\/v2\/media?parent=6774"}],"curies":[{"name":"wp","href":"https:\/\/api.w.org\/{rel}","templated":true}]}}