{"id":6552,"date":"2024-08-06T15:18:42","date_gmt":"2024-08-06T13:18:42","guid":{"rendered":"https:\/\/iberfence.com\/?page_id=6552"},"modified":"2024-08-06T15:29:54","modified_gmt":"2024-08-06T13:29:54","slug":"politica-de-devoluciones","status":"publish","type":"page","link":"https:\/\/iberfence.com\/es\/politica-de-devoluciones\/","title":{"rendered":"Pol\u00edtica de devoluciones"},"content":{"rendered":"\t\t<div data-elementor-type=\"wp-page\" data-elementor-id=\"6552\" class=\"elementor elementor-6552\" data-elementor-post-type=\"page\">\n\t\t\t\t\t\t<section class=\"elementor-section elementor-top-section elementor-element elementor-element-5b1e49e elementor-section-boxed elementor-section-height-default elementor-section-height-default\" data-id=\"5b1e49e\" data-element_type=\"section\">\n\t\t\t\t\t\t<div class=\"elementor-container elementor-column-gap-default\">\n\t\t\t\t\t<div class=\"elementor-column elementor-col-100 elementor-top-column elementor-element elementor-element-5c048f2\" data-id=\"5c048f2\" data-element_type=\"column\">\n\t\t\t<div class=\"elementor-widget-wrap elementor-element-populated\">\n\t\t\t\t\t\t<div class=\"elementor-element elementor-element-77ca44e elementor-widget elementor-widget-heading\" data-id=\"77ca44e\" data-element_type=\"widget\" data-widget_type=\"heading.default\">\n\t\t\t\t<div class=\"elementor-widget-container\">\n\t\t\t\t\t<h1 class=\"elementor-heading-title elementor-size-xl\">Pol\u00edtica de devoluciones<\/h1>\t\t\t\t<\/div>\n\t\t\t\t<\/div>\n\t\t\t\t<div class=\"elementor-element elementor-element-0230745 elementor-widget elementor-widget-text-editor\" data-id=\"0230745\" data-element_type=\"widget\" data-widget_type=\"text-editor.default\">\n\t\t\t\t<div class=\"elementor-widget-container\">\n\t\t\t\t\t\t\t\t\t<p>Nuestra pol\u00edtica de devoluciones se rige por el Real Decreto Legislativo 1\/2007, de 16 de noviembre, por el que se aprueba el texto refundido de la Ley General para la Defensa de los Consumidores y Usuarios, as\u00ed como por la Ley 7\/1996 Ordenaci\u00f3n del Comercio Minorista, modificada por la Ley 47\/2002 para adaptarla a la Directiva Europea 97\/7\/CE.<br \/><!-- \/wp:shortcode --><\/p><p>En este marco, los clientes de Iberfence, S.L. cuentan con un plazo de 14 d\u00edas para ejercer su derecho de desistimiento realizando una declaraci\u00f3n inequ\u00edvoca en la que se se\u00f1ale su decisi\u00f3n de anular sus compras.<\/p><h4>\u00bfC\u00d3MO REALIZAR UNA DEVOLUCI\u00d3N?<\/h4><p>P\u00f3nganse en contacto con nosotros para realizar la devoluci\u00f3n por cualquiera de nuestros canales.\u00a0<\/p><p>Una vez solicitada la devoluci\u00f3n en la web, debe preparar el paquete en las mismas condiciones y con el embalaje recibido en la entrega. Tras recibir nuestra confirmaci\u00f3n, el paquete ser\u00e1 recogido de un plazo aproximado de 48\/72 por un mensajero que ir\u00e1 a recogerlo a la misma direcci\u00f3n indicada en el pedido.<\/p><p>En un m\u00e1ximo de 7 d\u00edas h\u00e1biles desde la recepci\u00f3n correcta en nuestro almac\u00e9n, se efectuar\u00e1 el reembolso utilizando el mismo medio de pago que se haya utilizado en el pedido original.<\/p><p>Debe tener en cuenta que, si es una tarjeta de cr\u00e9dito\/d\u00e9bito el reembolso, dependiendo del banco concreto utilizado, puede tardar hasta 30 d\u00edas en ser efectivo.<\/p><p>El cliente asume los gastos de env\u00edo por devoluci\u00f3n que depender\u00e1n del peso y volumen.\u00a0<\/p><p>EXCEPCIONES: Si el paquete supera en peso o volumen los 2 kilos, los gastos de devoluci\u00f3n que se deducir\u00e1n del reembolso, tal como marca la ley, var\u00edan seg\u00fan los costes marcados por la mensajer\u00eda, independientemente de que en la compra se hayan aplicado gastos de env\u00edo gratis.<\/p><h4>\u00bfQU\u00c9 PRODUCTOS NO SE PUEDEN DEVOLVER?<\/h4><p>No podr\u00e1 devolverse ning\u00fan producto fabricado a medida ni ning\u00fan producto que haya sido utilizado.<\/p><h4>CANCELACIONES DE PEDIDOS<\/h4><div>Los pedidos se pueden cancelar en cualquier momento mientras que no hayan entrado en fase de preparaci\u00f3n o env\u00edo. Si el pedido tiene uno o varios art\u00edculos por ENCARGO, no admite cancelaci\u00f3n ni devoluci\u00f3n, salvo que la cancelaci\u00f3n se comunique en las primeras 24h desde la fecha inicial del pedido.<\/div><div>\u00a0<\/div><div>El pedido se puede cancelar en caso de retraso en la fecha de entrega, siendo esta distinta de la facilitada en el propio art\u00edculo en el momento de la compra.<\/div><div>\u00a0<\/div><div>Iberfence, S.L. se reserva el derecho de cancelaci\u00f3n de un pedido en caso de:<\/div><div>\u00a0<\/div><div>Fallo de sistema: si se producen errores en el pedido por errores en el sistema se considera un caso de fuerzo mayor en el cual nos reservamos el derecho a cancelar el pedido para garantizar el mejor servicio al cliente.<\/div><div>Error de stock: en ocasiones, aunque no es habitual, puede haber un lapsus de sincronizaci\u00f3n y actualizaci\u00f3n de stock por concurrir dos o m\u00e1s compras simult\u00e1neas sobre la misma unidad. Esto puede pasar en art\u00edculos con ofertas agresivas y alta demanda. En este caso no podemos garantizar las fechas de entrega del producto y nos reservamos el derecho a informarle, cancelar el pedido y devolver el importe de inmediato.<\/div>\t\t\t\t\t\t\t\t<\/div>\n\t\t\t\t<\/div>\n\t\t\t\t\t<\/div>\n\t\t<\/div>\n\t\t\t\t\t<\/div>\n\t\t<\/section>\n\t\t\t\t<\/div>\n\t\t","protected":false},"excerpt":{"rendered":"<p>Pol\u00edtica de devoluciones Nuestra pol\u00edtica de devoluciones se rige por el Real Decreto Legislativo 1\/2007, de 16 de noviembre, por el que se aprueba el texto refundido de la Ley General para la Defensa de los Consumidores y Usuarios, as\u00ed como por la Ley 7\/1996 Ordenaci\u00f3n del Comercio Minorista, modificada por la Ley 47\/2002 para [&hellip;]<\/p>\n","protected":false},"author":3,"featured_media":0,"parent":0,"menu_order":0,"comment_status":"closed","ping_status":"closed","template":"","meta":{"_joinchat":[],"footnotes":""},"class_list":["post-6552","page","type-page","status-publish","hentry"],"_links":{"self":[{"href":"https:\/\/iberfence.com\/es\/wp-json\/wp\/v2\/pages\/6552","targetHints":{"allow":["GET"]}}],"collection":[{"href":"https:\/\/iberfence.com\/es\/wp-json\/wp\/v2\/pages"}],"about":[{"href":"https:\/\/iberfence.com\/es\/wp-json\/wp\/v2\/types\/page"}],"author":[{"embeddable":true,"href":"https:\/\/iberfence.com\/es\/wp-json\/wp\/v2\/users\/3"}],"replies":[{"embeddable":true,"href":"https:\/\/iberfence.com\/es\/wp-json\/wp\/v2\/comments?post=6552"}],"version-history":[{"count":0,"href":"https:\/\/iberfence.com\/es\/wp-json\/wp\/v2\/pages\/6552\/revisions"}],"wp:attachment":[{"href":"https:\/\/iberfence.com\/es\/wp-json\/wp\/v2\/media?parent=6552"}],"curies":[{"name":"wp","href":"https:\/\/api.w.org\/{rel}","templated":true}]}}