{"id":4495,"date":"2023-08-29T17:52:26","date_gmt":"2023-08-29T15:52:26","guid":{"rendered":"https:\/\/iberfence.com\/?page_id=4495"},"modified":"2025-03-21T12:30:10","modified_gmt":"2025-03-21T10:30:10","slug":"motores","status":"publish","type":"page","link":"https:\/\/iberfence.com\/es\/motores\/","title":{"rendered":"Potencia tus proyectos con motores de alto rendimiento"},"content":{"rendered":"\t\t<div data-elementor-type=\"wp-page\" data-elementor-id=\"4495\" class=\"elementor elementor-4495\" data-elementor-post-type=\"page\">\n\t\t\t\t\t\t<section class=\"elementor-section elementor-top-section elementor-element elementor-element-748033f elementor-section-boxed elementor-section-height-default elementor-section-height-default\" data-id=\"748033f\" data-element_type=\"section\" data-settings=\"{&quot;background_background&quot;:&quot;classic&quot;}\">\n\t\t\t\t\t\t<div class=\"elementor-container elementor-column-gap-default\">\n\t\t\t\t\t<div class=\"elementor-column elementor-col-100 elementor-top-column elementor-element elementor-element-642e785\" data-id=\"642e785\" data-element_type=\"column\">\n\t\t\t<div class=\"elementor-widget-wrap elementor-element-populated\">\n\t\t\t\t\t\t<div class=\"elementor-element elementor-element-8bd9d83 elementor-widget elementor-widget-heading\" data-id=\"8bd9d83\" data-element_type=\"widget\" data-widget_type=\"heading.default\">\n\t\t\t\t<div class=\"elementor-widget-container\">\n\t\t\t\t\t<h1 class=\"elementor-heading-title elementor-size-default\">MOTORES PARA CLAVADORAS IBERFENCE<\/h1>\t\t\t\t<\/div>\n\t\t\t\t<\/div>\n\t\t\t\t<div class=\"elementor-element elementor-element-4358988 elementor-widget elementor-widget-text-editor\" data-id=\"4358988\" data-element_type=\"widget\" data-widget_type=\"text-editor.default\">\n\t\t\t\t<div class=\"elementor-widget-container\">\n\t\t\t\t\t\t\t\t\t<p>En nuestra secci\u00f3n de motores, encontrar\u00e1s una variedad de opciones dise\u00f1adas para impulsar tus proyectos de clavado de postes y estacas. Ofrecemos soluciones potentes y fiables para adaptarnos a tus necesidades espec\u00edficas.<br \/><br \/>Descubre la potencia y versatilidad de nuestros motores, dise\u00f1ados para ofrecer un rendimiento \u00f3ptimo en una variedad de aplicaciones. Con caracter\u00edsticas como arranque f\u00e1cil, bajo mantenimiento y alta durabilidad, nuestros motores garantizan un funcionamiento suave y eficiente.<br \/><br \/>Ya sea que est\u00e9s construyendo vallas, instalando postes en el campo o realizando proyectos de paisajismo, nuestros motores est\u00e1n dise\u00f1ados para ofrecer la potencia y el rendimiento que necesitas para completar tu trabajo con facilidad y precisi\u00f3n.<\/p>\t\t\t\t\t\t\t\t<\/div>\n\t\t\t\t<\/div>\n\t\t\t\t\t<\/div>\n\t\t<\/div>\n\t\t\t\t\t<\/div>\n\t\t<\/section>\n\t\t\t\t<section class=\"elementor-section elementor-top-section elementor-element elementor-element-501c604 elementor-section-boxed elementor-section-height-default elementor-section-height-default\" data-id=\"501c604\" data-element_type=\"section\">\n\t\t\t\t\t\t<div class=\"elementor-container elementor-column-gap-default\">\n\t\t\t\t\t<div class=\"elementor-column elementor-col-100 elementor-top-column elementor-element elementor-element-e7146ff\" data-id=\"e7146ff\" data-element_type=\"column\">\n\t\t\t<div class=\"elementor-widget-wrap elementor-element-populated\">\n\t\t\t\t\t\t<div class=\"elementor-element elementor-element-2be45b3 elementor-grid-5 elementor-product-loop-item--align-center elementor-grid-tablet-3 elementor-grid-mobile-2 elementor-products-grid elementor-wc-products elementor-show-pagination-border-yes elementor-widget elementor-widget-woocommerce-products\" data-id=\"2be45b3\" data-element_type=\"widget\" data-widget_type=\"woocommerce-products.default\">\n\t\t\t\t<div class=\"elementor-widget-container\">\n\t\t\t\t\t<div class=\"woocommerce columns-5 \"><div class=\"woocommerce-notices-wrapper\"><\/div><ul class=\"products elementor-grid columns-5\">\n<li class=\"product type-product post-4490 status-publish first instock product_cat-categoria-accesorios product_cat-ibf-100 product_cat-ibf-52 product_cat-ibf-82 product_cat-motores product_tag-clavadora-de-estacas product_tag-desbrozadora product_tag-gx35 product_tag-hincadora product_tag-honda product_tag-ibf-37 product_tag-ohc has-post-thumbnail taxable shipping-taxable purchasable product-type-simple\">\n\t<a href=\"https:\/\/iberfence.com\/es\/producto\/motor-iberfence-ibf-37-4-tiempos-ohc\/\" class=\"woocommerce-LoopProduct-link woocommerce-loop-product__link\"><img fetchpriority=\"high\" decoding=\"async\" width=\"250\" height=\"250\" src=\"https:\/\/iberfence.com\/wp-content\/uploads\/2023\/08\/IBF-37-engine-ohc-250x250.jpeg\" class=\"attachment-woocommerce_thumbnail size-woocommerce_thumbnail\" alt=\"MOTOR IBERFENCE IBF-37 4 TIEMPOS OHC\" srcset=\"https:\/\/iberfence.com\/wp-content\/uploads\/2023\/08\/IBF-37-engine-ohc-250x250.jpeg 250w, https:\/\/iberfence.com\/wp-content\/uploads\/2023\/08\/IBF-37-engine-ohc-300x300.jpeg 300w, https:\/\/iberfence.com\/wp-content\/uploads\/2023\/08\/IBF-37-engine-ohc-150x150.jpeg 150w, https:\/\/iberfence.com\/wp-content\/uploads\/2023\/08\/IBF-37-engine-ohc-768x768.jpeg 768w, https:\/\/iberfence.com\/wp-content\/uploads\/2023\/08\/IBF-37-engine-ohc-12x12.jpeg 12w, https:\/\/iberfence.com\/wp-content\/uploads\/2023\/08\/IBF-37-engine-ohc-500x500.jpeg 500w, https:\/\/iberfence.com\/wp-content\/uploads\/2023\/08\/IBF-37-engine-ohc-100x100.jpeg 100w, https:\/\/iberfence.com\/wp-content\/uploads\/2023\/08\/IBF-37-engine-ohc.jpeg 1000w\" sizes=\"(max-width: 250px) 100vw, 250px\" \/><h2 class=\"woocommerce-loop-product__title\">Motor Iberfence IBF-37 4 tiempos OHC<\/h2>\n\t<span class=\"price\"><span class=\"woocommerce-Price-amount amount\"><bdi><span class=\"woocommerce-Price-currencySymbol\">&euro;<\/span>&nbsp;193,48<\/bdi><\/span><\/span>\n<\/a><a href=\"\/es\/wp-json\/wp\/v2\/pages\/4495?add-to-cart=4490\" aria-describedby=\"woocommerce_loop_add_to_cart_link_describedby_4490\" data-quantity=\"1\" class=\"button product_type_simple add_to_cart_button ajax_add_to_cart\" data-product_id=\"4490\" data-product_sku=\"ibf-37ohc\" aria-label=\"A\u00f1adir al carrito: &ldquo;Motor Iberfence IBF-37 4 tiempos OHC&rdquo;\" rel=\"nofollow\" data-success_message=\"\u00abMotor Iberfence IBF-37 4 tiempos OHC\u00bb se ha a\u00f1adido a tu carrito\">A\u00f1adir al carrito<\/a>\t<span id=\"woocommerce_loop_add_to_cart_link_describedby_4490\" class=\"screen-reader-text\">\n\t\t\t<\/span>\n<\/li>\n<li class=\"product type-product post-1238 status-publish instock product_cat-categoria-accesorios product_cat-honda-gx-35 product_cat-motores product_tag-clavadora-de-estacas product_tag-desbrozadora product_tag-gx35 product_tag-hincadora product_tag-honda product_tag-ohc has-post-thumbnail sale taxable shipping-taxable purchasable product-type-simple\">\n\t<a href=\"https:\/\/iberfence.com\/es\/producto\/motor-honda-gx35-ohc\/\" class=\"woocommerce-LoopProduct-link woocommerce-loop-product__link\">\n\t<span class=\"onsale\">\u00a1Oferta!<\/span>\n\t<img decoding=\"async\" width=\"250\" height=\"250\" src=\"https:\/\/iberfence.com\/wp-content\/uploads\/2022\/10\/gx35-honda-motor-250x250.jpg\" class=\"attachment-woocommerce_thumbnail size-woocommerce_thumbnail\" alt=\"motor GX35\" srcset=\"https:\/\/iberfence.com\/wp-content\/uploads\/2022\/10\/gx35-honda-motor-250x250.jpg 250w, https:\/\/iberfence.com\/wp-content\/uploads\/2022\/10\/gx35-honda-motor-300x300.jpg 300w, https:\/\/iberfence.com\/wp-content\/uploads\/2022\/10\/gx35-honda-motor-1024x1024.jpg 1024w, https:\/\/iberfence.com\/wp-content\/uploads\/2022\/10\/gx35-honda-motor-150x150.jpg 150w, https:\/\/iberfence.com\/wp-content\/uploads\/2022\/10\/gx35-honda-motor-768x768.jpg 768w, https:\/\/iberfence.com\/wp-content\/uploads\/2022\/10\/gx35-honda-motor-12x12.jpg 12w, https:\/\/iberfence.com\/wp-content\/uploads\/2022\/10\/gx35-honda-motor-500x500.jpg 500w, https:\/\/iberfence.com\/wp-content\/uploads\/2022\/10\/gx35-honda-motor-100x100.jpg 100w, https:\/\/iberfence.com\/wp-content\/uploads\/2022\/10\/gx35-honda-motor.jpg 1100w\" sizes=\"(max-width: 250px) 100vw, 250px\" \/><h2 class=\"woocommerce-loop-product__title\">Motor original Honda GX35 OHC<\/h2>\n\t<span class=\"price\"><del aria-hidden=\"true\"><span class=\"woocommerce-Price-amount amount\"><bdi><span class=\"woocommerce-Price-currencySymbol\">&euro;<\/span>&nbsp;470,69<\/bdi><\/span><\/del> <span class=\"screen-reader-text\">El precio original era: &euro;&nbsp;470,69.<\/span><ins aria-hidden=\"true\"><span class=\"woocommerce-Price-amount amount\"><bdi><span class=\"woocommerce-Price-currencySymbol\">&euro;<\/span>&nbsp;389,62<\/bdi><\/span><\/ins><span class=\"screen-reader-text\">El precio actual es: &euro;&nbsp;389,62.<\/span><\/span>\n<\/a><a href=\"\/es\/wp-json\/wp\/v2\/pages\/4495?add-to-cart=1238\" aria-describedby=\"woocommerce_loop_add_to_cart_link_describedby_1238\" data-quantity=\"1\" class=\"button product_type_simple add_to_cart_button ajax_add_to_cart\" data-product_id=\"1238\" data-product_sku=\"GX35TGY1OH\" aria-label=\"A\u00f1adir al carrito: &ldquo;Motor original Honda GX35 OHC&rdquo;\" rel=\"nofollow\" data-success_message=\"\u00abMotor original Honda GX35 OHC\u00bb se ha a\u00f1adido a tu carrito\">A\u00f1adir al carrito<\/a>\t<span id=\"woocommerce_loop_add_to_cart_link_describedby_1238\" class=\"screen-reader-text\">\n\t\t\t<\/span>\n<\/li>\n<li class=\"product type-product post-8538 status-publish instock product_cat-categoria-accesorios product_cat-motores product_tag-clavadora-de-estacas product_tag-desbrozadora product_tag-gx35 product_tag-gx50 product_tag-hincadora product_tag-honda product_tag-ohc has-post-thumbnail taxable shipping-taxable purchasable product-type-simple\">\n\t<a href=\"https:\/\/iberfence.com\/es\/producto\/motor-original-honda-gx50-ohc\/\" class=\"woocommerce-LoopProduct-link woocommerce-loop-product__link\"><img decoding=\"async\" width=\"250\" height=\"250\" src=\"https:\/\/iberfence.com\/wp-content\/uploads\/2025\/03\/gx50-600-x-600-250x250.jpg\" class=\"attachment-woocommerce_thumbnail size-woocommerce_thumbnail\" alt=\"Motor Honda GX50 Honda GX50 engine\" srcset=\"https:\/\/iberfence.com\/wp-content\/uploads\/2025\/03\/gx50-600-x-600-250x250.jpg 250w, https:\/\/iberfence.com\/wp-content\/uploads\/2025\/03\/gx50-600-x-600-300x300.jpg 300w, https:\/\/iberfence.com\/wp-content\/uploads\/2025\/03\/gx50-600-x-600-150x150.jpg 150w, https:\/\/iberfence.com\/wp-content\/uploads\/2025\/03\/gx50-600-x-600-768x768.jpg 768w, https:\/\/iberfence.com\/wp-content\/uploads\/2025\/03\/gx50-600-x-600-12x12.jpg 12w, https:\/\/iberfence.com\/wp-content\/uploads\/2025\/03\/gx50-600-x-600-500x500.jpg 500w, https:\/\/iberfence.com\/wp-content\/uploads\/2025\/03\/gx50-600-x-600-100x100.jpg 100w, https:\/\/iberfence.com\/wp-content\/uploads\/2025\/03\/gx50-600-x-600.jpg 1000w\" sizes=\"(max-width: 250px) 100vw, 250px\" \/><h2 class=\"woocommerce-loop-product__title\">Motor original Honda GX50 ST4<\/h2>\n\t<span class=\"price\"><span class=\"woocommerce-Price-amount amount\"><bdi><span class=\"woocommerce-Price-currencySymbol\">&euro;<\/span>&nbsp;471,78<\/bdi><\/span><\/span>\n<\/a><a href=\"\/es\/wp-json\/wp\/v2\/pages\/4495?add-to-cart=8538\" aria-describedby=\"woocommerce_loop_add_to_cart_link_describedby_8538\" data-quantity=\"1\" class=\"button product_type_simple add_to_cart_button ajax_add_to_cart\" data-product_id=\"8538\" data-product_sku=\"GX35TGY1OH-1\" aria-label=\"A\u00f1adir al carrito: &ldquo;Motor original Honda GX50 ST4&rdquo;\" rel=\"nofollow\" data-success_message=\"\u00abMotor original Honda GX50 ST4\u00bb se ha a\u00f1adido a tu carrito\">A\u00f1adir al carrito<\/a>\t<span id=\"woocommerce_loop_add_to_cart_link_describedby_8538\" class=\"screen-reader-text\">\n\t\t\t<\/span>\n<\/li>\n<\/ul>\n<\/div>\t\t\t\t<\/div>\n\t\t\t\t<\/div>\n\t\t\t\t\t<\/div>\n\t\t<\/div>\n\t\t\t\t\t<\/div>\n\t\t<\/section>\n\t\t\t\t<\/div>\n\t\t","protected":false},"excerpt":{"rendered":"<p>MOTORES PARA CLAVADORAS IBERFENCE En nuestra secci\u00f3n de motores, encontrar\u00e1s una variedad de opciones dise\u00f1adas para impulsar tus proyectos de clavado de postes y estacas. Ofrecemos soluciones potentes y fiables para adaptarnos a tus necesidades espec\u00edficas. Descubre la potencia y versatilidad de nuestros motores, dise\u00f1ados para ofrecer un rendimiento \u00f3ptimo en una variedad de aplicaciones. [&hellip;]<\/p>\n","protected":false},"author":3,"featured_media":3252,"parent":0,"menu_order":0,"comment_status":"closed","ping_status":"closed","template":"","meta":{"_joinchat":[],"footnotes":""},"class_list":["post-4495","page","type-page","status-publish","has-post-thumbnail","hentry"],"_links":{"self":[{"href":"https:\/\/iberfence.com\/es\/wp-json\/wp\/v2\/pages\/4495","targetHints":{"allow":["GET"]}}],"collection":[{"href":"https:\/\/iberfence.com\/es\/wp-json\/wp\/v2\/pages"}],"about":[{"href":"https:\/\/iberfence.com\/es\/wp-json\/wp\/v2\/types\/page"}],"author":[{"embeddable":true,"href":"https:\/\/iberfence.com\/es\/wp-json\/wp\/v2\/users\/3"}],"replies":[{"embeddable":true,"href":"https:\/\/iberfence.com\/es\/wp-json\/wp\/v2\/comments?post=4495"}],"version-history":[{"count":3,"href":"https:\/\/iberfence.com\/es\/wp-json\/wp\/v2\/pages\/4495\/revisions"}],"predecessor-version":[{"id":8544,"href":"https:\/\/iberfence.com\/es\/wp-json\/wp\/v2\/pages\/4495\/revisions\/8544"}],"wp:featuredmedia":[{"embeddable":true,"href":"https:\/\/iberfence.com\/es\/wp-json\/wp\/v2\/media\/3252"}],"wp:attachment":[{"href":"https:\/\/iberfence.com\/es\/wp-json\/wp\/v2\/media?parent=4495"}],"curies":[{"name":"wp","href":"https:\/\/api.w.org\/{rel}","templated":true}]}}