{"id":3232,"date":"2023-02-28T00:26:32","date_gmt":"2023-02-27T22:26:32","guid":{"rendered":"https:\/\/iberfence.com\/?page_id=3232"},"modified":"2024-11-11T12:37:37","modified_gmt":"2024-11-11T10:37:37","slug":"accesorios","status":"publish","type":"page","link":"https:\/\/iberfence.com\/es\/accesorios\/","title":{"rendered":"Potencia tu eficiencia con nuestros accesorios"},"content":{"rendered":"\t\t<div data-elementor-type=\"wp-page\" data-elementor-id=\"3232\" class=\"elementor elementor-3232\" data-elementor-post-type=\"page\">\n\t\t\t\t\t\t<section class=\"elementor-section elementor-top-section elementor-element elementor-element-748033f elementor-section-boxed elementor-section-height-default elementor-section-height-default\" data-id=\"748033f\" data-element_type=\"section\" data-settings=\"{&quot;background_background&quot;:&quot;classic&quot;}\">\n\t\t\t\t\t\t<div class=\"elementor-container elementor-column-gap-default\">\n\t\t\t\t\t<div class=\"elementor-column elementor-col-100 elementor-top-column elementor-element elementor-element-642e785\" data-id=\"642e785\" data-element_type=\"column\">\n\t\t\t<div class=\"elementor-widget-wrap elementor-element-populated\">\n\t\t\t\t\t\t<div class=\"elementor-element elementor-element-8bd9d83 elementor-widget elementor-widget-heading\" data-id=\"8bd9d83\" data-element_type=\"widget\" data-widget_type=\"heading.default\">\n\t\t\t\t<div class=\"elementor-widget-container\">\n\t\t\t\t\t<h1 class=\"elementor-heading-title elementor-size-default\">ACCESORIOS<\/h1>\t\t\t\t<\/div>\n\t\t\t\t<\/div>\n\t\t\t\t<div class=\"elementor-element elementor-element-2b6d92a elementor-hidden-mobile elementor-widget elementor-widget-text-editor\" data-id=\"2b6d92a\" data-element_type=\"widget\" data-widget_type=\"text-editor.default\">\n\t\t\t\t<div class=\"elementor-widget-container\">\n\t\t\t\t\t\t\t\t\t<p>En esta secci\u00f3n te presentamos nuestra selecci\u00f3n de accesorios dise\u00f1ados para mejorar la eficiencia y la precisi\u00f3n en tus proyectos de clavado de postes y estacas. Desde adaptadores para terrenos dif\u00edciles hasta herramientas de mantenimiento, ofrecemos todo lo que necesitas para potenciar tu trabajo.<\/p><p>Descubre c\u00f3mo nuestros accesorios pueden facilitar tus tareas diarias. Con caracter\u00edsticas como durabilidad, facilidad de uso y compatibilidad, nuestros accesorios est\u00e1n dise\u00f1ados para que tu trabajo sea m\u00e1s eficiente.<\/p><p>Con la calidad y la fiabilidad de los productos IBERFENCE, puedes estar seguro de que est\u00e1s obteniendo herramientas que te ayudar\u00e1n a lograr resultados excepcionales en cada proyecto.<\/p>\t\t\t\t\t\t\t\t<\/div>\n\t\t\t\t<\/div>\n\t\t\t\t<section class=\"elementor-section elementor-inner-section elementor-element elementor-element-ff685ed elementor-section-boxed elementor-section-height-default elementor-section-height-default\" data-id=\"ff685ed\" data-element_type=\"section\">\n\t\t\t\t\t\t<div class=\"elementor-container elementor-column-gap-default\">\n\t\t\t\t\t<div class=\"elementor-column elementor-col-50 elementor-inner-column elementor-element elementor-element-024e101\" data-id=\"024e101\" data-element_type=\"column\">\n\t\t\t<div class=\"elementor-widget-wrap elementor-element-populated\">\n\t\t\t\t\t\t<div class=\"elementor-element elementor-element-a601be6 elementor-widget elementor-widget-heading\" data-id=\"a601be6\" data-element_type=\"widget\" data-widget_type=\"heading.default\">\n\t\t\t\t<div class=\"elementor-widget-container\">\n\t\t\t\t\t<h2 class=\"elementor-heading-title elementor-size-default\">ADAPTADORES<\/h2>\t\t\t\t<\/div>\n\t\t\t\t<\/div>\n\t\t\t\t<div class=\"elementor-element elementor-element-ce739b2 elementor-widget elementor-widget-image\" data-id=\"ce739b2\" data-element_type=\"widget\" data-widget_type=\"image.default\">\n\t\t\t\t<div class=\"elementor-widget-container\">\n\t\t\t\t\t\t\t\t\t\t\t\t\t\t\t\t<a href=\"https:\/\/iberfence.com\/adaptadores\/\">\n\t\t\t\t\t\t\t<img fetchpriority=\"high\" decoding=\"async\" width=\"800\" height=\"571\" src=\"https:\/\/iberfence.com\/wp-content\/uploads\/2023\/03\/adapter-for-posts-120mm-1024x731.png\" class=\"attachment-large size-large wp-image-3600\" alt=\"ADAPTADOR IBF 120MM\" srcset=\"https:\/\/iberfence.com\/wp-content\/uploads\/2023\/03\/adapter-for-posts-120mm-1024x731.png 1024w, https:\/\/iberfence.com\/wp-content\/uploads\/2023\/03\/adapter-for-posts-120mm-300x214.png 300w, https:\/\/iberfence.com\/wp-content\/uploads\/2023\/03\/adapter-for-posts-120mm-768x548.png 768w, https:\/\/iberfence.com\/wp-content\/uploads\/2023\/03\/adapter-for-posts-120mm-1536x1097.png 1536w, https:\/\/iberfence.com\/wp-content\/uploads\/2023\/03\/adapter-for-posts-120mm-2048x1462.png 2048w, https:\/\/iberfence.com\/wp-content\/uploads\/2023\/03\/adapter-for-posts-120mm-18x12.png 18w, https:\/\/iberfence.com\/wp-content\/uploads\/2023\/03\/adapter-for-posts-120mm-250x178.png 250w, https:\/\/iberfence.com\/wp-content\/uploads\/2023\/03\/adapter-for-posts-120mm-500x357.png 500w\" sizes=\"(max-width: 800px) 100vw, 800px\" \/>\t\t\t\t\t\t\t\t<\/a>\n\t\t\t\t\t\t\t\t\t\t\t\t\t\t\t<\/div>\n\t\t\t\t<\/div>\n\t\t\t\t\t<\/div>\n\t\t<\/div>\n\t\t\t\t<div class=\"elementor-column elementor-col-50 elementor-inner-column elementor-element elementor-element-67dbff5\" data-id=\"67dbff5\" data-element_type=\"column\">\n\t\t\t<div class=\"elementor-widget-wrap elementor-element-populated\">\n\t\t\t\t\t\t<div class=\"elementor-element elementor-element-19d66d0 elementor-widget elementor-widget-heading\" data-id=\"19d66d0\" data-element_type=\"widget\" data-widget_type=\"heading.default\">\n\t\t\t\t<div class=\"elementor-widget-container\">\n\t\t\t\t\t<h2 class=\"elementor-heading-title elementor-size-default\">extensores<\/h2>\t\t\t\t<\/div>\n\t\t\t\t<\/div>\n\t\t\t\t<div class=\"elementor-element elementor-element-007bab0 elementor-widget elementor-widget-image\" data-id=\"007bab0\" data-element_type=\"widget\" data-widget_type=\"image.default\">\n\t\t\t\t<div class=\"elementor-widget-container\">\n\t\t\t\t\t\t\t\t\t\t\t\t\t\t\t\t<a href=\"https:\/\/iberfence.com\/extensores\/\" target=\"_blank\">\n\t\t\t\t\t\t\t<img decoding=\"async\" width=\"800\" height=\"599\" src=\"https:\/\/iberfence.com\/wp-content\/uploads\/2023\/07\/15-Extension-Handle-Kit-for-PD82x2-1024x767.jpg\" class=\"attachment-large size-large wp-image-4460\" alt=\"El kit de asas de extensi\u00f3n, permite colocar postes altos y dif\u00edciles de alcanzar.\" srcset=\"https:\/\/iberfence.com\/wp-content\/uploads\/2023\/07\/15-Extension-Handle-Kit-for-PD82x2-1024x767.jpg 1024w, https:\/\/iberfence.com\/wp-content\/uploads\/2023\/07\/15-Extension-Handle-Kit-for-PD82x2-300x225.jpg 300w, https:\/\/iberfence.com\/wp-content\/uploads\/2023\/07\/15-Extension-Handle-Kit-for-PD82x2-768x575.jpg 768w, https:\/\/iberfence.com\/wp-content\/uploads\/2023\/07\/15-Extension-Handle-Kit-for-PD82x2-16x12.jpg 16w, https:\/\/iberfence.com\/wp-content\/uploads\/2023\/07\/15-Extension-Handle-Kit-for-PD82x2-250x187.jpg 250w, https:\/\/iberfence.com\/wp-content\/uploads\/2023\/07\/15-Extension-Handle-Kit-for-PD82x2-500x375.jpg 500w, https:\/\/iberfence.com\/wp-content\/uploads\/2023\/07\/15-Extension-Handle-Kit-for-PD82x2.jpg 1125w\" sizes=\"(max-width: 800px) 100vw, 800px\" \/>\t\t\t\t\t\t\t\t<\/a>\n\t\t\t\t\t\t\t\t\t\t\t\t\t\t\t<\/div>\n\t\t\t\t<\/div>\n\t\t\t\t\t<\/div>\n\t\t<\/div>\n\t\t\t\t\t<\/div>\n\t\t<\/section>\n\t\t\t\t<section class=\"elementor-section elementor-inner-section elementor-element elementor-element-7262736 elementor-section-boxed elementor-section-height-default elementor-section-height-default\" data-id=\"7262736\" data-element_type=\"section\">\n\t\t\t\t\t\t<div class=\"elementor-container elementor-column-gap-default\">\n\t\t\t\t\t<div class=\"elementor-column elementor-col-50 elementor-inner-column elementor-element elementor-element-1e539f8\" data-id=\"1e539f8\" data-element_type=\"column\">\n\t\t\t<div class=\"elementor-widget-wrap elementor-element-populated\">\n\t\t\t\t\t\t<div class=\"elementor-element elementor-element-9d8aa63 elementor-widget elementor-widget-heading\" data-id=\"9d8aa63\" data-element_type=\"widget\" data-widget_type=\"heading.default\">\n\t\t\t\t<div class=\"elementor-widget-container\">\n\t\t\t\t\t<h2 class=\"elementor-heading-title elementor-size-default\">reductores<\/h2>\t\t\t\t<\/div>\n\t\t\t\t<\/div>\n\t\t\t\t<div class=\"elementor-element elementor-element-9f30837 elementor-widget elementor-widget-image\" data-id=\"9f30837\" data-element_type=\"widget\" data-widget_type=\"image.default\">\n\t\t\t\t<div class=\"elementor-widget-container\">\n\t\t\t\t\t\t\t\t\t\t\t\t\t\t\t\t<a href=\"https:\/\/iberfence.com\/reductores\">\n\t\t\t\t\t\t\t<img decoding=\"async\" width=\"768\" height=\"575\" src=\"https:\/\/iberfence.com\/wp-content\/uploads\/2023\/05\/adaptador-para-clavadora-de-postes-ibf82x-768x575.jpg\" class=\"attachment-medium_large size-medium_large wp-image-3968\" alt=\"REDUCTOR NYLON PARA IBF-82X\" srcset=\"https:\/\/iberfence.com\/wp-content\/uploads\/2023\/05\/adaptador-para-clavadora-de-postes-ibf82x-768x575.jpg 768w, https:\/\/iberfence.com\/wp-content\/uploads\/2023\/05\/adaptador-para-clavadora-de-postes-ibf82x-300x225.jpg 300w, https:\/\/iberfence.com\/wp-content\/uploads\/2023\/05\/adaptador-para-clavadora-de-postes-ibf82x-1024x767.jpg 1024w, https:\/\/iberfence.com\/wp-content\/uploads\/2023\/05\/adaptador-para-clavadora-de-postes-ibf82x-16x12.jpg 16w, https:\/\/iberfence.com\/wp-content\/uploads\/2023\/05\/adaptador-para-clavadora-de-postes-ibf82x-250x187.jpg 250w, https:\/\/iberfence.com\/wp-content\/uploads\/2023\/05\/adaptador-para-clavadora-de-postes-ibf82x-500x375.jpg 500w, https:\/\/iberfence.com\/wp-content\/uploads\/2023\/05\/adaptador-para-clavadora-de-postes-ibf82x.jpg 1125w\" sizes=\"(max-width: 768px) 100vw, 768px\" \/>\t\t\t\t\t\t\t\t<\/a>\n\t\t\t\t\t\t\t\t\t\t\t\t\t\t\t<\/div>\n\t\t\t\t<\/div>\n\t\t\t\t\t<\/div>\n\t\t<\/div>\n\t\t\t\t<div class=\"elementor-column elementor-col-50 elementor-inner-column elementor-element elementor-element-c61e7ee\" data-id=\"c61e7ee\" data-element_type=\"column\">\n\t\t\t<div class=\"elementor-widget-wrap elementor-element-populated\">\n\t\t\t\t\t\t<div class=\"elementor-element elementor-element-64b2aeb elementor-widget elementor-widget-heading\" data-id=\"64b2aeb\" data-element_type=\"widget\" data-widget_type=\"heading.default\">\n\t\t\t\t<div class=\"elementor-widget-container\">\n\t\t\t\t\t<h2 class=\"elementor-heading-title elementor-size-default\">OTROS accesorios<\/h2>\t\t\t\t<\/div>\n\t\t\t\t<\/div>\n\t\t\t\t<div class=\"elementor-element elementor-element-9ddc955 elementor-widget elementor-widget-image\" data-id=\"9ddc955\" data-element_type=\"widget\" data-widget_type=\"image.default\">\n\t\t\t\t<div class=\"elementor-widget-container\">\n\t\t\t\t\t\t\t\t\t\t\t\t\t\t\t\t<a href=\"https:\/\/iberfence.com\/otros-accesorios\">\n\t\t\t\t\t\t\t<img loading=\"lazy\" decoding=\"async\" width=\"800\" height=\"571\" src=\"https:\/\/iberfence.com\/wp-content\/uploads\/2023\/02\/Otros-accesorios-1024x731.png\" class=\"attachment-large size-large wp-image-3255\" alt=\"Otros accesorios\" srcset=\"https:\/\/iberfence.com\/wp-content\/uploads\/2023\/02\/Otros-accesorios-1024x731.png.webp 1024w, https:\/\/iberfence.com\/wp-content\/uploads\/2023\/02\/Otros-accesorios-250x178.png 250w, https:\/\/iberfence.com\/wp-content\/uploads\/2023\/02\/Otros-accesorios-500x357.png 500w, https:\/\/iberfence.com\/wp-content\/uploads\/2023\/02\/Otros-accesorios-300x214.png.webp 300w, https:\/\/iberfence.com\/wp-content\/uploads\/2023\/02\/Otros-accesorios-768x548.png.webp 768w, https:\/\/iberfence.com\/wp-content\/uploads\/2023\/02\/Otros-accesorios.png.webp 1094w\" sizes=\"(max-width: 800px) 100vw, 800px\" \/>\t\t\t\t\t\t\t\t<\/a>\n\t\t\t\t\t\t\t\t\t\t\t\t\t\t\t<\/div>\n\t\t\t\t<\/div>\n\t\t\t\t\t<\/div>\n\t\t<\/div>\n\t\t\t\t\t<\/div>\n\t\t<\/section>\n\t\t\t\t<section class=\"elementor-section elementor-inner-section elementor-element elementor-element-6101cbd elementor-section-boxed elementor-section-height-default elementor-section-height-default\" data-id=\"6101cbd\" data-element_type=\"section\">\n\t\t\t\t\t\t<div class=\"elementor-container elementor-column-gap-default\">\n\t\t\t\t\t<div class=\"elementor-column elementor-col-50 elementor-inner-column elementor-element elementor-element-cdc57d7\" data-id=\"cdc57d7\" data-element_type=\"column\">\n\t\t\t<div class=\"elementor-widget-wrap elementor-element-populated\">\n\t\t\t\t\t\t<div class=\"elementor-element elementor-element-393d3b2 elementor-widget elementor-widget-heading\" data-id=\"393d3b2\" data-element_type=\"widget\" data-widget_type=\"heading.default\">\n\t\t\t\t<div class=\"elementor-widget-container\">\n\t\t\t\t\t<h2 class=\"elementor-heading-title elementor-size-default\">mantenimiento<\/h2>\t\t\t\t<\/div>\n\t\t\t\t<\/div>\n\t\t\t\t<div class=\"elementor-element elementor-element-17bb89c elementor-widget elementor-widget-image\" data-id=\"17bb89c\" data-element_type=\"widget\" data-widget_type=\"image.default\">\n\t\t\t\t<div class=\"elementor-widget-container\">\n\t\t\t\t\t\t\t\t\t\t\t\t\t\t\t\t<a href=\"https:\/\/iberfence.com\/mantenimiento\">\n\t\t\t\t\t\t\t<img loading=\"lazy\" decoding=\"async\" width=\"800\" height=\"610\" src=\"https:\/\/iberfence.com\/wp-content\/uploads\/2023\/06\/Service-Kit-IBF.png\" class=\"attachment-large size-large wp-image-4105\" alt=\"KIT DE MANTENIMIENTO PARA CLAVADORAS DE ESTACAS FARMER Y PRO SERIES\" srcset=\"https:\/\/iberfence.com\/wp-content\/uploads\/2023\/06\/Service-Kit-IBF.png 1024w, https:\/\/iberfence.com\/wp-content\/uploads\/2023\/06\/Service-Kit-IBF-300x229.png 300w, https:\/\/iberfence.com\/wp-content\/uploads\/2023\/06\/Service-Kit-IBF-768x586.png 768w, https:\/\/iberfence.com\/wp-content\/uploads\/2023\/06\/Service-Kit-IBF-16x12.png 16w, https:\/\/iberfence.com\/wp-content\/uploads\/2023\/06\/Service-Kit-IBF-250x191.png 250w, https:\/\/iberfence.com\/wp-content\/uploads\/2023\/06\/Service-Kit-IBF-500x381.png 500w\" sizes=\"(max-width: 800px) 100vw, 800px\" \/>\t\t\t\t\t\t\t\t<\/a>\n\t\t\t\t\t\t\t\t\t\t\t\t\t\t\t<\/div>\n\t\t\t\t<\/div>\n\t\t\t\t\t<\/div>\n\t\t<\/div>\n\t\t\t\t<div class=\"elementor-column elementor-col-50 elementor-inner-column elementor-element elementor-element-01ad505\" data-id=\"01ad505\" data-element_type=\"column\">\n\t\t\t<div class=\"elementor-widget-wrap elementor-element-populated\">\n\t\t\t\t\t\t<div class=\"elementor-element elementor-element-28611c7 elementor-widget elementor-widget-heading\" data-id=\"28611c7\" data-element_type=\"widget\" data-widget_type=\"heading.default\">\n\t\t\t\t<div class=\"elementor-widget-container\">\n\t\t\t\t\t<h2 class=\"elementor-heading-title elementor-size-default\">accesorios gripple<\/h2>\t\t\t\t<\/div>\n\t\t\t\t<\/div>\n\t\t\t\t<div class=\"elementor-element elementor-element-d59f73f elementor-widget elementor-widget-image\" data-id=\"d59f73f\" data-element_type=\"widget\" data-widget_type=\"image.default\">\n\t\t\t\t<div class=\"elementor-widget-container\">\n\t\t\t\t\t\t\t\t\t\t\t\t\t\t\t\t<a href=\"https:\/\/iberfence.com\/gripple\/\">\n\t\t\t\t\t\t\t<img loading=\"lazy\" decoding=\"async\" width=\"800\" height=\"571\" src=\"https:\/\/iberfence.com\/wp-content\/uploads\/2023\/02\/Gripple-1024x731.png\" class=\"attachment-large size-large wp-image-3257\" alt=\"Gripple\" srcset=\"https:\/\/iberfence.com\/wp-content\/uploads\/2023\/02\/Gripple-1024x731.png.webp 1024w, https:\/\/iberfence.com\/wp-content\/uploads\/2023\/02\/Gripple-250x178.png 250w, https:\/\/iberfence.com\/wp-content\/uploads\/2023\/02\/Gripple-500x357.png 500w, https:\/\/iberfence.com\/wp-content\/uploads\/2023\/02\/Gripple-300x214.png.webp 300w, https:\/\/iberfence.com\/wp-content\/uploads\/2023\/02\/Gripple-768x548.png.webp 768w, https:\/\/iberfence.com\/wp-content\/uploads\/2023\/02\/Gripple.png.webp 1094w\" sizes=\"(max-width: 800px) 100vw, 800px\" \/>\t\t\t\t\t\t\t\t<\/a>\n\t\t\t\t\t\t\t\t\t\t\t\t\t\t\t<\/div>\n\t\t\t\t<\/div>\n\t\t\t\t\t<\/div>\n\t\t<\/div>\n\t\t\t\t\t<\/div>\n\t\t<\/section>\n\t\t\t\t<section class=\"elementor-section elementor-inner-section elementor-element elementor-element-0b375cb elementor-section-boxed elementor-section-height-default elementor-section-height-default\" data-id=\"0b375cb\" data-element_type=\"section\">\n\t\t\t\t\t\t<div class=\"elementor-container elementor-column-gap-default\">\n\t\t\t\t\t<div class=\"elementor-column elementor-col-50 elementor-inner-column elementor-element elementor-element-b782e36\" data-id=\"b782e36\" data-element_type=\"column\">\n\t\t\t<div class=\"elementor-widget-wrap elementor-element-populated\">\n\t\t\t\t\t\t<div class=\"elementor-element elementor-element-54c8b9d elementor-widget elementor-widget-heading\" data-id=\"54c8b9d\" data-element_type=\"widget\" data-widget_type=\"heading.default\">\n\t\t\t\t<div class=\"elementor-widget-container\">\n\t\t\t\t\t<h2 class=\"elementor-heading-title elementor-size-default\">MOTORES<\/h2>\t\t\t\t<\/div>\n\t\t\t\t<\/div>\n\t\t\t\t<div class=\"elementor-element elementor-element-a31fd28 elementor-widget elementor-widget-image\" data-id=\"a31fd28\" data-element_type=\"widget\" data-widget_type=\"image.default\">\n\t\t\t\t<div class=\"elementor-widget-container\">\n\t\t\t\t\t\t\t\t\t\t\t\t\t\t\t\t<a href=\"https:\/\/iberfence.com\/motores\">\n\t\t\t\t\t\t\t<img loading=\"lazy\" decoding=\"async\" width=\"500\" height=\"500\" src=\"https:\/\/iberfence.com\/wp-content\/uploads\/2020\/10\/GX35_600X600PX__1_-removebg-preview-1.png\" class=\"attachment-large size-large wp-image-13\" alt=\"Motor clavadora de postes GX35\" srcset=\"https:\/\/iberfence.com\/wp-content\/uploads\/2020\/10\/GX35_600X600PX__1_-removebg-preview-1.png 500w, https:\/\/iberfence.com\/wp-content\/uploads\/2020\/10\/GX35_600X600PX__1_-removebg-preview-1-250x250.png 250w, https:\/\/iberfence.com\/wp-content\/uploads\/2020\/10\/GX35_600X600PX__1_-removebg-preview-1-100x100.png 100w, https:\/\/iberfence.com\/wp-content\/uploads\/2020\/10\/GX35_600X600PX__1_-removebg-preview-1-300x300.png 300w, https:\/\/iberfence.com\/wp-content\/uploads\/2020\/10\/GX35_600X600PX__1_-removebg-preview-1-150x150.png 150w, https:\/\/iberfence.com\/wp-content\/uploads\/2020\/10\/GX35_600X600PX__1_-removebg-preview-1-480x480.png 480w\" sizes=\"(max-width: 500px) 100vw, 500px\" \/>\t\t\t\t\t\t\t\t<\/a>\n\t\t\t\t\t\t\t\t\t\t\t\t\t\t\t<\/div>\n\t\t\t\t<\/div>\n\t\t\t\t\t<\/div>\n\t\t<\/div>\n\t\t\t\t<div class=\"elementor-column elementor-col-50 elementor-inner-column elementor-element elementor-element-c3cd8bb\" data-id=\"c3cd8bb\" data-element_type=\"column\">\n\t\t\t<div class=\"elementor-widget-wrap elementor-element-populated\">\n\t\t\t\t\t\t<div class=\"elementor-element elementor-element-d040e29 elementor-widget elementor-widget-heading\" data-id=\"d040e29\" data-element_type=\"widget\" data-widget_type=\"heading.default\">\n\t\t\t\t<div class=\"elementor-widget-container\">\n\t\t\t\t\t<h2 class=\"elementor-heading-title elementor-size-default\">DRIVING CAPS<\/h2>\t\t\t\t<\/div>\n\t\t\t\t<\/div>\n\t\t\t\t<div class=\"elementor-element elementor-element-04d6502 elementor-widget__width-initial elementor-widget elementor-widget-image\" data-id=\"04d6502\" data-element_type=\"widget\" data-widget_type=\"image.default\">\n\t\t\t\t<div class=\"elementor-widget-container\">\n\t\t\t\t\t\t\t\t\t\t\t\t\t\t\t\t<a href=\"https:\/\/iberfence.com\/adaptadores-driving-cap-para-clavado-dee-poste-metalico\/\">\n\t\t\t\t\t\t\t<img loading=\"lazy\" decoding=\"async\" width=\"799\" height=\"843\" src=\"https:\/\/iberfence.com\/wp-content\/uploads\/2024\/10\/Driving-cap-adaptador-para-poste-angulo-de-hierro.jpg\" class=\"attachment-large size-large wp-image-7213\" alt=\"Clavar \u00e1ngulo de hierro Clavar \u00e1ngulo L\" srcset=\"https:\/\/iberfence.com\/wp-content\/uploads\/2024\/10\/Driving-cap-adaptador-para-poste-angulo-de-hierro.jpg 799w, https:\/\/iberfence.com\/wp-content\/uploads\/2024\/10\/Driving-cap-adaptador-para-poste-angulo-de-hierro-284x300.jpg 284w, https:\/\/iberfence.com\/wp-content\/uploads\/2024\/10\/Driving-cap-adaptador-para-poste-angulo-de-hierro-768x810.jpg 768w, https:\/\/iberfence.com\/wp-content\/uploads\/2024\/10\/Driving-cap-adaptador-para-poste-angulo-de-hierro-11x12.jpg 11w, https:\/\/iberfence.com\/wp-content\/uploads\/2024\/10\/Driving-cap-adaptador-para-poste-angulo-de-hierro-250x264.jpg 250w, https:\/\/iberfence.com\/wp-content\/uploads\/2024\/10\/Driving-cap-adaptador-para-poste-angulo-de-hierro-500x528.jpg 500w\" sizes=\"(max-width: 799px) 100vw, 799px\" \/>\t\t\t\t\t\t\t\t<\/a>\n\t\t\t\t\t\t\t\t\t\t\t\t\t\t\t<\/div>\n\t\t\t\t<\/div>\n\t\t\t\t\t<\/div>\n\t\t<\/div>\n\t\t\t\t\t<\/div>\n\t\t<\/section>\n\t\t\t\t\t<\/div>\n\t\t<\/div>\n\t\t\t\t\t<\/div>\n\t\t<\/section>\n\t\t\t\t<\/div>\n\t\t","protected":false},"excerpt":{"rendered":"<p>ACCESORIOS En esta secci\u00f3n te presentamos nuestra selecci\u00f3n de accesorios dise\u00f1ados para mejorar la eficiencia y la precisi\u00f3n en tus proyectos de clavado de postes y estacas. Desde adaptadores para terrenos dif\u00edciles hasta herramientas de mantenimiento, ofrecemos todo lo que necesitas para potenciar tu trabajo. Descubre c\u00f3mo nuestros accesorios pueden facilitar tus tareas diarias. Con [&hellip;]<\/p>\n","protected":false},"author":4,"featured_media":0,"parent":0,"menu_order":0,"comment_status":"closed","ping_status":"closed","template":"","meta":{"_joinchat":[],"footnotes":""},"class_list":["post-3232","page","type-page","status-publish","hentry"],"_links":{"self":[{"href":"https:\/\/iberfence.com\/es\/wp-json\/wp\/v2\/pages\/3232","targetHints":{"allow":["GET"]}}],"collection":[{"href":"https:\/\/iberfence.com\/es\/wp-json\/wp\/v2\/pages"}],"about":[{"href":"https:\/\/iberfence.com\/es\/wp-json\/wp\/v2\/types\/page"}],"author":[{"embeddable":true,"href":"https:\/\/iberfence.com\/es\/wp-json\/wp\/v2\/users\/4"}],"replies":[{"embeddable":true,"href":"https:\/\/iberfence.com\/es\/wp-json\/wp\/v2\/comments?post=3232"}],"version-history":[{"count":15,"href":"https:\/\/iberfence.com\/es\/wp-json\/wp\/v2\/pages\/3232\/revisions"}],"predecessor-version":[{"id":7340,"href":"https:\/\/iberfence.com\/es\/wp-json\/wp\/v2\/pages\/3232\/revisions\/7340"}],"wp:attachment":[{"href":"https:\/\/iberfence.com\/es\/wp-json\/wp\/v2\/media?parent=3232"}],"curies":[{"name":"wp","href":"https:\/\/api.w.org\/{rel}","templated":true}]}}