{"id":921,"date":"2022-06-02T12:40:21","date_gmt":"2022-06-02T10:40:21","guid":{"rendered":"https:\/\/iberfence.com\/?post_type=product&#038;p=921"},"modified":"2024-11-25T14:06:32","modified_gmt":"2024-11-25T12:06:32","slug":"ibf-power-lift","status":"publish","type":"product","link":"https:\/\/iberfence.com\/en\/product\/ibf-power-lift\/","title":{"rendered":"Iberfence IBF Power Lift &#8211; Extractor de postes a motor"},"content":{"rendered":"<p>Ahorre tiempo al extraer postes, tuber\u00edas, varillas y estacas con el extractor de postes y estacas motorizado Iberfence Power Lift.<\/p>\n<p>Este extractor con motor de gasolina Honda GX50, extrae los postes dos veces m\u00e1s r\u00e1pido en comparaci\u00f3n con la energ\u00eda manual. Tambi\u00e9n ofrece resultados superiores al tirar m\u00e1s r\u00e1pido y m\u00e1s recto que un extractor manual.<\/p>\n<p>The Iberfence Power Lift is powered by a 2.0 horsepower Honda GX50 engine, which together with a high power clutch, makes this puller deliver 2700 KG of pulling power.<\/p>\n<p>Four sets of quick-change forged steel jaws are included, so you can pull out 1\/2\u201d to 3-1\/4\u201d diameter posts, pipes, rebar and stakes from wood. Also included is a pitchfork tent stake adapter for pulling tent stakes and tents nailed down to ground level.<\/p>\n<p>The 100% Post and Stake Puller is self-contained, easy to maneuver with pneumatic wheels and turf and all-terrain tread that never go flat.<\/p>\n<p>No hoses or compressors are needed. Assembly.<\/p>\n<p><iframe title=\"\u26a1Extractor de postes y estacas a motor #iberfence Power Lift\" width=\"800\" height=\"450\" src=\"https:\/\/www.youtube.com\/embed\/zWMPxgH6gnE?feature=oembed\" frameborder=\"0\" allow=\"accelerometer; autoplay; clipboard-write; encrypted-media; gyroscope; picture-in-picture; web-share\" referrerpolicy=\"strict-origin-when-cross-origin\" allowfullscreen><\/iframe><\/p>\n<p>This puller is not designed to pull posts or stakes embedded in concrete.<\/p>","protected":false},"excerpt":{"rendered":"<p>Save time when removing posts, pipes, rods and stakes with the Iberfence Power Lift post and stake extractor. This Honda gasoline powered puller pulls posts twice as fast compared to manual power. It also offers superior results by pulling faster and straighter than a manual puller.<\/p>","protected":false},"featured_media":737,"template":"","meta":{"_joinchat":[]},"product_brand":[],"product_cat":[841],"product_tag":[850,849,852,851,844,842,845,843,857,856,858,664,853,855,854,846,663,847,848],"class_list":{"0":"post-921","1":"product","2":"type-product","3":"status-publish","4":"has-post-thumbnail","6":"product_cat-extractores","7":"product_tag-estrattore-di-pali","8":"product_tag-extract-stakes","9":"product_tag-extracteur-de-piquets","10":"product_tag-extracteur-de-poteaux","11":"product_tag-extractor-de-estacas","12":"product_tag-extractor-de-postes","13":"product_tag-extraer-estacas","14":"product_tag-extraer-poste","15":"product_tag-extrator-de-estacas","16":"product_tag-extrator-de-postes","17":"product_tag-ibf-power-lift","18":"product_tag-lifter","19":"product_tag-paaltrekker","20":"product_tag-pfahlzieher","21":"product_tag-pfostenzieher","22":"product_tag-post-extractor","23":"product_tag-post-lifter","24":"product_tag-pull-out-post","25":"product_tag-stake-extractor","26":"product_shipping_class-heavy-package","28":"first","29":"instock","30":"taxable","31":"shipping-taxable","32":"purchasable","33":"product-type-simple"},"_links":{"self":[{"href":"https:\/\/iberfence.com\/en\/wp-json\/wp\/v2\/product\/921","targetHints":{"allow":["GET"]}}],"collection":[{"href":"https:\/\/iberfence.com\/en\/wp-json\/wp\/v2\/product"}],"about":[{"href":"https:\/\/iberfence.com\/en\/wp-json\/wp\/v2\/types\/product"}],"version-history":[{"count":1,"href":"https:\/\/iberfence.com\/en\/wp-json\/wp\/v2\/product\/921\/revisions"}],"predecessor-version":[{"id":7113,"href":"https:\/\/iberfence.com\/en\/wp-json\/wp\/v2\/product\/921\/revisions\/7113"}],"wp:featuredmedia":[{"embeddable":true,"href":"https:\/\/iberfence.com\/en\/wp-json\/wp\/v2\/media\/737"}],"wp:attachment":[{"href":"https:\/\/iberfence.com\/en\/wp-json\/wp\/v2\/media?parent=921"}],"wp:term":[{"taxonomy":"product_brand","embeddable":true,"href":"https:\/\/iberfence.com\/en\/wp-json\/wp\/v2\/product_brand?post=921"},{"taxonomy":"product_cat","embeddable":true,"href":"https:\/\/iberfence.com\/en\/wp-json\/wp\/v2\/product_cat?post=921"},{"taxonomy":"product_tag","embeddable":true,"href":"https:\/\/iberfence.com\/en\/wp-json\/wp\/v2\/product_tag?post=921"}],"curies":[{"name":"wp","href":"https:\/\/api.w.org\/{rel}","templated":true}]}}