{"id":8789,"date":"2026-01-22T13:13:47","date_gmt":"2026-01-22T11:13:47","guid":{"rendered":"https:\/\/iberfence.com\/?post_type=product&#038;p=8789"},"modified":"2026-01-22T13:20:09","modified_gmt":"2026-01-22T11:20:09","slug":"extension-de-garantia-oficial-iberfence","status":"publish","type":"product","link":"https:\/\/iberfence.com\/en\/product\/extension-de-garantia-oficial-iberfence\/","title":{"rendered":"Extensi\u00f3n de garant\u00eda oficial Iberfence"},"content":{"rendered":"<p data-start=\"172\" data-end=\"419\">Asegura tu inversi\u00f3n y trabaja sin preocupaciones. Con la <strong data-start=\"230\" data-end=\"265\">Extensi\u00f3n de Garant\u00eda Iberfence<\/strong> ampl\u00edas la cobertura de tu clavadora de estacas\u00a0 <strong>6 o 12 meses adicionales<\/strong>, manteniendo <strong data-start=\"356\" data-end=\"418\">exactamente las mismas condiciones de la garant\u00eda original<\/strong>.<\/p>\n<p data-start=\"421\" data-end=\"544\">&#x2714; Incluye mano de obra y materiales<br data-start=\"456\" data-end=\"459\" \/>&#x2714; Servicio t\u00e9cnico oficial Iberfence<br data-start=\"495\" data-end=\"498\" \/>&#x2714; Cobertura frente a defectos de fabricaci\u00f3n<\/p>","protected":false},"excerpt":{"rendered":"<p data-start=\"546\" data-end=\"708\">Esta extensi\u00f3n <strong data-start=\"561\" data-end=\"595\">no sustituye la garant\u00eda legal<\/strong>, sino que la prolonga conforme al <strong data-start=\"630\" data-end=\"674\">Real Decreto Legislativo 1\/2007 (Espa\u00f1a)<\/strong> y la <strong data-start=\"680\" data-end=\"707\">Directiva (UE) 2019\/771<\/strong>.<\/p>\n<p data-start=\"710\" data-end=\"776\">&#x2757; No incluye gastos de transporte ni da\u00f1os por desgaste o mal uso.<br \/>\n&#x2757;No sustituye ni ampl\u00eda la garant\u00eda del motor<\/p>\n<p data-start=\"778\" data-end=\"826\">M\u00e1s garant\u00eda, m\u00e1s tranquilidad, m\u00e1s rendimiento.<\/p>","protected":false},"featured_media":8794,"template":"","meta":{"_joinchat":[]},"product_brand":[],"product_cat":[34],"product_tag":[884,885],"class_list":{"0":"post-8789","1":"product","2":"type-product","3":"status-publish","4":"has-post-thumbnail","6":"product_cat-categoria-accesorios","7":"product_tag-extension","8":"product_tag-garantia","10":"first","11":"instock","12":"taxable","13":"shipping-taxable","14":"purchasable","15":"product-type-variable"},"_links":{"self":[{"href":"https:\/\/iberfence.com\/en\/wp-json\/wp\/v2\/product\/8789","targetHints":{"allow":["GET"]}}],"collection":[{"href":"https:\/\/iberfence.com\/en\/wp-json\/wp\/v2\/product"}],"about":[{"href":"https:\/\/iberfence.com\/en\/wp-json\/wp\/v2\/types\/product"}],"version-history":[{"count":3,"href":"https:\/\/iberfence.com\/en\/wp-json\/wp\/v2\/product\/8789\/revisions"}],"predecessor-version":[{"id":8797,"href":"https:\/\/iberfence.com\/en\/wp-json\/wp\/v2\/product\/8789\/revisions\/8797"}],"wp:featuredmedia":[{"embeddable":true,"href":"https:\/\/iberfence.com\/en\/wp-json\/wp\/v2\/media\/8794"}],"wp:attachment":[{"href":"https:\/\/iberfence.com\/en\/wp-json\/wp\/v2\/media?parent=8789"}],"wp:term":[{"taxonomy":"product_brand","embeddable":true,"href":"https:\/\/iberfence.com\/en\/wp-json\/wp\/v2\/product_brand?post=8789"},{"taxonomy":"product_cat","embeddable":true,"href":"https:\/\/iberfence.com\/en\/wp-json\/wp\/v2\/product_cat?post=8789"},{"taxonomy":"product_tag","embeddable":true,"href":"https:\/\/iberfence.com\/en\/wp-json\/wp\/v2\/product_tag?post=8789"}],"curies":[{"name":"wp","href":"https:\/\/api.w.org\/{rel}","templated":true}]}}