{"id":8538,"date":"2025-03-21T12:22:48","date_gmt":"2025-03-21T10:22:48","guid":{"rendered":"https:\/\/iberfence.com\/?post_type=product&#038;p=8538"},"modified":"2025-05-05T11:09:48","modified_gmt":"2025-05-05T09:09:48","slug":"motor-original-honda-gx50-ohc","status":"publish","type":"product","link":"https:\/\/iberfence.com\/en\/product\/motor-original-honda-gx50-ohc\/","title":{"rendered":"Motor original Honda GX50 ST4"},"content":{"rendered":"<h4>Characteristic:<\/h4>\n<ul>\n<li style=\"list-style-type: none;\">\n<ul>\n<li><strong>The 4-stroke engine is the first that can be tilted 360\u00ba to work in any position<\/strong><\/li>\n<li><strong>Design\u00a0<a href=\"https:\/\/www.honda-engines-eu.com\/es\/productos\/ohc\">OHC<\/a>\u00a0with silent timing belt, make this engine light and compact with very little maintenance<\/strong><\/li>\n<li><strong>Easy starting, low noise and excellent acceleration<\/strong><\/li>\n<li><strong>High-quality materials and components that ensure greater long-term performance<\/strong><\/li>\n<li><strong>Engines comply with the most demanding environmental legislation in the world<\/strong><\/li>\n<li><strong>Low fuel and oil consumption<\/strong><\/li>\n<\/ul>\n<\/li>\n<\/ul>","protected":false},"excerpt":{"rendered":"<h4>El nuevo motor GX50 ST4 de 47.9 cm\u00b3, es una fuente de alimentaci\u00f3n adecuada para aplicaciones port\u00e1tiles como desbrozadoras y no port\u00e1tiles como reglas vibradoras, motoazadas y bombas. Este motor es el substituto perfecto para los motores de 2 tiempos en varias aplicaciones.<\/h4>\n<h4>Technical specifications:<\/h4>\n<ul>\n<li class=\"spec-list-line\"><strong><span class=\"spec-list-label\">TYPE OF MOTOR <\/span><span class=\"spec-list-text\">Single cylinder \u2013 4 stroke<br \/>\nOHC gasoline engine<br \/>\n<\/span><\/strong><\/li>\n<li class=\"spec-list-line\"><strong><span class=\"spec-list-label\">CALIBRE X CARRERA 43 x 33 mm<\/span><\/strong><\/li>\n<li class=\"spec-list-line\"><strong><span class=\"spec-list-label\">CILINDRADA 47.9 cm\u00b3<\/span><\/strong><\/li>\n<li class=\"spec-list-line\"><strong><span class=\"spec-list-label\">COMPRESSION RATIO <\/span><span class=\"spec-list-text\">8.0 : 1<\/span><\/strong><\/li>\n<li class=\"spec-list-line\"><strong><span class=\"spec-list-label\">POTENCIA NETA 1.47 kW ( 2.0 HP ) \/ 7000 rpm<\/span><\/strong><\/li>\n<li class=\"spec-list-line\"><strong><span class=\"spec-list-label\">PAR M\u00c1XIMO NETO 2.2 Nm ( 0.22 kgfm ) \/ 5000 rpm<\/span><\/strong><\/li>\n<li class=\"spec-list-line\"><strong><span class=\"spec-list-label\">IGNITION SYSTEM <\/span><span class=\"spec-list-text\">Transistorized<\/span><\/strong><\/li>\n<li class=\"spec-list-line\"><strong><span class=\"spec-list-label\">STARTING MOTOR <\/span><span class=\"spec-list-text\">starter puller<\/span><\/strong><\/li>\n<li class=\"spec-list-line\"><strong><span class=\"spec-list-label\">FUEL TANK CAPACITY <\/span><span class=\"spec-list-text\">0.63 Liter<\/span><\/strong><\/li>\n<li class=\"spec-list-line\"><strong><span class=\"spec-list-label\">CONSUMO DE COMBUSTIBLE A LA POTENCIA NETA 0.97 L\/H 7000 rpm<\/span><\/strong><\/li>\n<li class=\"spec-list-line\"><strong><span class=\"spec-list-label\">LUBRICATION <\/span><span class=\"spec-list-text\">oil mist<\/span><\/strong><\/li>\n<li class=\"spec-list-line\"><strong><span class=\"spec-list-label\">CAPACIDAD DE ACEITE 0.13 Litro<\/span><\/strong><\/li>\n<li class=\"spec-list-line\"><strong><span class=\"spec-list-label\">DIMENSIONES (L X A X A) 199 x 260 x 263 mm<\/span><\/strong><\/li>\n<li class=\"spec-list-line\"><strong><span class=\"spec-list-label\">PESO EN SECO 4.13 kg<\/span><\/strong><\/li>\n<\/ul>","protected":false},"featured_media":8539,"template":"","meta":{"_joinchat":[]},"product_brand":[],"product_cat":[34,660],"product_tag":[52,50,49,883,53,48,51],"class_list":{"0":"post-8538","1":"product","2":"type-product","3":"status-publish","4":"has-post-thumbnail","6":"product_cat-categoria-accesorios","7":"product_cat-motores","8":"product_tag-clavadora-de-estacas","9":"product_tag-desbrozadora","10":"product_tag-gx35","11":"product_tag-gx50","12":"product_tag-hincadora","13":"product_tag-honda","14":"product_tag-ohc","16":"first","17":"instock","18":"taxable","19":"shipping-taxable","20":"purchasable","21":"product-type-simple"},"_links":{"self":[{"href":"https:\/\/iberfence.com\/en\/wp-json\/wp\/v2\/product\/8538","targetHints":{"allow":["GET"]}}],"collection":[{"href":"https:\/\/iberfence.com\/en\/wp-json\/wp\/v2\/product"}],"about":[{"href":"https:\/\/iberfence.com\/en\/wp-json\/wp\/v2\/types\/product"}],"version-history":[{"count":1,"href":"https:\/\/iberfence.com\/en\/wp-json\/wp\/v2\/product\/8538\/revisions"}],"predecessor-version":[{"id":8541,"href":"https:\/\/iberfence.com\/en\/wp-json\/wp\/v2\/product\/8538\/revisions\/8541"}],"wp:featuredmedia":[{"embeddable":true,"href":"https:\/\/iberfence.com\/en\/wp-json\/wp\/v2\/media\/8539"}],"wp:attachment":[{"href":"https:\/\/iberfence.com\/en\/wp-json\/wp\/v2\/media?parent=8538"}],"wp:term":[{"taxonomy":"product_brand","embeddable":true,"href":"https:\/\/iberfence.com\/en\/wp-json\/wp\/v2\/product_brand?post=8538"},{"taxonomy":"product_cat","embeddable":true,"href":"https:\/\/iberfence.com\/en\/wp-json\/wp\/v2\/product_cat?post=8538"},{"taxonomy":"product_tag","embeddable":true,"href":"https:\/\/iberfence.com\/en\/wp-json\/wp\/v2\/product_tag?post=8538"}],"curies":[{"name":"wp","href":"https:\/\/api.w.org\/{rel}","templated":true}]}}