{"id":731,"date":"2022-05-31T11:51:27","date_gmt":"2022-05-31T09:51:27","guid":{"rendered":"https:\/\/iberfence.com\/producto\/extractor-de-postes-manual\/"},"modified":"2024-10-21T17:01:26","modified_gmt":"2024-10-21T15:01:26","slug":"extractor-de-postes-manual","status":"publish","type":"product","link":"https:\/\/iberfence.com\/en\/product\/extractor-de-postes-manual\/","title":{"rendered":"manual post puller"},"content":{"rendered":"","protected":false},"excerpt":{"rendered":"<p>Nuestros repuestos originales aseguran el m\u00e1ximo confort, seguridad y garant\u00eda, puesto que todos cumplen con los est\u00e1ndares de calidad m\u00e1s exigentes.<\/p>","protected":false},"featured_media":1129,"template":"","meta":{"_joinchat":[]},"product_brand":[],"product_cat":[841],"product_tag":[850,849,852,851,844,842,845,843,857,856,858,853,855,854,846,847,848],"class_list":{"0":"post-731","1":"product","2":"type-product","3":"status-publish","4":"has-post-thumbnail","6":"product_cat-extractores","7":"product_tag-estrattore-di-pali","8":"product_tag-extract-stakes","9":"product_tag-extracteur-de-piquets","10":"product_tag-extracteur-de-poteaux","11":"product_tag-extractor-de-estacas","12":"product_tag-extractor-de-postes","13":"product_tag-extraer-estacas","14":"product_tag-extraer-poste","15":"product_tag-extrator-de-estacas","16":"product_tag-extrator-de-postes","17":"product_tag-ibf-power-lift","18":"product_tag-paaltrekker","19":"product_tag-pfahlzieher","20":"product_tag-pfostenzieher","21":"product_tag-post-extractor","22":"product_tag-pull-out-post","23":"product_tag-stake-extractor","25":"first","26":"outofstock","27":"sale","28":"taxable","29":"shipping-taxable","30":"purchasable","31":"product-type-simple"},"_links":{"self":[{"href":"https:\/\/iberfence.com\/en\/wp-json\/wp\/v2\/product\/731","targetHints":{"allow":["GET"]}}],"collection":[{"href":"https:\/\/iberfence.com\/en\/wp-json\/wp\/v2\/product"}],"about":[{"href":"https:\/\/iberfence.com\/en\/wp-json\/wp\/v2\/types\/product"}],"version-history":[{"count":1,"href":"https:\/\/iberfence.com\/en\/wp-json\/wp\/v2\/product\/731\/revisions"}],"predecessor-version":[{"id":7193,"href":"https:\/\/iberfence.com\/en\/wp-json\/wp\/v2\/product\/731\/revisions\/7193"}],"wp:featuredmedia":[{"embeddable":true,"href":"https:\/\/iberfence.com\/en\/wp-json\/wp\/v2\/media\/1129"}],"wp:attachment":[{"href":"https:\/\/iberfence.com\/en\/wp-json\/wp\/v2\/media?parent=731"}],"wp:term":[{"taxonomy":"product_brand","embeddable":true,"href":"https:\/\/iberfence.com\/en\/wp-json\/wp\/v2\/product_brand?post=731"},{"taxonomy":"product_cat","embeddable":true,"href":"https:\/\/iberfence.com\/en\/wp-json\/wp\/v2\/product_cat?post=731"},{"taxonomy":"product_tag","embeddable":true,"href":"https:\/\/iberfence.com\/en\/wp-json\/wp\/v2\/product_tag?post=731"}],"curies":[{"name":"wp","href":"https:\/\/api.w.org\/{rel}","templated":true}]}}