{"id":728,"date":"2022-05-31T11:51:27","date_gmt":"2022-05-31T09:51:27","guid":{"rendered":"https:\/\/iberfence.com\/producto\/iberfence-ibf-nylon-adapter-60mm-for-ibf-82\/"},"modified":"2023-03-02T12:48:48","modified_gmt":"2023-03-02T10:48:48","slug":"ibf-nylon-adapter-60mm-for-ibf-82","status":"publish","type":"product","link":"https:\/\/iberfence.com\/en\/product\/ibf-nylon-adapter-60mm-for-ibf-82\/","title":{"rendered":"60mm nylon reducer (IBF-82)"},"content":{"rendered":"<p>Increases the ability to drive thinner posts; ideal for photovoltaic poles and vineyard poles among others, the adapter sleeves are made of resistant nylon.<\/p>\n<p>Internal diameter of 60mm round. Suitable for inserting ground anchors.<\/p>\n<h5>easy to install<\/h5>\n<p>Slides in and out with rubber o-rings.<\/p>\n<h5>What adapters do I need?<\/h5>\n<p>For the most effective use of the nailer, the size of the adapter should fit your studs perfectly. We recommend that the adapter be no more than 5-10mm larger than your post. For profiled posts; squares\/T-shapes, etc., outside corners must be within this capacity.<\/p>\n<p>If you are unsure which adapter is right for you, please contact us for advice specific to your application.<\/p>\n<p>IBF-82 Compatible<\/p>","protected":false},"excerpt":{"rendered":"<p>Aumenta la capacidad de clavar postes m\u00e1s finos; ideal para postes fotovoltaicos y postes de vi\u00f1edos entre otros, las fundas adaptadoras est\u00e1n hechas de nylon resistente. Di\u00e1metro interno de 60mm redondo. Adecuado para insertar anclajes de suelo. Facil de instalar Se desliza hacia adentro y hacia afuera con juntas t\u00f3ricas de goma. \u00bfQu\u00e9 adaptadores necesito? [&hellip;]<\/p>","protected":false},"featured_media":1140,"template":"","meta":{"_joinchat":[]},"product_brand":[],"product_cat":[34],"product_tag":[567,52,565,538,573],"class_list":{"0":"post-728","1":"product","2":"type-product","3":"status-publish","4":"has-post-thumbnail","6":"product_cat-categoria-accesorios","7":"product_tag-adaptador","8":"product_tag-clavadora-de-estacas","9":"product_tag-ibf-52","10":"product_tag-ibf-82","11":"product_tag-reductor","13":"first","14":"instock","15":"taxable","16":"shipping-taxable","17":"purchasable","18":"product-type-simple"},"_links":{"self":[{"href":"https:\/\/iberfence.com\/en\/wp-json\/wp\/v2\/product\/728","targetHints":{"allow":["GET"]}}],"collection":[{"href":"https:\/\/iberfence.com\/en\/wp-json\/wp\/v2\/product"}],"about":[{"href":"https:\/\/iberfence.com\/en\/wp-json\/wp\/v2\/types\/product"}],"version-history":[{"count":0,"href":"https:\/\/iberfence.com\/en\/wp-json\/wp\/v2\/product\/728\/revisions"}],"wp:featuredmedia":[{"embeddable":true,"href":"https:\/\/iberfence.com\/en\/wp-json\/wp\/v2\/media\/1140"}],"wp:attachment":[{"href":"https:\/\/iberfence.com\/en\/wp-json\/wp\/v2\/media?parent=728"}],"wp:term":[{"taxonomy":"product_brand","embeddable":true,"href":"https:\/\/iberfence.com\/en\/wp-json\/wp\/v2\/product_brand?post=728"},{"taxonomy":"product_cat","embeddable":true,"href":"https:\/\/iberfence.com\/en\/wp-json\/wp\/v2\/product_cat?post=728"},{"taxonomy":"product_tag","embeddable":true,"href":"https:\/\/iberfence.com\/en\/wp-json\/wp\/v2\/product_tag?post=728"}],"curies":[{"name":"wp","href":"https:\/\/api.w.org\/{rel}","templated":true}]}}