{"id":714,"date":"2022-05-31T11:51:25","date_gmt":"2022-05-31T11:51:25","guid":{"rendered":"https:\/\/iberfence.com\/producto\/20-retainer-kit\/"},"modified":"2023-06-12T12:04:22","modified_gmt":"2023-06-12T10:04:22","slug":"20-retainer-kit","status":"publish","type":"product","link":"https:\/\/iberfence.com\/en\/product\/20-retainer-kit\/","title":{"rendered":"20 RETAINERS KIT"},"content":{"rendered":"<p>Aqu\u00ed encontrar\u00e1s toda la informaci\u00f3n relacionada con 20 RETAINERS KIT<\/p>\n<h1 class=\"product_title entry-title elementor-heading-title elementor-size-default\"><\/h1>","protected":false},"excerpt":{"rendered":"<p>Aqu\u00ed encontrar\u00e1s toda la informaci\u00f3n relacionada con 20 RETAINERS KIT<\/p>","protected":false},"featured_media":974,"template":"","meta":{"_joinchat":[]},"product_brand":[],"product_cat":[44,42,43,32],"product_tag":[],"class_list":{"0":"post-714","1":"product","2":"type-product","3":"status-publish","4":"has-post-thumbnail","6":"product_cat-ibf-100","7":"product_cat-ibf-52","8":"product_cat-ibf-82","9":"product_cat-categoria-recambios","11":"first","12":"instock","13":"taxable","14":"shipping-taxable","15":"purchasable","16":"product-type-simple"},"_links":{"self":[{"href":"https:\/\/iberfence.com\/en\/wp-json\/wp\/v2\/product\/714","targetHints":{"allow":["GET"]}}],"collection":[{"href":"https:\/\/iberfence.com\/en\/wp-json\/wp\/v2\/product"}],"about":[{"href":"https:\/\/iberfence.com\/en\/wp-json\/wp\/v2\/types\/product"}],"version-history":[{"count":0,"href":"https:\/\/iberfence.com\/en\/wp-json\/wp\/v2\/product\/714\/revisions"}],"wp:featuredmedia":[{"embeddable":true,"href":"https:\/\/iberfence.com\/en\/wp-json\/wp\/v2\/media\/974"}],"wp:attachment":[{"href":"https:\/\/iberfence.com\/en\/wp-json\/wp\/v2\/media?parent=714"}],"wp:term":[{"taxonomy":"product_brand","embeddable":true,"href":"https:\/\/iberfence.com\/en\/wp-json\/wp\/v2\/product_brand?post=714"},{"taxonomy":"product_cat","embeddable":true,"href":"https:\/\/iberfence.com\/en\/wp-json\/wp\/v2\/product_cat?post=714"},{"taxonomy":"product_tag","embeddable":true,"href":"https:\/\/iberfence.com\/en\/wp-json\/wp\/v2\/product_tag?post=714"}],"curies":[{"name":"wp","href":"https:\/\/api.w.org\/{rel}","templated":true}]}}