{"id":4753,"date":"2024-01-04T17:05:21","date_gmt":"2024-01-04T15:05:21","guid":{"rendered":"https:\/\/iberfence.com\/?post_type=product&#038;p=4753"},"modified":"2025-05-21T12:41:01","modified_gmt":"2025-05-21T10:41:01","slug":"aceite-sae-30-para-motores-de-cuatro-tiempos-oleo-mac","status":"publish","type":"product","link":"https:\/\/iberfence.com\/en\/product\/aceite-sae-30-para-motores-de-cuatro-tiempos-oleo-mac\/","title":{"rendered":"SAE 10W-30 OLEO MAC oil"},"content":{"rendered":"<p>Aceite para motor 4 Tiempos SAE30 (10W-30) Oleo-Mac 600ml<\/p>\n<p>Ref: 001001550<\/p>","protected":false},"excerpt":{"rendered":"<p>Bote de 600 ml. de aceite mineral de alta refinaci\u00f3n con grado SAE 30, expresamente formulado para motores de 4 tiempos refrigerados por aire o agua, espec\u00edficos para el uso en nuestras clavadoras de estacas y postes as\u00ed como en otro material de jardiner\u00eda.<\/p>\n<p>De base mineral con una combinaci\u00f3n especial de aditivos que le confiere \u00f3ptimas propiedades detergentes\/dispersantes, antioxidantes, anticorrosivas y anti desgaste. Supera las especificaciones: API SG\/CE, MIL &#8211; L -2104 D, MIL &#8211; L &#8211; 46152 C.<\/p>","protected":false},"featured_media":4760,"template":"","meta":{"_joinchat":[]},"product_brand":[],"product_cat":[34,660,32],"product_tag":[676],"class_list":{"0":"post-4753","1":"product","2":"type-product","3":"status-publish","4":"has-post-thumbnail","6":"product_cat-categoria-accesorios","7":"product_cat-motores","8":"product_cat-categoria-recambios","9":"product_tag-oleomac","11":"first","12":"instock","13":"taxable","14":"shipping-taxable","15":"purchasable","16":"product-type-simple"},"_links":{"self":[{"href":"https:\/\/iberfence.com\/en\/wp-json\/wp\/v2\/product\/4753","targetHints":{"allow":["GET"]}}],"collection":[{"href":"https:\/\/iberfence.com\/en\/wp-json\/wp\/v2\/product"}],"about":[{"href":"https:\/\/iberfence.com\/en\/wp-json\/wp\/v2\/types\/product"}],"version-history":[{"count":1,"href":"https:\/\/iberfence.com\/en\/wp-json\/wp\/v2\/product\/4753\/revisions"}],"predecessor-version":[{"id":8558,"href":"https:\/\/iberfence.com\/en\/wp-json\/wp\/v2\/product\/4753\/revisions\/8558"}],"wp:featuredmedia":[{"embeddable":true,"href":"https:\/\/iberfence.com\/en\/wp-json\/wp\/v2\/media\/4760"}],"wp:attachment":[{"href":"https:\/\/iberfence.com\/en\/wp-json\/wp\/v2\/media?parent=4753"}],"wp:term":[{"taxonomy":"product_brand","embeddable":true,"href":"https:\/\/iberfence.com\/en\/wp-json\/wp\/v2\/product_brand?post=4753"},{"taxonomy":"product_cat","embeddable":true,"href":"https:\/\/iberfence.com\/en\/wp-json\/wp\/v2\/product_cat?post=4753"},{"taxonomy":"product_tag","embeddable":true,"href":"https:\/\/iberfence.com\/en\/wp-json\/wp\/v2\/product_tag?post=4753"}],"curies":[{"name":"wp","href":"https:\/\/api.w.org\/{rel}","templated":true}]}}