{"id":3738,"date":"2023-03-02T12:40:36","date_gmt":"2023-03-02T10:40:36","guid":{"rendered":"https:\/\/iberfence.com\/?post_type=product&#038;p=3738"},"modified":"2023-07-12T11:41:36","modified_gmt":"2023-07-12T09:41:36","slug":"reductor-nylon-46-60mm-para-farmer-100-120","status":"publish","type":"product","link":"https:\/\/iberfence.com\/en\/product\/reductor-nylon-46-60mm-para-farmer-100-120\/","title":{"rendered":"Nylon reducer 46-60mm for Farmer 100\/120"},"content":{"rendered":"<p>Increases the ability to drive thinner posts; ideal for photovoltaic poles and vineyard poles among others, the adapter sleeves are made of resistant nylon.<\/p>\n<p>Internal diameter of 46mm round. Suitable for posts, stakes and stakes from 46 to 60mm<\/p>\n<h5>easy to install<\/h5>\n<p>Slides in and out with rubber o-rings.<\/p>\n<h5>What adapters do I need?<\/h5>\n<p>For the most effective use of the nailer, the size of the adapter should fit your studs perfectly. We recommend that the adapter be no more than 5-10mm larger than your post. For profiled posts; squares\/T-shapes, etc., outside corners must be within this capacity.<\/p>\n<p>If you are unsure which adapter is right for you, please contact us for advice specific to your application.<\/p>","protected":false},"excerpt":{"rendered":"<p>Aumenta la capacidad de clavar postes m\u00e1s finos; ideal para postes fotovoltaicos y postes de vi\u00f1edos entre otros, las fundas adaptadoras est\u00e1n hechas de nylon resistente. Di\u00e1metro interno de 46mm redondo.\u00a0 Apto para postes, estacas y tutores de 46 a 60mm Facil de instalar Se desliza hacia adentro y hacia afuera con juntas t\u00f3ricas de [&hellip;]<\/p>","protected":false},"featured_media":4433,"template":"","meta":{"_joinchat":[]},"product_brand":[],"product_cat":[34],"product_tag":[567,52,579,577,580,573],"class_list":{"0":"post-3738","1":"product","2":"type-product","3":"status-publish","4":"has-post-thumbnail","6":"product_cat-categoria-accesorios","7":"product_tag-adaptador","8":"product_tag-clavadora-de-estacas","9":"product_tag-farmer","10":"product_tag-farmer-100","11":"product_tag-farmer-120","12":"product_tag-reductor","14":"first","15":"instock","16":"taxable","17":"shipping-taxable","18":"purchasable","19":"product-type-simple"},"_links":{"self":[{"href":"https:\/\/iberfence.com\/en\/wp-json\/wp\/v2\/product\/3738","targetHints":{"allow":["GET"]}}],"collection":[{"href":"https:\/\/iberfence.com\/en\/wp-json\/wp\/v2\/product"}],"about":[{"href":"https:\/\/iberfence.com\/en\/wp-json\/wp\/v2\/types\/product"}],"version-history":[{"count":0,"href":"https:\/\/iberfence.com\/en\/wp-json\/wp\/v2\/product\/3738\/revisions"}],"wp:featuredmedia":[{"embeddable":true,"href":"https:\/\/iberfence.com\/en\/wp-json\/wp\/v2\/media\/4433"}],"wp:attachment":[{"href":"https:\/\/iberfence.com\/en\/wp-json\/wp\/v2\/media?parent=3738"}],"wp:term":[{"taxonomy":"product_brand","embeddable":true,"href":"https:\/\/iberfence.com\/en\/wp-json\/wp\/v2\/product_brand?post=3738"},{"taxonomy":"product_cat","embeddable":true,"href":"https:\/\/iberfence.com\/en\/wp-json\/wp\/v2\/product_cat?post=3738"},{"taxonomy":"product_tag","embeddable":true,"href":"https:\/\/iberfence.com\/en\/wp-json\/wp\/v2\/product_tag?post=3738"}],"curies":[{"name":"wp","href":"https:\/\/api.w.org\/{rel}","templated":true}]}}