{"id":2927,"date":"2023-02-22T22:42:49","date_gmt":"2023-02-22T20:42:49","guid":{"rendered":"https:\/\/iberfence.com\/?post_type=product&#038;p=2927"},"modified":"2026-03-27T18:52:40","modified_gmt":"2026-03-27T16:52:40","slug":"ibf-107-by-easypetrol","status":"publish","type":"product","link":"https:\/\/iberfence.com\/en\/product\/ibf-107-by-easypetrol\/","title":{"rendered":"Iberfence IBF-107 Post Driver"},"content":{"rendered":"<p>With the ability to drive any size post up to 107mm in diameter, this lightweight, portable tool makes it easy for a single operator to get the job done.<\/p>\n<p>Fabricado en Australia, con una garant\u00eda de 3 a\u00f1os La acci\u00f3n del martillo de alto impacto golpea a 1720 GPM, lo que garantiza que los postes se claven en el suelo r\u00e1pida y f\u00e1cil en cualquier terreno. Equipada con el motor de 4 tiempos Honda GX35 o GX50 (opcional) ultra confiable y compacto.<\/p>\n<p><iframe title=\"Iberfence IBF-107 by Easy Petrol\" width=\"800\" height=\"450\" src=\"https:\/\/www.youtube.com\/embed\/CUtuLl4TXtk?feature=oembed\" frameborder=\"0\" allow=\"accelerometer; autoplay; clipboard-write; encrypted-media; gyroscope; picture-in-picture; web-share\" referrerpolicy=\"strict-origin-when-cross-origin\" allowfullscreen><\/iframe><\/p>\n<p><em><strong>Stop wasting time and energy struggling with traditional post installation methods.<\/strong><\/em><\/p>\n<p><img decoding=\"async\" class=\"size-medium wp-image-7153 alignleft\" style=\"font-size: 16px;\" src=\"https:\/\/iberfence.com\/wp-content\/uploads\/2023\/02\/acf-honda-warranty-small.png\" alt=\"\" width=\"187\" height=\"70\" srcset=\"https:\/\/iberfence.com\/wp-content\/uploads\/2023\/02\/acf-honda-warranty-small.png 187w, https:\/\/iberfence.com\/wp-content\/uploads\/2023\/02\/acf-honda-warranty-small-18x7.png 18w\" sizes=\"(max-width: 187px) 100vw, 187px\" \/><\/p>\n<p><img decoding=\"async\" class=\"wp-image-7158\" src=\"https:\/\/iberfence.com\/wp-content\/uploads\/2023\/02\/powered-by-honda-emblem-logo-domed-stickers-decal-1400x800__95448-300x84.jpg\" alt=\"\" width=\"260\" height=\"73\" srcset=\"https:\/\/iberfence.com\/wp-content\/uploads\/2023\/02\/powered-by-honda-emblem-logo-domed-stickers-decal-1400x800__95448-300x84.jpg 300w, https:\/\/iberfence.com\/wp-content\/uploads\/2023\/02\/powered-by-honda-emblem-logo-domed-stickers-decal-1400x800__95448-768x216.jpg 768w, https:\/\/iberfence.com\/wp-content\/uploads\/2023\/02\/powered-by-honda-emblem-logo-domed-stickers-decal-1400x800__95448-18x5.jpg 18w, https:\/\/iberfence.com\/wp-content\/uploads\/2023\/02\/powered-by-honda-emblem-logo-domed-stickers-decal-1400x800__95448-250x70.jpg 250w, https:\/\/iberfence.com\/wp-content\/uploads\/2023\/02\/powered-by-honda-emblem-logo-domed-stickers-decal-1400x800__95448-500x140.jpg 500w, https:\/\/iberfence.com\/wp-content\/uploads\/2023\/02\/powered-by-honda-emblem-logo-domed-stickers-decal-1400x800__95448.jpg 862w\" sizes=\"(max-width: 260px) 100vw, 260px\" \/><\/p>","protected":false},"excerpt":{"rendered":"<p class=\"translation-block\">A wide range of adapters (optional) are available, for all types of post. This allows you to easily adapt the post driver to fit your specific needs. Whether you are installing fencing, tree stakes, signage or anything else, this tool is perfect for the job. It is also ideal for use in steep or inaccessible locations, and is physically less demanding than traditional methods.<\/p>\n<p><strong>Allows to drive any kind of post and stake<\/strong><\/p>\n<p><img decoding=\"async\" class=\"alignnone wp-image-5512\" src=\"https:\/\/iberfence.com\/wp-content\/uploads\/2023\/03\/Todo-tipo-de-postes-y-estacas.png\" alt=\"tipos de postes\" width=\"432\" height=\"76\" srcset=\"https:\/\/iberfence.com\/wp-content\/uploads\/2023\/03\/Todo-tipo-de-postes-y-estacas.png 761w, https:\/\/iberfence.com\/wp-content\/uploads\/2023\/03\/Todo-tipo-de-postes-y-estacas-300x53.png 300w, https:\/\/iberfence.com\/wp-content\/uploads\/2023\/03\/Todo-tipo-de-postes-y-estacas-18x3.png 18w, https:\/\/iberfence.com\/wp-content\/uploads\/2023\/03\/Todo-tipo-de-postes-y-estacas-250x44.png 250w, https:\/\/iberfence.com\/wp-content\/uploads\/2023\/03\/Todo-tipo-de-postes-y-estacas-500x88.png 500w\" sizes=\"(max-width: 432px) 100vw, 432px\" \/><\/p>\n<p>Adem\u00e1s del hincapostes, el kit incluye una caja resistente para un f\u00e1cil almacenamiento y transporte, as\u00ed como un manual de instrucciones y mantenimiento. No pierdas m\u00e1s tiempo y energ\u00eda luchando con los m\u00e9todos tradicionales de instalaci\u00f3n de postes.<\/p>\n<h5>Benefits:<\/h5>\n<ul>\n<li>Ligero, solo 15,3 a 18 kg.<\/li>\n<li>Portable \u2013 no plumbing or generators needed<\/li>\n<li>Ideal for steep terrain and inaccessible places<\/li>\n<li>Physically less demanding than traditional methods<\/li>\n<li>Safe to work alone<\/li>\n<li>Can be used all day without operator fatigue<\/li>\n<\/ul>\n<p>&nbsp;<\/p>\n<h5>Applications:<\/h5>\n<ul>\n<li>Fences and fences for farms and ranches<\/li>\n<li>Pegs for large tents and tents<\/li>\n<li>Foundation and fixing micropiles<\/li>\n<li>Tutors in parks, nurseries and forestry operations<\/li>\n<li>Vineyards, horticultural plantations and greenhouses<\/li>\n<li>Perimeter protection on roads, preserves, etc.<\/li>\n<\/ul>\n<p>&nbsp;<\/p>\n<h5>Technical characteristics:<\/h5>\n<ul>\n<li>Dimensi\u00f3n m\u00e1xima admitida 107mm<\/li>\n<li>Energ\u00eda de impacto 36-46 Joules<\/li>\n<li>Peso 15.3 &#8211; 18 Kg<\/li>\n<li>Noise level: 105dB \u2013 hearing protection required<\/li>\n<\/ul>\n<p>&nbsp;<\/p>\n<h5>\u00bfQu\u00e9 incluye?<\/h5>\n<ul>\n<li>Clavadora de postes equipada con Honda GX-35 o GX-50 (opcional)<\/li>\n<li>maintenance set<\/li>\n<li>SAE 10W-30 OIL for 4-stroke engine (600ml)<\/li>\n<li>Manual<\/li>\n<\/ul>\n<p>&nbsp;<\/p>\n<h5>HONDA GX35 OHC 4-stroke engine<\/h5>\n<ul>\n<li>Power 1 KW (1.5 CV) at 7,000 rpm<\/li>\n<li>Vibration level 9.94 m\/s2<\/li>\n<li>Consumo de combustible 0.65 L\/h (m\u00e1x. 7.000 rpm)<\/li>\n<li>Noise level &gt;90dB (acoustic protection required)<\/li>\n<li>Throttle system Integrated safety double throttle with STOP<\/li>\n<li>Ergonomic system Ergonomic spring-insulated handles.<\/li>\n<li>Driving speed 1,720 BPM (28 strokes per second)<\/li>\n<\/ul>","protected":false},"featured_media":2929,"template":"","meta":{"_joinchat":[]},"product_brand":[],"product_cat":[31],"product_tag":[308,342,346,382,387,472,422,423,424,419,425,418,426,427,428,429,420,421,430,431,432,433,434,435,288,436,463,437,438,439,440,441,442,443,444,289,445,462,546,545,283,544,299,311,312,313,314,315,316,309,302,317,347,332,348,349,340,350,351,52,318,310,303,319,300,320,301,321,322,304,305,323,306,307,352,353,280,354,355,464,356,357,358,359,360,337,465,338,361,343,339,344,334,362,363,364,365,341,335,331,333,366,324,367,325,345,368,369,370,282,471,470,466,326,446,327,328,371,284,447,329,378,290,281,388,383,389,384,385,390,391,392,376,393,394,395,396,397,398,379,399,377,400,401,402,403,404,405,406,407,386,408,48,539,448,449,450,451,330,372,452,380,409,410,411,412,413,414,381,454,453,455,286,468,285,287,467,415,416,456,543,457,469,373,374,458,375,417,459,460,461],"class_list":{"0":"post-2927","1":"product","2":"type-product","3":"status-publish","4":"has-post-thumbnail","6":"product_cat-categoria-clavadoras","7":"product_tag-alquiler-clavadora-de-estacas","8":"product_tag-alquiler-clavadora-de-postes","9":"product_tag-alquiler-de-clavadora-de-postes","10":"product_tag-alquiler-hincadora-de-postes","11":"product_tag-alquiler-hincadora-de-postes-mexico","12":"product_tag-amazon-clavaestacas","13":"product_tag-bat-de-los-pontones-cabritu-a-la-estaca","14":"product_tag-bata-estaca","15":"product_tag-bata-estaca-manual","16":"product_tag-bate-estaca","17":"product_tag-bate-estaca-a-venda","18":"product_tag-bate-estaca-bjj","19":"product_tag-bate-estaca-gays","20":"product_tag-bate-estaca-golpe","21":"product_tag-bate-estaca-hidraulico","22":"product_tag-bate-estaca-in-english","23":"product_tag-bate-estaca-manual","24":"product_tag-bate-estaca-meaning","25":"product_tag-bate-estaca-sex","26":"product_tag-bate-estaca-sexo","27":"product_tag-bate-estaca-traduccion","28":"product_tag-bate-estaca-vs-hill","29":"product_tag-bate-estaca-vs-junama","30":"product_tag-bate-estaca-vs-junama-combate-inteiro","31":"product_tag-bate-estacas","32":"product_tag-bate-estacas-a-gasolina","33":"product_tag-bate-estacas-carmo","34":"product_tag-bate-estacas-gasolina","35":"product_tag-bate-estacas-iberfence","36":"product_tag-bate-estacas-manual","37":"product_tag-bate-estacas-portugal","38":"product_tag-bate-estacas-forestales","39":"product_tag-bate-estacas-manuales","40":"product_tag-bate-estacas-traduccion-al-espaaol","41":"product_tag-bater-estaca","42":"product_tag-battipali","43":"product_tag-cabo-estaca-de-bates","44":"product_tag-carmo","45":"product_tag-chpd-52","46":"product_tag-chpd-78","47":"product_tag-christie","48":"product_tag-christie-post-driver","49":"product_tag-clavador-de-estacas","50":"product_tag-clavador-de-estacas-a-gasolina","51":"product_tag-clavador-de-estacas-a-motor","52":"product_tag-clavador-de-estacas-de-ocasion","53":"product_tag-clavador-de-estacas-de-riego-por-goteo","54":"product_tag-clavador-de-estacas-hidraulico","55":"product_tag-clavador-de-estacas-hidraulico-de-ocasion","56":"product_tag-clavador-de-estacas-manual","57":"product_tag-clavador-de-estacas-para-tractor","58":"product_tag-clavador-de-estacas-sumigas","59":"product_tag-clavador-de-poste-madera","60":"product_tag-clavador-de-postes","61":"product_tag-clavador-de-postes-hidraulico","62":"product_tag-clavador-de-postes-honda","63":"product_tag-clavador-de-postes-manual","64":"product_tag-clavador-de-postes-para-tractor","65":"product_tag-clavador-manual-de-postes","66":"product_tag-clavadora-de-estacas","67":"product_tag-clavadora-de-estacas-alpina","68":"product_tag-clavadora-de-estacas-alquiler","69":"product_tag-clavadora-de-estacas-amazon","70":"product_tag-clavadora-de-estacas-carmo","71":"product_tag-clavadora-de-estacas-de-gasolina","72":"product_tag-clavadora-de-estacas-de-tractor","73":"product_tag-clavadora-de-estacas-greencut","74":"product_tag-clavadora-de-estacas-hidraulica","75":"product_tag-clavadora-de-estacas-ibf-52","76":"product_tag-clavadora-de-estacas-manual","77":"product_tag-clavadora-de-estacas-para-tractor","78":"product_tag-clavadora-de-estacas-precio","79":"product_tag-clavadora-de-estacas-stihl","80":"product_tag-clavadora-de-estacas-y-postes","81":"product_tag-clavadora-de-poste-gipple-precio","82":"product_tag-clavadora-de-poste-precio","83":"product_tag-clavadora-de-postes","84":"product_tag-clavadora-de-postes-a-gasolina","85":"product_tag-clavadora-de-postes-alquiler","86":"product_tag-clavadora-de-postes-carmo","87":"product_tag-clavadora-de-postes-casera","88":"product_tag-clavadora-de-postes-de-china","89":"product_tag-clavadora-de-postes-de-gasolina","90":"product_tag-clavadora-de-postes-de-madera","91":"product_tag-clavadora-de-postes-electrica","92":"product_tag-clavadora-de-postes-gasolina","93":"product_tag-clavadora-de-postes-gripple","94":"product_tag-clavadora-de-postes-hidraulica","95":"product_tag-clavadora-de-postes-hidravlica","96":"product_tag-clavadora-de-postes-honda","97":"product_tag-clavadora-de-postes-manual","98":"product_tag-clavadora-de-postes-neumatica","99":"product_tag-clavadora-de-postes-para-tractor","100":"product_tag-clavadora-de-postes-para-tractor-alquiler","101":"product_tag-clavadora-de-postes-para-viaa","102":"product_tag-clavadora-de-postes-por-vibracian-vibrescopic-ii","103":"product_tag-clavadora-de-postes-por-vibracian-vibrescopic-ii-toutube","104":"product_tag-clavadora-de-postes-precio","105":"product_tag-clavadora-de-postes-segunda-mano","106":"product_tag-clavadora-de-postes-tractor","107":"product_tag-clavadora-de-postes-tractor-segunda-mano","108":"product_tag-clavadora-de-postes-valencia","109":"product_tag-clavadora-manual-de-estacas-para-emparrados","110":"product_tag-clavadora-postes-de-madera","111":"product_tag-clavadoras-de-estacas","112":"product_tag-clavadoras-de-postes","113":"product_tag-clavadoras-de-postes-al-tractor","114":"product_tag-clavadoras-de-postes-de-valla","115":"product_tag-clavadoras-para-postes-de-gasolina","116":"product_tag-clavaestacas","117":"product_tag-clavaestacas-carmo","118":"product_tag-clavaestacas-gasolina-jopi","119":"product_tag-clavaestacas-com","120":"product_tag-como-funciona-el-clavador-de-postes-y-estacas","121":"product_tag-comprar-bate-estaca","122":"product_tag-comprar-clavador-de-estacas","123":"product_tag-comprar-clavador-de-estacas-manual","124":"product_tag-comprar-clavador-de-postes-manual","125":"product_tag-easypetrol","126":"product_tag-estaca-bates-septentrional","127":"product_tag-greencut-cla40000-clavadora-de-estacas","128":"product_tag-hincador-de-postes","129":"product_tag-hincadora-de-estacas","130":"product_tag-hincadora-de-postes","131":"product_tag-hincadora-de-postes-comprar","132":"product_tag-hincadora-de-postes-faga","133":"product_tag-hincadora-de-postes-ganaderos","134":"product_tag-hincadora-de-postes-gasolina","135":"product_tag-hincadora-de-postes-hidraulica","136":"product_tag-hincadora-de-postes-hidraulica-de-marca-faga","137":"product_tag-hincadora-de-postes-hidraulica-de-marca-faga-modelo-mhp-250","138":"product_tag-hincadora-de-postes-hidraulica-de-marca-faga-modelo-mhp-250-precio","139":"product_tag-hincadora-de-postes-manual","140":"product_tag-hincadora-de-postes-manual-financiacion","141":"product_tag-hincadora-de-postes-manual-ocasion","142":"product_tag-hincadora-de-postes-medina-de-pomar","143":"product_tag-hincadora-de-postes-metalicos","144":"product_tag-hincadora-de-postes-mini-excavadora","145":"product_tag-hincadora-de-postes-peso","146":"product_tag-hincadora-de-postes-precio","147":"product_tag-hincadora-de-postes-precio-de-traccion-humamana","148":"product_tag-hincadora-de-postes-segunda-mano","149":"product_tag-hincadora-de-postes-tractor","150":"product_tag-hincadora-de-postes-usada","151":"product_tag-hincadora-de-postes-usadas","152":"product_tag-hincadora-de-postes-y-perfiles","153":"product_tag-hincadora-manual-de-postes","154":"product_tag-hincadoras-de-postes","155":"product_tag-hincadoras-de-postes-de-valla","156":"product_tag-hincadoras-de-postes-en-el-salv","157":"product_tag-hincadores-de-postes","158":"product_tag-hincadores-de-postes-madrid","159":"product_tag-honda","160":"product_tag-ibf-100","161":"product_tag-joanna-jedrzejczyk-x-jassica-bate-estaca-2017","162":"product_tag-luta-bate-estaca-x-hill","163":"product_tag-lutas-ufc-211-bate-estaca","164":"product_tag-maquina-bate-estaca","165":"product_tag-maquina-clavadora-de-estacas","166":"product_tag-maquina-clavadora-de-postes","167":"product_tag-maquina-de-bate-estaca","168":"product_tag-maquina-hincadora-de-postes","169":"product_tag-maquina-hincadora-de-postes-modelos","170":"product_tag-maquina-hincadora-de-postes-paneles-solares","171":"product_tag-maquina-hincadora-de-postes-para-cercados-agricolas","172":"product_tag-maquina-hincadora-de-postes-para-cerramientos-agricolas","173":"product_tag-maquina-hincadora-de-postes-segunda-mano","174":"product_tag-maquinas-hincadoras-de-postes","175":"product_tag-maquina-hincadora-de-postes-precio","176":"product_tag-maquinas-bate-estacas","177":"product_tag-mma-jessica-bate-estaca-x-angela-hill-levam-luta","178":"product_tag-o-del-bate-estaca-de-jessica-andrade","179":"product_tag-pile-driver","180":"product_tag-piledriver","181":"product_tag-post-driver","182":"product_tag-post-pounder","183":"product_tag-postdriver","184":"product_tag-precio-de-una-hincadora-de-postes-valla-trafico","185":"product_tag-precio-hincadora-motorizada-de-postes","186":"product_tag-punta-estaca-de-bates","187":"product_tag-redi-driver","188":"product_tag-tiempo-boya-estaca-de-bates","189":"product_tag-titan-post-driver","190":"product_tag-trabajo-clavadora-de-postes","191":"product_tag-venta-clavadora-de-postes","192":"product_tag-venta-de-bate-estacas","193":"product_tag-venta-de-clavadora-de-postes","194":"product_tag-venta-de-hincadora-de-postes","195":"product_tag-video-luta-bate-estaca-x-hill","196":"product_tag-weili-zhang-venceu-jassica-bate-estaca","197":"product_tag-winfinder-estaca-de-bates-faro","199":"first","200":"instock","201":"taxable","202":"shipping-taxable","203":"purchasable","204":"product-type-variable","205":"has-default-attributes"},"_links":{"self":[{"href":"https:\/\/iberfence.com\/en\/wp-json\/wp\/v2\/product\/2927","targetHints":{"allow":["GET"]}}],"collection":[{"href":"https:\/\/iberfence.com\/en\/wp-json\/wp\/v2\/product"}],"about":[{"href":"https:\/\/iberfence.com\/en\/wp-json\/wp\/v2\/types\/product"}],"version-history":[{"count":11,"href":"https:\/\/iberfence.com\/en\/wp-json\/wp\/v2\/product\/2927\/revisions"}],"predecessor-version":[{"id":8586,"href":"https:\/\/iberfence.com\/en\/wp-json\/wp\/v2\/product\/2927\/revisions\/8586"}],"wp:featuredmedia":[{"embeddable":true,"href":"https:\/\/iberfence.com\/en\/wp-json\/wp\/v2\/media\/2929"}],"wp:attachment":[{"href":"https:\/\/iberfence.com\/en\/wp-json\/wp\/v2\/media?parent=2927"}],"wp:term":[{"taxonomy":"product_brand","embeddable":true,"href":"https:\/\/iberfence.com\/en\/wp-json\/wp\/v2\/product_brand?post=2927"},{"taxonomy":"product_cat","embeddable":true,"href":"https:\/\/iberfence.com\/en\/wp-json\/wp\/v2\/product_cat?post=2927"},{"taxonomy":"product_tag","embeddable":true,"href":"https:\/\/iberfence.com\/en\/wp-json\/wp\/v2\/product_tag?post=2927"}],"curies":[{"name":"wp","href":"https:\/\/api.w.org\/{rel}","templated":true}]}}