{"id":1379,"date":"2022-10-04T15:42:24","date_gmt":"2022-10-04T13:42:24","guid":{"rendered":"https:\/\/iberfence.com\/?post_type=product&#038;p=1379"},"modified":"2023-05-17T10:08:40","modified_gmt":"2023-05-17T08:08:40","slug":"valvula-admision-zi-zzi","status":"publish","type":"product","link":"https:\/\/iberfence.com\/en\/product\/valvula-admision-zi-zzi\/","title":{"rendered":"VALVE, INTAKE (ZI\/ZZI)"},"content":{"rendered":"<p>The ORIGINAL replacement makes the difference.<\/p>","protected":false},"excerpt":{"rendered":"<p>Nuestros repuestos originales te ofrecen el m\u00e1ximo confort, seguridad y garant\u00eda, ya que todos cumplen con los requisitos de calidad m\u00e1s rigurosos.<\/p>","protected":false},"featured_media":1269,"template":"","meta":{"_joinchat":[]},"product_brand":[],"product_cat":[54,32],"product_tag":[258,257,256],"class_list":{"0":"post-1379","1":"product","2":"type-product","3":"status-publish","4":"has-post-thumbnail","6":"product_cat-honda-gx-35","7":"product_cat-categoria-recambios","8":"product_tag-14711z0z800","9":"product_tag-admision-zi-zzi","10":"product_tag-valvula","12":"first","13":"instock","14":"taxable","15":"shipping-taxable","16":"purchasable","17":"product-type-simple"},"_links":{"self":[{"href":"https:\/\/iberfence.com\/en\/wp-json\/wp\/v2\/product\/1379","targetHints":{"allow":["GET"]}}],"collection":[{"href":"https:\/\/iberfence.com\/en\/wp-json\/wp\/v2\/product"}],"about":[{"href":"https:\/\/iberfence.com\/en\/wp-json\/wp\/v2\/types\/product"}],"version-history":[{"count":0,"href":"https:\/\/iberfence.com\/en\/wp-json\/wp\/v2\/product\/1379\/revisions"}],"wp:featuredmedia":[{"embeddable":true,"href":"https:\/\/iberfence.com\/en\/wp-json\/wp\/v2\/media\/1269"}],"wp:attachment":[{"href":"https:\/\/iberfence.com\/en\/wp-json\/wp\/v2\/media?parent=1379"}],"wp:term":[{"taxonomy":"product_brand","embeddable":true,"href":"https:\/\/iberfence.com\/en\/wp-json\/wp\/v2\/product_brand?post=1379"},{"taxonomy":"product_cat","embeddable":true,"href":"https:\/\/iberfence.com\/en\/wp-json\/wp\/v2\/product_cat?post=1379"},{"taxonomy":"product_tag","embeddable":true,"href":"https:\/\/iberfence.com\/en\/wp-json\/wp\/v2\/product_tag?post=1379"}],"curies":[{"name":"wp","href":"https:\/\/api.w.org\/{rel}","templated":true}]}}