{"id":1363,"date":"2022-10-04T15:42:15","date_gmt":"2022-10-04T13:42:15","guid":{"rendered":"https:\/\/iberfence.com\/?post_type=product&#038;p=1363"},"modified":"2023-05-17T10:02:11","modified_gmt":"2023-05-17T08:02:11","slug":"tubo-comp-alimentador-combustible","status":"publish","type":"product","link":"https:\/\/iberfence.com\/en\/product\/tubo-comp-alimentador-combustible\/","title":{"rendered":"TUBE COMP. FUEL SUPPLY"},"content":{"rendered":"<p>The ORIGINAL replacement makes the difference.<\/p>","protected":false},"excerpt":{"rendered":"<p>\u00danicamente la pieza original cumple los est\u00e1ndares de calidad m\u00e1s altos, ofreciendo el m\u00e1ximo confort, seguridad y garant\u00eda a nuestros clientes.<\/p>","protected":false},"featured_media":1269,"template":"","meta":{"_joinchat":[]},"product_brand":[],"product_cat":[54,32],"product_tag":[224,223],"class_list":{"0":"post-1363","1":"product","2":"type-product","3":"status-publish","4":"has-post-thumbnail","6":"product_cat-honda-gx-35","7":"product_cat-categoria-recambios","8":"product_tag-17701z0z801","9":"product_tag-tubo-comp-alimentador-combustible","11":"first","12":"instock","13":"taxable","14":"shipping-taxable","15":"purchasable","16":"product-type-simple"},"_links":{"self":[{"href":"https:\/\/iberfence.com\/en\/wp-json\/wp\/v2\/product\/1363","targetHints":{"allow":["GET"]}}],"collection":[{"href":"https:\/\/iberfence.com\/en\/wp-json\/wp\/v2\/product"}],"about":[{"href":"https:\/\/iberfence.com\/en\/wp-json\/wp\/v2\/types\/product"}],"version-history":[{"count":0,"href":"https:\/\/iberfence.com\/en\/wp-json\/wp\/v2\/product\/1363\/revisions"}],"wp:featuredmedia":[{"embeddable":true,"href":"https:\/\/iberfence.com\/en\/wp-json\/wp\/v2\/media\/1269"}],"wp:attachment":[{"href":"https:\/\/iberfence.com\/en\/wp-json\/wp\/v2\/media?parent=1363"}],"wp:term":[{"taxonomy":"product_brand","embeddable":true,"href":"https:\/\/iberfence.com\/en\/wp-json\/wp\/v2\/product_brand?post=1363"},{"taxonomy":"product_cat","embeddable":true,"href":"https:\/\/iberfence.com\/en\/wp-json\/wp\/v2\/product_cat?post=1363"},{"taxonomy":"product_tag","embeddable":true,"href":"https:\/\/iberfence.com\/en\/wp-json\/wp\/v2\/product_tag?post=1363"}],"curies":[{"name":"wp","href":"https:\/\/api.w.org\/{rel}","templated":true}]}}