{"id":1319,"date":"2022-10-04T15:42:04","date_gmt":"2022-10-04T13:42:04","guid":{"rendered":"https:\/\/iberfence.com\/?post_type=product&#038;p=1319"},"modified":"2023-05-17T10:15:17","modified_gmt":"2023-05-17T08:15:17","slug":"junta-tapa-culata","status":"publish","type":"product","link":"https:\/\/iberfence.com\/en\/product\/junta-tapa-culata\/","title":{"rendered":"CYLINDER HEAD COVER GASKET"},"content":{"rendered":"<p>You will make a difference by buying the AUTHENTIC spare part.<\/p>","protected":false},"excerpt":{"rendered":"<p>Al elegir nuestros recambios aut\u00e9nticos, obtendr\u00e1s el m\u00e1ximo confort, seguridad y garant\u00eda, pues todos cumplen con los m\u00e1s altos est\u00e1ndares de calidad.<\/p>","protected":false},"featured_media":1269,"template":"","meta":{"_joinchat":[]},"product_brand":[],"product_cat":[54,32],"product_tag":[141,140],"class_list":{"0":"post-1319","1":"product","2":"type-product","3":"status-publish","4":"has-post-thumbnail","6":"product_cat-honda-gx-35","7":"product_cat-categoria-recambios","8":"product_tag-12312z0z300","9":"product_tag-junta-tapa-culata","11":"first","12":"instock","13":"taxable","14":"shipping-taxable","15":"purchasable","16":"product-type-simple"},"_links":{"self":[{"href":"https:\/\/iberfence.com\/en\/wp-json\/wp\/v2\/product\/1319","targetHints":{"allow":["GET"]}}],"collection":[{"href":"https:\/\/iberfence.com\/en\/wp-json\/wp\/v2\/product"}],"about":[{"href":"https:\/\/iberfence.com\/en\/wp-json\/wp\/v2\/types\/product"}],"version-history":[{"count":0,"href":"https:\/\/iberfence.com\/en\/wp-json\/wp\/v2\/product\/1319\/revisions"}],"wp:featuredmedia":[{"embeddable":true,"href":"https:\/\/iberfence.com\/en\/wp-json\/wp\/v2\/media\/1269"}],"wp:attachment":[{"href":"https:\/\/iberfence.com\/en\/wp-json\/wp\/v2\/media?parent=1319"}],"wp:term":[{"taxonomy":"product_brand","embeddable":true,"href":"https:\/\/iberfence.com\/en\/wp-json\/wp\/v2\/product_brand?post=1319"},{"taxonomy":"product_cat","embeddable":true,"href":"https:\/\/iberfence.com\/en\/wp-json\/wp\/v2\/product_cat?post=1319"},{"taxonomy":"product_tag","embeddable":true,"href":"https:\/\/iberfence.com\/en\/wp-json\/wp\/v2\/product_tag?post=1319"}],"curies":[{"name":"wp","href":"https:\/\/api.w.org\/{rel}","templated":true}]}}