{"id":1306,"date":"2022-10-04T15:42:02","date_gmt":"2022-10-04T13:42:02","guid":{"rendered":"https:\/\/iberfence.com\/?post_type=product&#038;p=1306"},"modified":"2023-05-17T10:10:52","modified_gmt":"2023-05-17T08:10:52","slug":"fijador-deposito","status":"publish","type":"product","link":"https:\/\/iberfence.com\/en\/product\/fijador-deposito\/","title":{"rendered":"DEPOSIT FIXER"},"content":{"rendered":"<p>S\u00f3lo las piezas ORIGINALES cumplen con los requisitos de calidad m\u00e1s estrictos.<\/p>","protected":false},"excerpt":{"rendered":"<p>Con nuestros repuestos originales, obtendr\u00e1s el m\u00e1ximo confort, seguridad y garant\u00eda, ya que todos cumplen con los requisitos de calidad m\u00e1s rigurosos.<\/p>","protected":false},"featured_media":1269,"template":"","meta":{"_joinchat":[]},"product_brand":[],"product_cat":[54,32],"product_tag":[116,115],"class_list":{"0":"post-1306","1":"product","2":"type-product","3":"status-publish","4":"has-post-thumbnail","6":"product_cat-honda-gx-35","7":"product_cat-categoria-recambios","8":"product_tag-17519zm5003","9":"product_tag-fijador-deposito","11":"first","12":"instock","13":"taxable","14":"shipping-taxable","15":"purchasable","16":"product-type-simple"},"_links":{"self":[{"href":"https:\/\/iberfence.com\/en\/wp-json\/wp\/v2\/product\/1306","targetHints":{"allow":["GET"]}}],"collection":[{"href":"https:\/\/iberfence.com\/en\/wp-json\/wp\/v2\/product"}],"about":[{"href":"https:\/\/iberfence.com\/en\/wp-json\/wp\/v2\/types\/product"}],"version-history":[{"count":0,"href":"https:\/\/iberfence.com\/en\/wp-json\/wp\/v2\/product\/1306\/revisions"}],"wp:featuredmedia":[{"embeddable":true,"href":"https:\/\/iberfence.com\/en\/wp-json\/wp\/v2\/media\/1269"}],"wp:attachment":[{"href":"https:\/\/iberfence.com\/en\/wp-json\/wp\/v2\/media?parent=1306"}],"wp:term":[{"taxonomy":"product_brand","embeddable":true,"href":"https:\/\/iberfence.com\/en\/wp-json\/wp\/v2\/product_brand?post=1306"},{"taxonomy":"product_cat","embeddable":true,"href":"https:\/\/iberfence.com\/en\/wp-json\/wp\/v2\/product_cat?post=1306"},{"taxonomy":"product_tag","embeddable":true,"href":"https:\/\/iberfence.com\/en\/wp-json\/wp\/v2\/product_tag?post=1306"}],"curies":[{"name":"wp","href":"https:\/\/api.w.org\/{rel}","templated":true}]}}