{"id":7218,"date":"2024-10-22T12:58:33","date_gmt":"2024-10-22T10:58:33","guid":{"rendered":"https:\/\/iberfence.com\/?page_id=7218"},"modified":"2025-01-10T14:19:50","modified_gmt":"2025-01-10T12:19:50","slug":"adaptadores-driving-cap-para-clavado-dee-poste-metalico","status":"publish","type":"page","link":"https:\/\/iberfence.com\/en\/adaptadores-driving-cap-para-clavado-dee-poste-metalico\/","title":{"rendered":"Adaptadores driving cap para clavado de poste met\u00e1lico"},"content":{"rendered":"<div data-elementor-type=\"wp-page\" data-elementor-id=\"7218\" class=\"elementor elementor-7218\" data-elementor-post-type=\"page\">\n\t\t\t\t\t\t<section class=\"elementor-section elementor-top-section elementor-element elementor-element-b312f59 elementor-section-boxed elementor-section-height-default elementor-section-height-default\" data-id=\"b312f59\" data-element_type=\"section\" data-settings=\"{&quot;background_background&quot;:&quot;classic&quot;}\">\n\t\t\t\t\t\t<div class=\"elementor-container elementor-column-gap-default\">\n\t\t\t\t\t<div class=\"elementor-column elementor-col-100 elementor-top-column elementor-element elementor-element-3ea4b3a\" data-id=\"3ea4b3a\" data-element_type=\"column\">\n\t\t\t<div class=\"elementor-widget-wrap elementor-element-populated\">\n\t\t\t\t\t\t<div class=\"elementor-element elementor-element-a783545 elementor-widget elementor-widget-heading\" data-id=\"a783545\" data-element_type=\"widget\" data-widget_type=\"heading.default\">\n\t\t\t\t<div class=\"elementor-widget-container\">\n\t\t\t\t\t<h1 class=\"elementor-heading-title elementor-size-default\">ADAPTADORES DRIVING CAP<\/h1>\t\t\t\t<\/div>\n\t\t\t\t<\/div>\n\t\t\t\t<div class=\"elementor-element elementor-element-39e0f14 elementor-widget elementor-widget-text-editor\" data-id=\"39e0f14\" data-element_type=\"widget\" data-widget_type=\"text-editor.default\">\n\t\t\t\t<div class=\"elementor-widget-container\">\n\t\t\t\t\t\t\t\t\t<p>Te presentamos nuestra gama de adaptadores met\u00e1licos dise\u00f1ados para el clavado de poste met\u00e1lico con las clavadoras Iberfence<\/p><p>El uso de un <em>driving cap<\/em> con una clavadora motorizada ofrece varias ventajas que optimizan el proceso de clavado y mejoran la eficiencia del trabajo<\/p><p>Reduce el riesgo de desv\u00edos o inclinaciones en el \u00e1ngulo de clavado, asegurando que los clavos entren rectos en la superficie.<\/p><p>Al utilizar un <em>driving cap<\/em>, se distribuye mejor la fuerza del impacto, evitando da\u00f1os o marcas en la superficie de trabajo, especialmente en materiales delicados o acabados que requieren cuidado.<\/p><p>La combinaci\u00f3n de una clavadora motorizada con un <em>driving cap<\/em> permite trabajar de manera m\u00e1s r\u00e1pida, ya que se pueden colocar postes met\u00e1licos con mayor agilidad y precisi\u00f3n, sin necesidad de reajustar o corregir la posici\u00f3n continuamente.<\/p><p>Al evitar golpes desalineados o inclinaciones indebidas, tambi\u00e9n se extiende la vida \u00fatil tanto de la clavadora como de los postes.<\/p>\t\t\t\t\t\t\t\t<\/div>\n\t\t\t\t<\/div>\n\t\t\t\t\t<\/div>\n\t\t<\/div>\n\t\t\t\t\t<\/div>\n\t\t<\/section>\n\t\t\t\t<section class=\"elementor-section elementor-top-section elementor-element elementor-element-5c7bfa1 elementor-section-boxed elementor-section-height-default elementor-section-height-default\" data-id=\"5c7bfa1\" data-element_type=\"section\">\n\t\t\t\t\t\t<div class=\"elementor-container elementor-column-gap-default\">\n\t\t\t\t\t<div class=\"elementor-column elementor-col-100 elementor-top-column elementor-element elementor-element-c1e4e57\" data-id=\"c1e4e57\" data-element_type=\"column\">\n\t\t\t<div class=\"elementor-widget-wrap elementor-element-populated\">\n\t\t\t\t\t\t<div class=\"elementor-element elementor-element-ff82170 elementor-grid-5 elementor-product-loop-item--align-center elementor-grid-tablet-3 elementor-grid-mobile-2 elementor-products-grid elementor-wc-products elementor-show-pagination-border-yes elementor-widget elementor-widget-woocommerce-products\" data-id=\"ff82170\" data-element_type=\"widget\" data-widget_type=\"woocommerce-products.default\">\n\t\t\t\t<div class=\"elementor-widget-container\">\n\t\t\t\t\t<div class=\"woocommerce columns-5\"><div class=\"woocommerce-notices-wrapper\"><\/div><ul class=\"products elementor-grid columns-5\">\n<li class=\"product type-product post-8134 status-publish first instock product_cat-driving-caps product_tag-adaptador product_tag-adaptador-estacas-de-carpas product_tag-alquiler-clavadora-de-postes product_tag-clavadora-de-estacas product_tag-clavadora-de-postes-a-gasolina product_tag-clavar-angulo-de-hierro product_tag-clavar-estacas product_tag-clavar-estacas-de-carpas product_tag-estabilizacion-de-taludes product_tag-estacas-metalicas product_tag-stake product_tag-tent product_tag-tent-stake has-post-thumbnail taxable shipping-taxable purchasable product-type-simple\">\n\t<a href=\"https:\/\/iberfence.com\/en\/product\/adaptador-multiple-para-angulo-de-hierro-y-poste-hercules\/\" class=\"woocommerce-LoopProduct-link woocommerce-loop-product__link\"><img fetchpriority=\"high\" decoding=\"async\" width=\"250\" height=\"236\" src=\"https:\/\/iberfence.com\/wp-content\/uploads\/2025\/01\/Adaptador-multiple-angulo-L-y-hercules-1-250x236.png\" class=\"attachment-woocommerce_thumbnail size-woocommerce_thumbnail\" alt=\"Clavar poste hercules clavar angulo L\" srcset=\"https:\/\/iberfence.com\/wp-content\/uploads\/2025\/01\/Adaptador-multiple-angulo-L-y-hercules-1-250x236.png 250w, https:\/\/iberfence.com\/wp-content\/uploads\/2025\/01\/Adaptador-multiple-angulo-L-y-hercules-1-300x283.png 300w, https:\/\/iberfence.com\/wp-content\/uploads\/2025\/01\/Adaptador-multiple-angulo-L-y-hercules-1-13x12.png 13w, https:\/\/iberfence.com\/wp-content\/uploads\/2025\/01\/Adaptador-multiple-angulo-L-y-hercules-1-500x471.png 500w, https:\/\/iberfence.com\/wp-content\/uploads\/2025\/01\/Adaptador-multiple-angulo-L-y-hercules-1.png 593w\" sizes=\"(max-width: 250px) 100vw, 250px\" \/><h2 class=\"woocommerce-loop-product__title\">Adaptador m\u00faltiple para \u00e1ngulo de hierro y poste h\u00e9rcules<\/h2>\n\t<span class=\"price\"><span class=\"woocommerce-Price-amount amount\"><bdi><span class=\"woocommerce-Price-currencySymbol\">\u20ac<\/span>&nbsp;151,25<\/bdi><\/span><\/span>\n<\/a><a href=\"\/en\/wp-json\/wp\/v2\/pages\/7218?add-to-cart=8134\" aria-describedby=\"woocommerce_loop_add_to_cart_link_describedby_8134\" data-quantity=\"1\" class=\"button product_type_simple add_to_cart_button ajax_add_to_cart\" data-product_id=\"8134\" data-product_sku=\"\" aria-label=\"Add to basket: \u201cAdaptador m\u00faltiple para \u00e1ngulo de hierro y poste h\u00e9rcules\u201d\" rel=\"nofollow\" data-success_message=\"\u201cAdaptador m\u00faltiple para \u00e1ngulo de hierro y poste h\u00e9rcules\u201d has been added to your cart\" data-no-translation=\"\" data-trp-gettext=\"\" data-no-translation-aria-label=\"\" data-no-translation-data-success_message=\"\">Add to basket<\/a>\t<span id=\"woocommerce_loop_add_to_cart_link_describedby_8134\" class=\"screen-reader-text\">\n\t\t\t<\/span>\n<\/li>\n<li class=\"product type-product post-7231 status-publish instock product_cat-driving-caps product_tag-adaptador product_tag-adaptador-estacas-de-carpas product_tag-alquiler-clavadora-de-postes product_tag-clavadora-de-estacas product_tag-clavadora-de-postes-a-gasolina product_tag-clavar-angulo-de-hierro product_tag-clavar-estacas product_tag-clavar-estacas-de-carpas product_tag-estabilizacion-de-taludes product_tag-estacas-metalicas product_tag-stake product_tag-tent product_tag-tent-stake has-post-thumbnail taxable shipping-taxable purchasable product-type-simple\">\n\t<a href=\"https:\/\/iberfence.com\/en\/product\/adaptador-para-estacas-de-carpas\/\" class=\"woocommerce-LoopProduct-link woocommerce-loop-product__link\"><img decoding=\"async\" width=\"250\" height=\"216\" src=\"https:\/\/iberfence.com\/wp-content\/uploads\/2024\/10\/Tent-adapter-adaptador-para-estacas-de-tienda-de-campana-250x216.jpg\" class=\"attachment-woocommerce_thumbnail size-woocommerce_thumbnail\" alt=\"tent stake driving cap adaptador para tienda de campa\u00f1a clavador de estaca tienda de campa\u00f1a\" srcset=\"https:\/\/iberfence.com\/wp-content\/uploads\/2024\/10\/Tent-adapter-adaptador-para-estacas-de-tienda-de-campana-250x216.jpg 250w, https:\/\/iberfence.com\/wp-content\/uploads\/2024\/10\/Tent-adapter-adaptador-para-estacas-de-tienda-de-campana-300x259.jpg 300w, https:\/\/iberfence.com\/wp-content\/uploads\/2024\/10\/Tent-adapter-adaptador-para-estacas-de-tienda-de-campana-14x12.jpg 14w, https:\/\/iberfence.com\/wp-content\/uploads\/2024\/10\/Tent-adapter-adaptador-para-estacas-de-tienda-de-campana-500x431.jpg 500w, https:\/\/iberfence.com\/wp-content\/uploads\/2024\/10\/Tent-adapter-adaptador-para-estacas-de-tienda-de-campana.jpg 683w\" sizes=\"(max-width: 250px) 100vw, 250px\" \/><h2 class=\"woocommerce-loop-product__title\">Adaptador para piquetas de carpas y tiendas de campa\u00f1a<\/h2>\n\t<span class=\"price\"><span class=\"woocommerce-Price-amount amount\"><bdi><span class=\"woocommerce-Price-currencySymbol\">\u20ac<\/span>&nbsp;181,50<\/bdi><\/span><\/span>\n<\/a><a href=\"\/en\/wp-json\/wp\/v2\/pages\/7218?add-to-cart=7231\" aria-describedby=\"woocommerce_loop_add_to_cart_link_describedby_7231\" data-quantity=\"1\" class=\"button product_type_simple add_to_cart_button ajax_add_to_cart\" data-product_id=\"7231\" data-product_sku=\"\" aria-label=\"Add to basket: \u201cAdaptador para piquetas de carpas y tiendas de campa\u00f1a\u201d\" rel=\"nofollow\" data-success_message=\"\u201cAdaptador para piquetas de carpas y tiendas de campa\u00f1a\u201d has been added to your cart\" data-no-translation=\"\" data-trp-gettext=\"\" data-no-translation-aria-label=\"\" data-no-translation-data-success_message=\"\">Add to basket<\/a>\t<span id=\"woocommerce_loop_add_to_cart_link_describedby_7231\" class=\"screen-reader-text\">\n\t\t\t<\/span>\n<\/li>\n<li class=\"product type-product post-7239 status-publish instock product_cat-driving-caps product_tag-adaptador product_tag-adaptador-estacas-de-carpas product_tag-alquiler-clavadora-de-postes product_tag-clavadora-de-estacas product_tag-clavadora-de-postes-a-gasolina product_tag-clavar-angulo-de-hierro product_tag-clavar-estacas product_tag-clavar-estacas-de-carpas product_tag-estabilizacion-de-taludes product_tag-estacas-metalicas product_tag-stake product_tag-tent product_tag-tent-stake has-post-thumbnail taxable shipping-taxable purchasable product-type-simple\">\n\t<a href=\"https:\/\/iberfence.com\/en\/product\/adaptador-para-postes-redondos\/\" class=\"woocommerce-LoopProduct-link woocommerce-loop-product__link\"><img decoding=\"async\" width=\"250\" height=\"216\" src=\"https:\/\/iberfence.com\/wp-content\/uploads\/2024\/10\/Adaptador-driving-cap-poste-redondo-round-post-250x216.png\" class=\"attachment-woocommerce_thumbnail size-woocommerce_thumbnail\" alt=\"Adaptador driving cap poste redondo round post\" srcset=\"https:\/\/iberfence.com\/wp-content\/uploads\/2024\/10\/Adaptador-driving-cap-poste-redondo-round-post-250x216.png 250w, https:\/\/iberfence.com\/wp-content\/uploads\/2024\/10\/Adaptador-driving-cap-poste-redondo-round-post-300x260.png 300w, https:\/\/iberfence.com\/wp-content\/uploads\/2024\/10\/Adaptador-driving-cap-poste-redondo-round-post-768x665.png 768w, https:\/\/iberfence.com\/wp-content\/uploads\/2024\/10\/Adaptador-driving-cap-poste-redondo-round-post-14x12.png 14w, https:\/\/iberfence.com\/wp-content\/uploads\/2024\/10\/Adaptador-driving-cap-poste-redondo-round-post-500x433.png 500w, https:\/\/iberfence.com\/wp-content\/uploads\/2024\/10\/Adaptador-driving-cap-poste-redondo-round-post.png 842w\" sizes=\"(max-width: 250px) 100vw, 250px\" \/><h2 class=\"woocommerce-loop-product__title\">Adaptador para postes redondos<\/h2>\n\t<span class=\"price\"><span class=\"woocommerce-Price-amount amount\"><bdi><span class=\"woocommerce-Price-currencySymbol\">\u20ac<\/span>&nbsp;181,50<\/bdi><\/span><\/span>\n<\/a><a href=\"\/en\/wp-json\/wp\/v2\/pages\/7218?add-to-cart=7239\" aria-describedby=\"woocommerce_loop_add_to_cart_link_describedby_7239\" data-quantity=\"1\" class=\"button product_type_simple add_to_cart_button ajax_add_to_cart\" data-product_id=\"7239\" data-product_sku=\"\" aria-label=\"Add to basket: \u201cAdaptador para postes redondos\u201d\" rel=\"nofollow\" data-success_message=\"\u201cAdaptador para postes redondos\u201d has been added to your cart\" data-no-translation=\"\" data-trp-gettext=\"\" data-no-translation-aria-label=\"\" data-no-translation-data-success_message=\"\">Add to basket<\/a>\t<span id=\"woocommerce_loop_add_to_cart_link_describedby_7239\" class=\"screen-reader-text\">\n\t\t\t<\/span>\n<\/li>\n<\/ul>\n<\/div>\t\t\t\t<\/div>\n\t\t\t\t<\/div>\n\t\t\t\t\t<\/div>\n\t\t<\/div>\n\t\t\t\t\t<\/div>\n\t\t<\/section>\n\t\t\t\t<\/div>","protected":false},"excerpt":{"rendered":"<p>ADAPTADORES DRIVING CAP Te presentamos nuestra gama de adaptadores met\u00e1licos dise\u00f1ados para el clavado de poste met\u00e1lico con las clavadoras Iberfence El uso de un driving cap con una clavadora motorizada ofrece varias ventajas que optimizan el proceso de clavado y mejoran la eficiencia del trabajo Reduce el riesgo de desv\u00edos o inclinaciones en el [&hellip;]<\/p>","protected":false},"author":3,"featured_media":0,"parent":0,"menu_order":0,"comment_status":"closed","ping_status":"closed","template":"","meta":{"_joinchat":[],"footnotes":""},"class_list":["post-7218","page","type-page","status-publish","hentry"],"_links":{"self":[{"href":"https:\/\/iberfence.com\/en\/wp-json\/wp\/v2\/pages\/7218","targetHints":{"allow":["GET"]}}],"collection":[{"href":"https:\/\/iberfence.com\/en\/wp-json\/wp\/v2\/pages"}],"about":[{"href":"https:\/\/iberfence.com\/en\/wp-json\/wp\/v2\/types\/page"}],"author":[{"embeddable":true,"href":"https:\/\/iberfence.com\/en\/wp-json\/wp\/v2\/users\/3"}],"replies":[{"embeddable":true,"href":"https:\/\/iberfence.com\/en\/wp-json\/wp\/v2\/comments?post=7218"}],"version-history":[{"count":14,"href":"https:\/\/iberfence.com\/en\/wp-json\/wp\/v2\/pages\/7218\/revisions"}],"predecessor-version":[{"id":8143,"href":"https:\/\/iberfence.com\/en\/wp-json\/wp\/v2\/pages\/7218\/revisions\/8143"}],"wp:attachment":[{"href":"https:\/\/iberfence.com\/en\/wp-json\/wp\/v2\/media?parent=7218"}],"curies":[{"name":"wp","href":"https:\/\/api.w.org\/{rel}","templated":true}]}}