{"id":1215,"date":"2022-06-09T13:20:07","date_gmt":"2022-06-09T11:20:07","guid":{"rendered":"https:\/\/iberfence.com\/privacidad\/"},"modified":"2023-06-12T09:50:34","modified_gmt":"2023-06-12T07:50:34","slug":"privacidad","status":"publish","type":"page","link":"https:\/\/iberfence.com\/en\/privacidad\/","title":{"rendered":"Privacy Policy"},"content":{"rendered":"<div data-elementor-type=\"wp-page\" data-elementor-id=\"1215\" class=\"elementor elementor-1215\" data-elementor-post-type=\"page\">\n\t\t\t\t\t\t<section class=\"elementor-section elementor-top-section elementor-element elementor-element-1983a31a elementor-section-boxed elementor-section-height-default elementor-section-height-default\" data-id=\"1983a31a\" data-element_type=\"section\">\n\t\t\t\t\t\t<div class=\"elementor-container elementor-column-gap-default\">\n\t\t\t\t\t<div class=\"elementor-column elementor-col-100 elementor-top-column elementor-element elementor-element-1165aaa2\" data-id=\"1165aaa2\" data-element_type=\"column\">\n\t\t\t<div class=\"elementor-widget-wrap elementor-element-populated\">\n\t\t\t\t\t\t<div class=\"elementor-element elementor-element-479a6b7 elementor-widget elementor-widget-heading\" data-id=\"479a6b7\" data-element_type=\"widget\" data-widget_type=\"heading.default\">\n\t\t\t\t<div class=\"elementor-widget-container\">\n\t\t\t\t\t<h1 class=\"elementor-heading-title elementor-size-xl\">Privacy Policy<\/h1>\t\t\t\t<\/div>\n\t\t\t\t<\/div>\n\t\t\t\t<div class=\"elementor-element elementor-element-36dd5014 elementor-widget elementor-widget-text-editor\" data-id=\"36dd5014\" data-element_type=\"widget\" data-widget_type=\"text-editor.default\">\n\t\t\t\t<div class=\"elementor-widget-container\">\n\t\t\t\t\t\t\t\t\t<h3>INTRODUCTION<\/h3>\n<p>At Iberfence, aware of the needs of Internet users and aware of the importance of rigorous privacy of personal information entrusted to us, we include this privacy statement in order for you to be aware of the data processing policy information that you obtain from your visitors and users.<\/p>\n<p>As a user, you accept these conditions by the mere fact of reading, viewing or browsing the site. If you do not accept them, you must leave the site, without making any use of it and its content, and without accessing the linked pages.<\/p>\n<h3 id='responsable'>RESPONSIBLE FOR DATA PROCESSING<\/h3>\n<p>The owner of the site and responsible for data processing is Iberfence SL,, with CIF B74417890, to contact you can use the email address <a href=\"mailto:&#115;%6fci&#97;%6c&#64;i&#98;e&#114;%66&#101;nc&#101;.&#99;o%6d\">social@iberfence.com<\/a>, el tel\u00e9fono 985985351 o correo postal a Chave de ponte 3, c\u00f3digo postal 15280 de Bastavales, A Coru\u00f1a.<\/p>\n<h3 id='finalidad'>PURPOSE OF DATA PROCESSING<\/h3>\n<p>On our websites, there are specific sections where you can enter your data to receive information about updates to our website and some of the programs that are distributed. We assure you that the information you provide us will be managed in a totally confidential manner.<\/p>\n<p>Contact form: Procesamos sus datos y los almacenamos para mantenernos en contacto con ustesd y otras acciones como el env\u00edo de ofertas, actualizaciones sobre nuestros productos, promociones y cualquier otra informaci\u00f3n que consideremos de inter\u00e9s para nuestros clientes.<\/p>\n<p>Newsletter suscription: Los datos incorporados en el formulario de contacto, ser\u00e1n tratados por Iberfence S.L. con domicilio en Espa\u00f1a con la finalidad de filtrar el spam en los mensajes.<\/p>\n<p>The data will be stored as long as there is a forecast of its use for the purpose for which it was collected.<\/p>\n<p>No automated decision-making is carried out with your data.<\/p>\n<p>The website may use cookies, see our <a href=\"https:\/\/iberfence.com\/en\/cookies\/\">Cookies policy<\/a>.<\/p>\n<h3 id='legitimacion'>LEGITIMATION OF DATA PROCESSING<\/h3>\n<p>The use of your data is done because you give us your consent to use the data you provide us in the forms for a specific use that is indicated in each of them. Your data is only necessary for the specific uses for which it is requested, if you do not provide it to us, these services are not possible.<\/p>\n<h3 id='transferencia'>TRANSFERS AND ASSIGNMENTS OF DATA<\/h3>\n<p>There is a firm commitment on our part that the data you provide to Iberfence will not be sold or transferred to third parties without the prior consent of the interested party under any concept or circumstance, except for express consent or legal obligation.<\/p>\n<p>Our website contains links to third party websites. Iberfence is not responsible for the privacy policies and practices of these other sites.<\/p>\n<h3 id='derechos'>RIGHTS OF INTERESTED PARTIES<\/h3>\n<p>You have the right to access the information about you that is stored in our databases, rectify it if there is any error, delete it, limit it, oppose its treatment and withdraw your consent if that is your wish. To do this you simply write an e-mail to the e-mail address <a href=\"mailto:%73&#111;cia%6c&#64;i%62e&#114;fe%6ec&#101;.&#99;%6f&#109;\">social@iberfence.com<\/a> where we will gladly assist you with any query, comment or clarification required in this regard.<\/p>\n<p>For more information on related topics, the reference site in the Spanish Network is the <a href=\"https:\/\/www.agpd.es\/\">Agency of protection of data<\/a>, where you have the right to claim.<\/p>\n\t\t\t\t\t\t\t\t<\/div>\n\t\t\t\t<\/div>\n\t\t\t\t\t<\/div>\n\t\t<\/div>\n\t\t\t\t\t<\/div>\n\t\t<\/section>\n\t\t\t\t<\/div>","protected":false},"excerpt":{"rendered":"<p>Privacy Policy<\/p>","protected":false},"author":4,"featured_media":0,"parent":0,"menu_order":0,"comment_status":"closed","ping_status":"closed","template":"","meta":{"_joinchat":[],"footnotes":""},"class_list":["post-1215","page","type-page","status-publish","hentry"],"_links":{"self":[{"href":"https:\/\/iberfence.com\/en\/wp-json\/wp\/v2\/pages\/1215","targetHints":{"allow":["GET"]}}],"collection":[{"href":"https:\/\/iberfence.com\/en\/wp-json\/wp\/v2\/pages"}],"about":[{"href":"https:\/\/iberfence.com\/en\/wp-json\/wp\/v2\/types\/page"}],"author":[{"embeddable":true,"href":"https:\/\/iberfence.com\/en\/wp-json\/wp\/v2\/users\/4"}],"replies":[{"embeddable":true,"href":"https:\/\/iberfence.com\/en\/wp-json\/wp\/v2\/comments?post=1215"}],"version-history":[{"count":1,"href":"https:\/\/iberfence.com\/en\/wp-json\/wp\/v2\/pages\/1215\/revisions"}],"predecessor-version":[{"id":8801,"href":"https:\/\/iberfence.com\/en\/wp-json\/wp\/v2\/pages\/1215\/revisions\/8801"}],"wp:attachment":[{"href":"https:\/\/iberfence.com\/en\/wp-json\/wp\/v2\/media?parent=1215"}],"curies":[{"name":"wp","href":"https:\/\/api.w.org\/{rel}","templated":true}]}}