{"id":1214,"date":"2022-06-09T13:20:07","date_gmt":"2022-06-09T11:20:07","guid":{"rendered":"https:\/\/iberfence.com\/aviso-legal\/"},"modified":"2026-01-23T14:00:49","modified_gmt":"2026-01-23T12:00:49","slug":"aviso-legal","status":"publish","type":"page","link":"https:\/\/iberfence.com\/en\/aviso-legal\/","title":{"rendered":"Legal warning"},"content":{"rendered":"<div data-elementor-type=\"wp-page\" data-elementor-id=\"1214\" class=\"elementor elementor-1214\" data-elementor-post-type=\"page\">\n\t\t\t\t\t\t<section class=\"elementor-section elementor-top-section elementor-element elementor-element-24db5ce6 elementor-section-boxed elementor-section-height-default elementor-section-height-default\" data-id=\"24db5ce6\" data-element_type=\"section\">\n\t\t\t\t\t\t<div class=\"elementor-container elementor-column-gap-default\">\n\t\t\t\t\t<div class=\"elementor-column elementor-col-100 elementor-top-column elementor-element elementor-element-2e2036e0\" data-id=\"2e2036e0\" data-element_type=\"column\">\n\t\t\t<div class=\"elementor-widget-wrap elementor-element-populated\">\n\t\t\t\t\t\t<div class=\"elementor-element elementor-element-0d19de9 elementor-widget elementor-widget-heading\" data-id=\"0d19de9\" data-element_type=\"widget\" data-widget_type=\"heading.default\">\n\t\t\t\t<div class=\"elementor-widget-container\">\n\t\t\t\t\t<h1 class=\"elementor-heading-title elementor-size-default\">Legal warning<\/h1>\t\t\t\t<\/div>\n\t\t\t\t<\/div>\n\t\t\t\t<div class=\"elementor-element elementor-element-16da8d5d elementor-widget elementor-widget-text-editor\" data-id=\"16da8d5d\" data-element_type=\"widget\" data-widget_type=\"text-editor.default\">\n\t\t\t\t<div class=\"elementor-widget-container\">\n\t\t\t\t\t\t\t\t\t<h3>IDENTIFICATION DATA OF THE OWNER OF THE WEBSITE<\/h3>\n<p>In compliance with the duty of information stipulated in article 10 of Law 34\/2002 of July 11 on Services of the Information Society and Electronic Commerce, <strong><em>Iberfence SL,<\/em><\/strong>, con CIF B74417890, enrolled in the <a href=\"https:\/\/www2.agenciatributaria.gob.es\/viescoes.html\" target=\"_blank\" rel=\"noopener noreferrer\">intra-comunnity operators regisry<\/a> with NIF-IVA ESB74417890, registered in the commercial register of Oviedo, province of Asturias with date 10 de Noviembre de 2016, presentation 9 de Noviembre de 2016, section 8, book A 1, volume 4223, folio 80, sheet AS 50410, protocol 2016, inscription 2267, en adelante <strong>Iberfence<\/strong>, as the owner of the website <strong>iberfence.com<\/strong>, con domicilio en Chave de ponte 3, c\u00f3digo postal 15280 en Bastavales, A Coru\u00f1a, direcci\u00f3n de correo electr\u00f3nico <a href=\"mailto:%73&#111;c%69&#97;%6c&#64;&#105;&#98;&#101;r%66e%6ece%2e%63%6fm\">social@iberfence.com<\/a> y tel\u00e9fono 985985351, procede a comunicarles la presente informaci\u00f3n que conforma y regula las condiciones de uso en esta p\u00e1gina, las limitaciones de responsabilidad y las obligaciones que, los usuarios del sitio web que se publica bajo el nombre de dominio <strong><i>iberfence.com<\/i><\/strong>, assume and undertake to respect.<\/p>\n<h3>TERMS OF USE<\/h3>\n<p>The use of <strong>iberfence.com<\/strong> gives the condition of <strong>User<\/strong> of <strong>iberfence.com<\/strong>, whether a natural or legal person and necessarily implies the complete, full and unreserved acceptance of each and every one of the clauses and general conditions included in the Legal Notice. If he <strong>User<\/strong> If you are not in agreement with the clauses and conditions of use of this Legal Notice, you will refrain from using <strong>iberfence.com<\/strong>. This Legal Notice is subject to changes and updates, so the version published by <strong>Iberfence<\/strong> can be different at each moment when the <strong>User<\/strong> access the Portal. Therefore, the <strong>User<\/strong> You must read the Legal Notice each and every time you access <strong>iberfence.com<\/strong>.<\/p>\n<p>Via <strong>iberfence.com<\/strong>, <strong>Iberfence<\/strong><b> <\/b>facilitates the <strong>User<\/strong> the access and use of various Contents published through the Internet by <strong>Iberfence<\/strong> or by authorized third parties.<\/p>\n<p>The <strong>User<\/strong> is obliged and undertakes to use <strong>iberfence.com<\/strong> and the Contents in accordance with current legislation, the Legal Notice, and any other notice or instructions made known to you, either through this legal notice or in any other place within the Contents that make up <strong>iberfence.com<\/strong>, such as the rules of coexistence, morality and generally accepted good customs. To this end, the <strong>User<\/strong> undertakes and undertakes NOT to use any of the Contents for illicit purposes or effects, prohibited in the Legal Notice or by current legislation, harmful to the rights and interests of third parties, or that in any way may damage, disable, overload, deteriorate or prevent the normal use of the Contents, the computer equipment or the documents, files and all kinds of content stored in any computer equipment owned or contracted by <strong>Iberfence<\/strong>, of other <strong>USERNAME<\/strong> or any Internet user (hardware and software).<\/p>\n<p>The <strong>User<\/strong> undertakes and undertakes not to transmit, disseminate or make available to third parties any kind of material contained in <strong>iberfence.com<\/strong>, such as information, texts, data, content, messages, graphics, drawings, sound and\/or image files, photographs, recordings, software, logos, brands, icons, technology, photographs, software, links, graphic design and source codes , or any other material to which you have access in your capacity as <strong>User<\/strong> of <strong>iberfence.com<\/strong>, without this enumeration being limiting. Also, in accordance with all this, the <strong>User<\/strong> will not be able:<\/p>\n<ul>\n<li>Reproduce, copy, distribute, make available or in any other way publicly communicate, transform or modify the Contents, unless you have the express written authorization of <strong>Iberfence<\/strong>, which is the owner of the corresponding rights, or that this is legally permitted.<\/li>\n<li>Delete, manipulate or in any way alter the &quot;copyright&quot; and other data identifying the reservation of rights of <strong>Iberfence<\/strong> or their owners, fingerprints and\/or digital identifiers, watermarks, or any other technical means established for their recognition.<\/li>\n<\/ul>\n<p>The <strong>User<\/strong> You must refrain from obtaining and even trying to obtain the Contents using means or procedures other than those that, depending on the case, have been made available to you for this purpose or have been indicated for this purpose on the web pages where the Contents are found. Contents or, in general, those that are commonly used on the Internet for this purpose, provided that they do not entail a risk of damage or disablement of <strong>iberfence.com<\/strong>, and\/or the Contents.<\/p>\n<h3>INTELLECTUAL PROPERTY<\/h3>\n<p>All trademarks, trade names or distinctive signs of any kind that appear in <strong>iberfence.com<\/strong> are property of <strong>Iberfence<\/strong> or, as the case may be, of their respective owners, without it being understood that the use or access to the Portal and\/or the Contents attributes to the <strong>User<\/strong> any right over the aforementioned trademarks, trade names and\/or distinctive signs and without being understood as transferred to the <strong>User<\/strong>, none of the exploitation rights that exist or may exist on said Contents. Likewise, the Contents are the intellectual property of <strong>Iberfence<\/strong>, or of third parties as the case may be, therefore, the Intellectual Property rights are owned by <strong>Iberfence<\/strong> or third parties who have authorized their use, to whom corresponds the exclusive exercise of the rights to exploit them in any way and, in particular, the rights of reproduction, distribution, public communication and transformation. The unauthorized use of the information contained in this website, as well as the infringement of the Intellectual or Industrial Property rights of <strong>Iberfence<\/strong> or third parties included in <strong>iberfence.com<\/strong> that have transferred content will give rise to the legally established responsibilities.<\/p>\n<h3>AVAILABILITY OF IBERFENCE.COM<\/h3>\n<p><strong>Iberfence<\/strong> does not guarantee the absence of interruptions or errors in access to <strong>iberfence.com<\/strong>, to its contents, nor that they are updated, although it will make its best efforts to, where appropriate, avoid, correct or update them. Therefore, <strong>Iberfence<\/strong> is not responsible for damages or losses of any kind produced in the <strong>User<\/strong> that bring cause of failures or disconnections in the telecommunications networks that produce the suspension, cancellation or interruption of the portal service during the provision of the same or prior to it.<\/p>\n<p><strong>Iberfence<\/strong> excludes, with the exceptions contemplated in the current legislation, any responsibility for damages of any nature that may be due to the lack of availability, continuity or quality of the operation of <strong>iberfence.com<\/strong> and the Contents, due to non-compliance with the expectation of usefulness that the <strong>USERNAME<\/strong> could have attributed to <strong>iberfence.com<\/strong> and to the Contents.<\/p>\n<p>The function of the hyperlinks that appear on this website is exclusively to inform the <strong>User<\/strong> about the existence of other websites that contain information on the matter. Said Hyperlinks do not constitute any suggestion or recommendation.<\/p>\n<p><strong>Iberfence<\/strong> is not responsible for the contents of said linked pages, the operation or usefulness of the Hyperlinks or the result of said links, nor does it guarantee the absence of viruses or other elements in them that may cause alterations in the computer system (hardware and software). ), documents or files of the <strong>User<\/strong>, excluding any responsibility for damages of any kind caused to the <strong>User<\/strong> for this reason.<\/p>\n<p>access to <strong>iberfence.com<\/strong> does not imply an obligation on the part of <strong>Iberfence<\/strong> to control the absence of viruses, worms or any other harmful computer element. It corresponds to <strong>User<\/strong>, in any case, the availability of adequate tools for the detection and disinfection of harmful computer programs, therefore, <strong>Iberfence<\/strong> is not responsible for possible security errors that may occur during the provision of the service of <strong>iberfence.com<\/strong>, nor of the possible damages that may be caused to the computer system of the <strong>User<\/strong> or third parties (hardware and software), the files or documents stored in it, as a result of the presence of viruses on the user&#039;s computer. <strong>User<\/strong> used for connection to the services and contents of the Web, a malfunction of the browser or the use of non-updated versions of the same.<\/p>\n<p>The provision of the service <strong>iberfence.com<\/strong> and of the Contents has, in principle, indefinite duration. <strong>Iberfence<\/strong>, however, is authorized to terminate or suspend the provision of the service of <strong>iberfence.com<\/strong> and\/or any of the Content at any time. Where this is reasonably possible, <strong>Iberfence<\/strong> will give prior notice of the termination or suspension of <strong>iberfence.com<\/strong>.<\/p>\n<h3>QUALITY OF IBERFENCE.COM<\/h3>\n<p>Given the dynamic and changing environment of the information and services that are provided through <strong>iberfence.com<\/strong>, <strong>Iberfence<\/strong> makes its best effort, but does not guarantee the complete veracity, accuracy, reliability, usefulness and\/or timeliness of the Contents. The information contained in the pages that make up this Portal is only informative, advisory, informative and advertising. In no case do they offer or have the character of a binding or contractual commitment.<\/p>\n<h3>LIMITATION OF LIABILITY<\/h3>\n<p><strong>Iberfence<\/strong> excludes all responsibility for the decisions that the <strong>User<\/strong> may take based on this information, as well as possible typographical errors that may be contained in the documents and graphics of <strong>iberfence.com<\/strong>. The information is subject to possible periodic changes without prior notice of its content due to expansion, improvement, correction or updating of the Contents.<\/p>\n<h3>NOTIFICATIONS<\/h3>\n<p>All notifications and communications by <strong>Iberfence<\/strong> to the <strong>User<\/strong> made by any means will be considered effective for all purposes.<\/p>\n<h3>JURISDICTION<\/h3>\n<p>Para cuantas cuestiones se susciten sobre la interpretaci\u00f3n, aplicaci\u00f3n y cumplimiento de este Aviso Legal, as\u00ed como de las reclamaciones que puedan derivarse de su uso, todas las partes intervinientes se someten a los Jueces y Tribunales de la provincia de A Coru\u00f1a, renunciando de forma expresa a cualquier otro fuero que pudiera corresponderles.<\/p>\n<h3>APPLICABLE LEGISLATION<\/h3>\n<p>This Legal Notice is governed by current Spanish regulations.<\/p>\n\r\n\t\t\t\t\t\t\t\t<\/div>\n\t\t\t\t<\/div>\n\t\t\t\t\t<\/div>\n\t\t<\/div>\n\t\t\t\t\t<\/div>\n\t\t<\/section>\n\t\t\t\t<\/div>","protected":false},"excerpt":{"rendered":"<p>Legal warning<\/p>","protected":false},"author":4,"featured_media":0,"parent":0,"menu_order":0,"comment_status":"closed","ping_status":"closed","template":"","meta":{"_joinchat":[],"footnotes":""},"class_list":["post-1214","page","type-page","status-publish","hentry"],"_links":{"self":[{"href":"https:\/\/iberfence.com\/en\/wp-json\/wp\/v2\/pages\/1214","targetHints":{"allow":["GET"]}}],"collection":[{"href":"https:\/\/iberfence.com\/en\/wp-json\/wp\/v2\/pages"}],"about":[{"href":"https:\/\/iberfence.com\/en\/wp-json\/wp\/v2\/types\/page"}],"author":[{"embeddable":true,"href":"https:\/\/iberfence.com\/en\/wp-json\/wp\/v2\/users\/4"}],"replies":[{"embeddable":true,"href":"https:\/\/iberfence.com\/en\/wp-json\/wp\/v2\/comments?post=1214"}],"version-history":[{"count":2,"href":"https:\/\/iberfence.com\/en\/wp-json\/wp\/v2\/pages\/1214\/revisions"}],"predecessor-version":[{"id":8800,"href":"https:\/\/iberfence.com\/en\/wp-json\/wp\/v2\/pages\/1214\/revisions\/8800"}],"wp:attachment":[{"href":"https:\/\/iberfence.com\/en\/wp-json\/wp\/v2\/media?parent=1214"}],"curies":[{"name":"wp","href":"https:\/\/api.w.org\/{rel}","templated":true}]}}